{"id":10214,"date":"2025-02-17T16:02:07","date_gmt":"2025-02-17T16:02:07","guid":{"rendered":"https:\/\/tayeb.ma\/?post_type=product&#038;p=10214"},"modified":"2025-02-17T16:08:35","modified_gmt":"2025-02-17T16:08:35","slug":"%d8%b9%d8%b3%d9%84-%d8%a7%d9%84%d9%81%d8%b1%d9%86%d8%a7%d9%86","status":"publish","type":"product","link":"https:\/\/www.tayeb.ma\/fr\/produit\/%d8%b9%d8%b3%d9%84-%d8%a7%d9%84%d9%81%d8%b1%d9%86%d8%a7%d9%86\/","title":{"rendered":"\u0639\u0633\u0644 \u0627\u0644\u0641\u0631\u0646\u0627\u0646"},"content":{"rendered":"<p dir=\"rtl\" data-placeholder=\"Traduction\"><span style=\"color: #000000;\">Le romarin est une plante aromatique r\u00e9pandue dans les r\u00e9gions de Figuig, Jerada, Taourirt, Driouch, Guircif et Berkane au Maroc.<br \/>\n<\/span><\/p>\n<p dir=\"rtl\" data-placeholder=\"Traduction\"><span style=\"color: #000000;\">Le romarin est une plante qui a \u00e9t\u00e9 utilis\u00e9 depuis l'antiquit\u00e9 dans la m\u00e9decine traditionnelle, en particulier dans des applications externes, il a \u00e9t\u00e9 d\u00e9couvert qu'il est caract\u00e9ris\u00e9 par ses effets antioxydants.<\/span><\/p>\n<p dir=\"rtl\" data-placeholder=\"Traduction\"><span style=\"color: #000000;\">Comme la plupart des miels monofloraux, le miel de romarin prent une partie importante des propri\u00e9t\u00e9s de la plante d'origine.<\/span><\/p>\n<p><span style=\"color: #000000;\">\u00a0Il est antiseptique et anti-inflammatoire. On croit qu'il est utile pour la toux, l'indigestion, br\u00fblures d'estomac ainsi que l'inflammation et la circulation sanguine.<\/span><\/p>\n<p><span style=\"color: #000000;\">Parmi ses principaux avantages on trouve sa capacit\u00e9 \u00e0 soulager l'indigestion et les probl\u00e8mes d'estomac. En outre, il est utile dans les cas de maladies respiratoires telles que rhume, la toux, la bronchite et la grippe.<\/span><\/p>\n<p><span style=\"color: #000000;\">Il n'est pas seulement b\u00e9n\u00e9fique pour le corps mais aussi b\u00e9n\u00e9fique pour l'esprit. Le miel de romarin est riche en lithium, un \u00e9l\u00e9ment chimique utilis\u00e9 dans la fabrication de m\u00e9dicaments pour traiter des troubles mentaux tels que la d\u00e9pression, il contribue \u00e0 am\u00e9liorer la m\u00e9moire et \u00e0 att\u00e9nuer les cas de d\u00e9mence s\u00e9nile.<\/span><\/p>\n<p><span style=\"color: #000000;\">En outre, le miel de romarin est \u00e9galement bon pour le foie car il permet de maintenir sa sant\u00e9 et de r\u00e9guler les niveaux d'acide urique.<\/span><\/p>\n<p><span style=\"color: #000000;\">En bref, le miel de romarin est un produit naturel qui a beaucoup de bienfaits sur la sant\u00e9 physique et mentale. Il est recommand\u00e9 de prendre un ou deux cuill\u00e8res \u00e0 soupe apr\u00e8s les repas pour profiter de ses propri\u00e9t\u00e9s digestives ou de faire un \u00e9dulcorant.<\/span><\/p>\n<p><span style=\"color: #000000;\"><strong>Origine:<\/strong> <strong>Haut Atlas Oriental <\/strong>\/ Maroc<\/span><\/p>\n<p><span style=\"color: #db4f37;\"><strong>Cristallisation du miel et technique de liqu\u00e9faction<\/strong><\/span><\/p>\n<p><span style=\"color: #000000;\">La cristallisation du miel est un produit naturel et ancienne ph\u00e9nom\u00e8ne li\u00e9 \u00e0 plusieurs facteurs.Ces facteurs sont principalement les composants de miel et les conditions climatiques accompagnant sa pr\u00e9servation.<\/span><\/p>\n<p><span style=\"color: #000000;\">C&#039;est un signe de la qualit\u00e9 du miel et de nos produits ne contiennent pas d&#039;additifs artificiels ou agents de conservation. Et la temp\u00e9rature de miel peut \u00eatre contr\u00f4l\u00e9e en fonction de nos besoins.<\/span><\/p>\n<p><span style=\"color: #000000;\">Afin de liqu\u00e9fier le miel cristallis\u00e9, On peut utiliser la technique de Bain-Marie sans que l'ampleur de la temp\u00e9rature de chauffage ne d\u00e9passe les 40\u00b0 afin de pr\u00e9server les vertus d'origine.<\/span><\/p>\n<p><span style=\"color: #000000;\">Ces informations sont \u00e0 titre indicatif et g\u00e9n\u00e9rales et ne remplacent aucunement une consultation m\u00e9dicale.<\/span><\/p>","protected":false},"excerpt":{"rendered":"<p>\u0639\u0633\u0644 \u0623\u0632\u064a\u0631 \u0625\u0643\u0644\u064a\u0644 \u0627\u0644\u062c\u0628\u0644 \u0645\u0646 \u0645\u0646\u0637\u0642\u0629 <span style=\"font-size: 15px;\">\u0627\u0644\u0623\u0637\u0644\u0633<\/span> \u0627\u0644\u0643\u0628\u064a\u0631 \u0627\u0644\u0634\u0631\u0642\u064a<\/p>","protected":false},"featured_media":7137,"template":"","meta":[],"product_cat":[88,103],"product_tag":[92,93,94,97,98,101,102],"class_list":{"0":"post-10214","1":"product","2":"type-product","3":"status-publish","4":"has-post-thumbnail","6":"product_cat-88","7":"product_cat-103","8":"product_tag-honey","9":"product_tag-maroc","10":"product_tag-miel","11":"product_tag-tayeb","12":"product_tag-98","13":"product_tag-101","14":"product_tag-102","16":"first","17":"instock","18":"shipping-taxable","19":"purchasable","20":"product-type-variable"},"yoast_head":"<!-- This site is optimized with the Yoast SEO plugin v26.4 - https:\/\/yoast.com\/wordpress\/plugins\/seo\/ -->\n<title>\u0639\u0633\u0644 \u0627\u0644\u0641\u0631\u0646\u0627\u0646 - Tayeb<\/title>\n<meta name=\"description\" content=\"\u0639\u0633\u0644 \u0623\u0632\u064a\u0631 \u0625\u0643\u0644\u064a\u0644 \u0627\u0644\u062c\u0628\u0644 \u0645\u0646 \u0627\u0644\u0645\u063a\u0631\u0628 \u0639\u0636\u0648\u064a \u0637\u0628\u064a\u0639\u064a \u0628\u064a\u0648 \u064a\u0628\u0627\u0639 \u0641\u064a \u0637\u0646\u062c\u0629 \u0627\u0644\u062f\u0627\u0631\u0627\u0644\u0628\u064a\u0636\u0627\u0621 \u0627\u0644\u0631\u0628\u0627\u0637.. Miel de \u064dRomarain- azir du Maroc en vente \u00e0 Tanger Casablanca Rabat Honey Morocco..\" \/>\n<meta name=\"robots\" content=\"index, follow, max-snippet:-1, max-image-preview:large, max-video-preview:-1\" \/>\n<link rel=\"canonical\" href=\"https:\/\/www.tayeb.ma\/fr\/produit\/\u0639\u0633\u0644-\u0627\u0644\u0641\u0631\u0646\u0627\u0646\/\" \/>\n<meta property=\"og:locale\" content=\"fr_FR\" \/>\n<meta property=\"og:type\" content=\"article\" \/>\n<meta property=\"og:title\" content=\"\u0639\u0633\u0644 \u0627\u0644\u0641\u0631\u0646\u0627\u0646 - Tayeb\" \/>\n<meta property=\"og:description\" content=\"\u0639\u0633\u0644 \u0623\u0632\u064a\u0631 \u0625\u0643\u0644\u064a\u0644 \u0627\u0644\u062c\u0628\u0644 \u0645\u0646 \u0627\u0644\u0645\u063a\u0631\u0628 \u0639\u0636\u0648\u064a \u0637\u0628\u064a\u0639\u064a \u0628\u064a\u0648 \u064a\u0628\u0627\u0639 \u0641\u064a \u0637\u0646\u062c\u0629 \u0627\u0644\u062f\u0627\u0631\u0627\u0644\u0628\u064a\u0636\u0627\u0621 \u0627\u0644\u0631\u0628\u0627\u0637.. Miel de \u064dRomarain- azir du Maroc en vente \u00e0 Tanger Casablanca Rabat Honey Morocco..\" \/>\n<meta property=\"og:url\" content=\"https:\/\/www.tayeb.ma\/fr\/produit\/\u0639\u0633\u0644-\u0627\u0644\u0641\u0631\u0646\u0627\u0646\/\" \/>\n<meta property=\"og:site_name\" content=\"Tayeb\" \/>\n<meta property=\"article:publisher\" content=\"https:\/\/www.facebook.com\/weTayeb\" \/>\n<meta property=\"article:modified_time\" content=\"2025-02-17T16:08:35+00:00\" \/>\n<meta property=\"og:image\" content=\"https:\/\/www.tayeb.ma\/wp-content\/uploads\/2025\/01\/azir.jpg\" \/>\n\t<meta property=\"og:image:width\" content=\"2068\" \/>\n\t<meta property=\"og:image:height\" content=\"2049\" \/>\n\t<meta property=\"og:image:type\" content=\"image\/jpeg\" \/>\n<meta name=\"twitter:card\" content=\"summary_large_image\" \/>\n<meta name=\"twitter:label1\" content=\"Dur\u00e9e de lecture estim\u00e9e\" \/>\n\t<meta name=\"twitter:data1\" content=\"2 minutes\" \/>\n<script type=\"application\/ld+json\" class=\"yoast-schema-graph\">{\"@context\":\"https:\/\/schema.org\",\"@graph\":[{\"@type\":\"WebPage\",\"@id\":\"https:\/\/www.tayeb.ma\/product\/%d8%b9%d8%b3%d9%84-%d8%a7%d9%84%d9%81%d8%b1%d9%86%d8%a7%d9%86\/\",\"url\":\"https:\/\/www.tayeb.ma\/product\/%d8%b9%d8%b3%d9%84-%d8%a7%d9%84%d9%81%d8%b1%d9%86%d8%a7%d9%86\/\",\"name\":\"\u0639\u0633\u0644 \u0627\u0644\u0641\u0631\u0646\u0627\u0646 - Tayeb\",\"isPartOf\":{\"@id\":\"https:\/\/www.tayeb.ma\/#website\"},\"primaryImageOfPage\":{\"@id\":\"https:\/\/www.tayeb.ma\/product\/%d8%b9%d8%b3%d9%84-%d8%a7%d9%84%d9%81%d8%b1%d9%86%d8%a7%d9%86\/#primaryimage\"},\"image\":{\"@id\":\"https:\/\/www.tayeb.ma\/product\/%d8%b9%d8%b3%d9%84-%d8%a7%d9%84%d9%81%d8%b1%d9%86%d8%a7%d9%86\/#primaryimage\"},\"thumbnailUrl\":\"https:\/\/www.tayeb.ma\/wp-content\/uploads\/2025\/01\/azir.jpg\",\"datePublished\":\"2025-02-17T16:02:07+00:00\",\"dateModified\":\"2025-02-17T16:08:35+00:00\",\"description\":\"\u0639\u0633\u0644 \u0623\u0632\u064a\u0631 \u0625\u0643\u0644\u064a\u0644 \u0627\u0644\u062c\u0628\u0644 \u0645\u0646 \u0627\u0644\u0645\u063a\u0631\u0628 \u0639\u0636\u0648\u064a \u0637\u0628\u064a\u0639\u064a \u0628\u064a\u0648 \u064a\u0628\u0627\u0639 \u0641\u064a \u0637\u0646\u062c\u0629 \u0627\u0644\u062f\u0627\u0631\u0627\u0644\u0628\u064a\u0636\u0627\u0621 \u0627\u0644\u0631\u0628\u0627\u0637.. Miel de \u064dRomarain- azir du Maroc en vente \u00e0 Tanger Casablanca Rabat Honey Morocco..\",\"breadcrumb\":{\"@id\":\"https:\/\/www.tayeb.ma\/product\/%d8%b9%d8%b3%d9%84-%d8%a7%d9%84%d9%81%d8%b1%d9%86%d8%a7%d9%86\/#breadcrumb\"},\"inLanguage\":\"fr-FR\",\"potentialAction\":[{\"@type\":\"ReadAction\",\"target\":[\"https:\/\/www.tayeb.ma\/product\/%d8%b9%d8%b3%d9%84-%d8%a7%d9%84%d9%81%d8%b1%d9%86%d8%a7%d9%86\/\"]}]},{\"@type\":\"ImageObject\",\"inLanguage\":\"fr-FR\",\"@id\":\"https:\/\/www.tayeb.ma\/product\/%d8%b9%d8%b3%d9%84-%d8%a7%d9%84%d9%81%d8%b1%d9%86%d8%a7%d9%86\/#primaryimage\",\"url\":\"https:\/\/www.tayeb.ma\/wp-content\/uploads\/2025\/01\/azir.jpg\",\"contentUrl\":\"https:\/\/www.tayeb.ma\/wp-content\/uploads\/2025\/01\/azir.jpg\",\"width\":2068,\"height\":2049},{\"@type\":\"BreadcrumbList\",\"@id\":\"https:\/\/www.tayeb.ma\/product\/%d8%b9%d8%b3%d9%84-%d8%a7%d9%84%d9%81%d8%b1%d9%86%d8%a7%d9%86\/#breadcrumb\",\"itemListElement\":[{\"@type\":\"ListItem\",\"position\":1,\"name\":\"Home\",\"item\":\"https:\/\/www.tayeb.ma\/\"},{\"@type\":\"ListItem\",\"position\":2,\"name\":\"\u0627\u0644\u0645\u062a\u062c\u0631\",\"item\":\"https:\/\/www.tayeb.ma\/%d8%a7%d9%84%d9%85%d8%aa%d8%ac%d8%b1\/\"},{\"@type\":\"ListItem\",\"position\":3,\"name\":\"\u0639\u0633\u0644 \u0627\u0644\u0641\u0631\u0646\u0627\u0646\"}]},{\"@type\":\"WebSite\",\"@id\":\"https:\/\/www.tayeb.ma\/#website\",\"url\":\"https:\/\/www.tayeb.ma\/\",\"name\":\"Tayeb\",\"description\":\"S\u00e9lection de produits du Terroir du Maroc\",\"publisher\":{\"@id\":\"https:\/\/www.tayeb.ma\/#organization\"},\"potentialAction\":[{\"@type\":\"SearchAction\",\"target\":{\"@type\":\"EntryPoint\",\"urlTemplate\":\"https:\/\/www.tayeb.ma\/?s={search_term_string}\"},\"query-input\":{\"@type\":\"PropertyValueSpecification\",\"valueRequired\":true,\"valueName\":\"search_term_string\"}}],\"inLanguage\":\"fr-FR\"},{\"@type\":\"Organization\",\"@id\":\"https:\/\/www.tayeb.ma\/#organization\",\"name\":\"Tayeb - \u0637\u064e\u064a\u0650\u0651\u0640\u0628\",\"url\":\"https:\/\/www.tayeb.ma\/\",\"logo\":{\"@type\":\"ImageObject\",\"inLanguage\":\"fr-FR\",\"@id\":\"https:\/\/www.tayeb.ma\/#\/schema\/logo\/image\/\",\"url\":\"https:\/\/www.tayeb.ma\/wp-content\/uploads\/2025\/01\/tayeb-logo-01.svg\",\"contentUrl\":\"https:\/\/www.tayeb.ma\/wp-content\/uploads\/2025\/01\/tayeb-logo-01.svg\",\"width\":142,\"height\":69,\"caption\":\"Tayeb - \u0637\u064e\u064a\u0650\u0651\u0640\u0628\"},\"image\":{\"@id\":\"https:\/\/www.tayeb.ma\/#\/schema\/logo\/image\/\"},\"sameAs\":[\"https:\/\/www.facebook.com\/weTayeb\",\"https:\/\/www.instagram.com\/wetayeb\/\"]}]}<\/script>\n<!-- \/ Yoast SEO plugin. -->","yoast_head_json":{"title":"\u0639\u0633\u0644 \u0627\u0644\u0641\u0631\u0646\u0627\u0646 - Tayeb","description":"\u0639\u0633\u0644 \u0623\u0632\u064a\u0631 \u0625\u0643\u0644\u064a\u0644 \u0627\u0644\u062c\u0628\u0644 \u0645\u0646 \u0627\u0644\u0645\u063a\u0631\u0628 \u0639\u0636\u0648\u064a \u0637\u0628\u064a\u0639\u064a \u0628\u064a\u0648 \u064a\u0628\u0627\u0639 \u0641\u064a \u0637\u0646\u062c\u0629 \u0627\u0644\u062f\u0627\u0631\u0627\u0644\u0628\u064a\u0636\u0627\u0621 \u0627\u0644\u0631\u0628\u0627\u0637.. Miel de \u064dRomarain- azir du Maroc en vente \u00e0 Tanger Casablanca Rabat Honey Morocco..","robots":{"index":"index","follow":"follow","max-snippet":"max-snippet:-1","max-image-preview":"max-image-preview:large","max-video-preview":"max-video-preview:-1"},"canonical":"https:\/\/www.tayeb.ma\/fr\/produit\/\u0639\u0633\u0644-\u0627\u0644\u0641\u0631\u0646\u0627\u0646\/","og_locale":"fr_FR","og_type":"article","og_title":"\u0639\u0633\u0644 \u0627\u0644\u0641\u0631\u0646\u0627\u0646 - Tayeb","og_description":"\u0639\u0633\u0644 \u0623\u0632\u064a\u0631 \u0625\u0643\u0644\u064a\u0644 \u0627\u0644\u062c\u0628\u0644 \u0645\u0646 \u0627\u0644\u0645\u063a\u0631\u0628 \u0639\u0636\u0648\u064a \u0637\u0628\u064a\u0639\u064a \u0628\u064a\u0648 \u064a\u0628\u0627\u0639 \u0641\u064a \u0637\u0646\u062c\u0629 \u0627\u0644\u062f\u0627\u0631\u0627\u0644\u0628\u064a\u0636\u0627\u0621 \u0627\u0644\u0631\u0628\u0627\u0637.. Miel de \u064dRomarain- azir du Maroc en vente \u00e0 Tanger Casablanca Rabat Honey Morocco..","og_url":"https:\/\/www.tayeb.ma\/fr\/produit\/\u0639\u0633\u0644-\u0627\u0644\u0641\u0631\u0646\u0627\u0646\/","og_site_name":"Tayeb","article_publisher":"https:\/\/www.facebook.com\/weTayeb","article_modified_time":"2025-02-17T16:08:35+00:00","og_image":[{"width":2068,"height":2049,"url":"https:\/\/www.tayeb.ma\/wp-content\/uploads\/2025\/01\/azir.jpg","type":"image\/jpeg"}],"twitter_card":"summary_large_image","twitter_misc":{"Dur\u00e9e de lecture estim\u00e9e":"2 minutes"},"schema":{"@context":"https:\/\/schema.org","@graph":[{"@type":"WebPage","@id":"https:\/\/www.tayeb.ma\/product\/%d8%b9%d8%b3%d9%84-%d8%a7%d9%84%d9%81%d8%b1%d9%86%d8%a7%d9%86\/","url":"https:\/\/www.tayeb.ma\/product\/%d8%b9%d8%b3%d9%84-%d8%a7%d9%84%d9%81%d8%b1%d9%86%d8%a7%d9%86\/","name":"\u0639\u0633\u0644 \u0627\u0644\u0641\u0631\u0646\u0627\u0646 - Tayeb","isPartOf":{"@id":"https:\/\/www.tayeb.ma\/#website"},"primaryImageOfPage":{"@id":"https:\/\/www.tayeb.ma\/product\/%d8%b9%d8%b3%d9%84-%d8%a7%d9%84%d9%81%d8%b1%d9%86%d8%a7%d9%86\/#primaryimage"},"image":{"@id":"https:\/\/www.tayeb.ma\/product\/%d8%b9%d8%b3%d9%84-%d8%a7%d9%84%d9%81%d8%b1%d9%86%d8%a7%d9%86\/#primaryimage"},"thumbnailUrl":"https:\/\/www.tayeb.ma\/wp-content\/uploads\/2025\/01\/azir.jpg","datePublished":"2025-02-17T16:02:07+00:00","dateModified":"2025-02-17T16:08:35+00:00","description":"\u0639\u0633\u0644 \u0623\u0632\u064a\u0631 \u0625\u0643\u0644\u064a\u0644 \u0627\u0644\u062c\u0628\u0644 \u0645\u0646 \u0627\u0644\u0645\u063a\u0631\u0628 \u0639\u0636\u0648\u064a \u0637\u0628\u064a\u0639\u064a \u0628\u064a\u0648 \u064a\u0628\u0627\u0639 \u0641\u064a \u0637\u0646\u062c\u0629 \u0627\u0644\u062f\u0627\u0631\u0627\u0644\u0628\u064a\u0636\u0627\u0621 \u0627\u0644\u0631\u0628\u0627\u0637.. Miel de \u064dRomarain- azir du Maroc en vente \u00e0 Tanger Casablanca Rabat Honey Morocco..","breadcrumb":{"@id":"https:\/\/www.tayeb.ma\/product\/%d8%b9%d8%b3%d9%84-%d8%a7%d9%84%d9%81%d8%b1%d9%86%d8%a7%d9%86\/#breadcrumb"},"inLanguage":"fr-FR","potentialAction":[{"@type":"ReadAction","target":["https:\/\/www.tayeb.ma\/product\/%d8%b9%d8%b3%d9%84-%d8%a7%d9%84%d9%81%d8%b1%d9%86%d8%a7%d9%86\/"]}]},{"@type":"ImageObject","inLanguage":"fr-FR","@id":"https:\/\/www.tayeb.ma\/product\/%d8%b9%d8%b3%d9%84-%d8%a7%d9%84%d9%81%d8%b1%d9%86%d8%a7%d9%86\/#primaryimage","url":"https:\/\/www.tayeb.ma\/wp-content\/uploads\/2025\/01\/azir.jpg","contentUrl":"https:\/\/www.tayeb.ma\/wp-content\/uploads\/2025\/01\/azir.jpg","width":2068,"height":2049},{"@type":"BreadcrumbList","@id":"https:\/\/www.tayeb.ma\/product\/%d8%b9%d8%b3%d9%84-%d8%a7%d9%84%d9%81%d8%b1%d9%86%d8%a7%d9%86\/#breadcrumb","itemListElement":[{"@type":"ListItem","position":1,"name":"Home","item":"https:\/\/www.tayeb.ma\/"},{"@type":"ListItem","position":2,"name":"\u0627\u0644\u0645\u062a\u062c\u0631","item":"https:\/\/www.tayeb.ma\/%d8%a7%d9%84%d9%85%d8%aa%d8%ac%d8%b1\/"},{"@type":"ListItem","position":3,"name":"\u0639\u0633\u0644 \u0627\u0644\u0641\u0631\u0646\u0627\u0646"}]},{"@type":"WebSite","@id":"https:\/\/www.tayeb.ma\/#website","url":"https:\/\/www.tayeb.ma\/","name":"Tayeb","description":"S\u00e9lection de produits du Terroir du Maroc","publisher":{"@id":"https:\/\/www.tayeb.ma\/#organization"},"potentialAction":[{"@type":"SearchAction","target":{"@type":"EntryPoint","urlTemplate":"https:\/\/www.tayeb.ma\/?s={search_term_string}"},"query-input":{"@type":"PropertyValueSpecification","valueRequired":true,"valueName":"search_term_string"}}],"inLanguage":"fr-FR"},{"@type":"Organization","@id":"https:\/\/www.tayeb.ma\/#organization","name":"Tayeb - \u0637\u064e\u064a\u0650\u0651\u0640\u0628","url":"https:\/\/www.tayeb.ma\/","logo":{"@type":"ImageObject","inLanguage":"fr-FR","@id":"https:\/\/www.tayeb.ma\/#\/schema\/logo\/image\/","url":"https:\/\/www.tayeb.ma\/wp-content\/uploads\/2025\/01\/tayeb-logo-01.svg","contentUrl":"https:\/\/www.tayeb.ma\/wp-content\/uploads\/2025\/01\/tayeb-logo-01.svg","width":142,"height":69,"caption":"Tayeb - \u0637\u064e\u064a\u0650\u0651\u0640\u0628"},"image":{"@id":"https:\/\/www.tayeb.ma\/#\/schema\/logo\/image\/"},"sameAs":["https:\/\/www.facebook.com\/weTayeb","https:\/\/www.instagram.com\/wetayeb\/"]}]}},"_links":{"self":[{"href":"https:\/\/www.tayeb.ma\/fr\/wp-json\/wp\/v2\/product\/10214","targetHints":{"allow":["GET"]}}],"collection":[{"href":"https:\/\/www.tayeb.ma\/fr\/wp-json\/wp\/v2\/product"}],"about":[{"href":"https:\/\/www.tayeb.ma\/fr\/wp-json\/wp\/v2\/types\/product"}],"wp:featuredmedia":[{"embeddable":true,"href":"https:\/\/www.tayeb.ma\/fr\/wp-json\/wp\/v2\/media\/7137"}],"wp:attachment":[{"href":"https:\/\/www.tayeb.ma\/fr\/wp-json\/wp\/v2\/media?parent=10214"}],"wp:term":[{"taxonomy":"product_cat","embeddable":true,"href":"https:\/\/www.tayeb.ma\/fr\/wp-json\/wp\/v2\/product_cat?post=10214"},{"taxonomy":"product_tag","embeddable":true,"href":"https:\/\/www.tayeb.ma\/fr\/wp-json\/wp\/v2\/product_tag?post=10214"}],"curies":[{"name":"wp","href":"https:\/\/api.w.org\/{rel}","templated":true}]}}