{"id":10350,"date":"2025-02-19T16:12:17","date_gmt":"2025-02-19T16:12:17","guid":{"rendered":"https:\/\/tayeb.ma\/?post_type=product&#038;p=10350"},"modified":"2025-02-19T16:17:30","modified_gmt":"2025-02-19T16:17:30","slug":"honeytaste","status":"publish","type":"product","link":"https:\/\/www.tayeb.ma\/fr\/produit\/honeytaste\/","title":{"rendered":"HoneyTaste"},"content":{"rendered":"<div class=\"ecomus-marquee__item em-flex em-flex-align-center elementor-repeater-item-c7842f1\">\n<div class=\"ecomus-marquee__text\">\u0639\u0644\u0628\u0629 \u0627\u0644\u062a\u0630\u0648\u0642 HoneyTaste<\/div>\n<\/div>\n<p dir=\"rtl\" data-placeholder=\"Traduction\">\u062a\u0630\u0648\u0642 \u0648\u0627\u0643\u062a\u0634\u0641 \u0627\u0644\u0639\u0633\u0644 \u0648 \u062a\u0645\u064a\u0632 \u0645\u0646\u062a\u062c\u0627\u062a\u0646\u0627. \u0646\u0642\u062f\u0645 \u0639\u0644\u0628\u0629 \u0645\u062a\u0646\u0648\u0639\u0629 \u0627\u0644\u0625\u062e\u062a\u064a\u0627\u0631\u0627\u062a \u0648 \u0627\u0644\u0645\u0646\u0627\u0641\u0639\u060c<\/p>\n<p id=\"tw-target-text\" class=\"tw-data-text tw-text-large tw-ta\" dir=\"rtl\" data-placeholder=\"Traduction\"><span class=\"Y2IQFc\" lang=\"ar\">\u0628\u0627\u0642\u0629 \u062a\u062a\u0643\u0648\u0646 \u0645\u0646 4 \u0623\u0646\u0648\u0627\u0639 (250\u063a\u0631\u0627\u0645*4): \u0639\u0633\u0644 \u0627\u0644\u0633\u062f\u0631\u0629+\u0639\u0633\u0644 \u0627\u0644\u0628\u0633\u0628\u0627\u0633+\u0639\u0633\u0644 \u0632\u0646\u062a\u0627\u0632+\u0639\u0633\u0644 \u0627\u0644\u0623\u0631\u0632<\/span><\/p>\n<p dir=\"rtl\" data-placeholder=\"Traduction\">\u0645\u0644\u0639\u0642\u0629 \u0639\u0633\u0644 \u062e\u0634\u0628\u064a\u0629 \u0647\u062f\u064a\u0629.<\/p>\n<p><strong>Origine:<\/strong> R\u00e9gion de <strong>\u0627\u0644\u0623\u0637\u0644\u0633 \u0627\u0644\u0643\u0628\u064a\u0631 \u0627\u0644\u0634\u0631\u0642\u064a\u2013 \u062a\u0627\u0641\u064a\u0644\u0627\u0644\u062a\u2013 \u0627\u0644\u0623\u0637\u0644\u0633 \u0627\u0644\u0645\u062a\u0648\u0633\u0637\u00a0 <\/strong>\/ Maroc<\/p>\n<p>&nbsp;<\/p>\n<p><span style=\"color: #db4f37;\"><strong>Cristallisation du miel et technique de liqu\u00e9faction<\/strong><\/span><\/p>\n<p>La cristallisation du miel est un ph\u00e9nom\u00e8ne naturel et ancien li\u00e9 \u00e0 plusieurs facteurs. Ces facteurs sont principalement les composants de miel et les conditions climatiques accompagnant sa pr\u00e9servation. C'est un signe de la qualit\u00e9 du miel et nos produits ne contiennent pas d'additifs artificiels  conservateurs. Il est possible de g\u00e9nrer la temp\u00e9rature de miel en fonction de nos besoins.<\/p>\n<p>Afin de liqu\u00e9fier le miel cristallis\u00e9, On peut utiliser la technique de Bain-Marie sans que l'ampleur de la temp\u00e9rature de chauffage ne d\u00e9passe les 40\u00b0 afin de pr\u00e9server les vertus d'origine.<\/p>\n<p>Ces informations sont \u00e0 titre indicatif et g\u00e9n\u00e9rales et ne remplacent aucunement une consultation m\u00e9dicale.<\/p>\n<p>&nbsp;<\/p>\n<p>&nbsp;<\/p>","protected":false},"excerpt":{"rendered":"<p>Un bouquet de bien des tr\u00e9sors<\/p>","protected":false},"featured_media":7141,"template":"","meta":[],"product_cat":[89,88,108],"product_tag":[92,93,94,97,98,101,102],"class_list":{"0":"post-10350","1":"product","2":"type-product","3":"status-publish","4":"has-post-thumbnail","6":"product_cat-89","7":"product_cat-88","8":"product_cat-108","9":"product_tag-honey","10":"product_tag-maroc","11":"product_tag-miel","12":"product_tag-tayeb","13":"product_tag-98","14":"product_tag-101","15":"product_tag-102","17":"first","18":"instock","19":"shipping-taxable","20":"purchasable","21":"product-type-variable"},"yoast_head":"<!-- This site is optimized with the Yoast SEO plugin v26.4 - https:\/\/yoast.com\/wordpress\/plugins\/seo\/ -->\n<title>HoneyTaste - Tayeb<\/title>\n<meta name=\"description\" content=\"\u0639\u0633\u0644 \u0645\u0646 \u0627\u0644\u0645\u063a\u0631\u0628 \u0639\u0636\u0648\u064a \u0637\u0628\u064a\u0639\u064a \u0628\u064a\u0648 \u064a\u0628\u0627\u0639 \u0641\u064a \u0637\u0646\u062c\u0629 \u0627\u0644\u062f\u0627\u0631\u0627\u0644\u0628\u064a\u0636\u0627\u0621 \u0627\u0644\u0631\u0628\u0627\u0637.. Miel du Maroc en vente \u00e0 Tanger Casablanca Rabat Honey Morocco..\" \/>\n<meta name=\"robots\" content=\"index, follow, max-snippet:-1, max-image-preview:large, max-video-preview:-1\" \/>\n<link rel=\"canonical\" href=\"https:\/\/www.tayeb.ma\/fr\/produit\/honeytaste\/\" \/>\n<meta property=\"og:locale\" content=\"fr_FR\" \/>\n<meta property=\"og:type\" content=\"article\" \/>\n<meta property=\"og:title\" content=\"HoneyTaste - Tayeb\" \/>\n<meta property=\"og:description\" content=\"\u0639\u0633\u0644 \u0645\u0646 \u0627\u0644\u0645\u063a\u0631\u0628 \u0639\u0636\u0648\u064a \u0637\u0628\u064a\u0639\u064a \u0628\u064a\u0648 \u064a\u0628\u0627\u0639 \u0641\u064a \u0637\u0646\u062c\u0629 \u0627\u0644\u062f\u0627\u0631\u0627\u0644\u0628\u064a\u0636\u0627\u0621 \u0627\u0644\u0631\u0628\u0627\u0637.. Miel du Maroc en vente \u00e0 Tanger Casablanca Rabat Honey Morocco..\" \/>\n<meta property=\"og:url\" content=\"https:\/\/www.tayeb.ma\/fr\/produit\/honeytaste\/\" \/>\n<meta property=\"og:site_name\" content=\"Tayeb\" \/>\n<meta property=\"article:publisher\" content=\"https:\/\/www.facebook.com\/weTayeb\" \/>\n<meta property=\"article:modified_time\" content=\"2025-02-19T16:17:30+00:00\" \/>\n<meta property=\"og:image\" content=\"https:\/\/www.tayeb.ma\/wp-content\/uploads\/2025\/01\/konouz4-02.png\" \/>\n\t<meta property=\"og:image:width\" content=\"1643\" \/>\n\t<meta property=\"og:image:height\" content=\"1772\" \/>\n\t<meta property=\"og:image:type\" content=\"image\/png\" \/>\n<meta name=\"twitter:card\" content=\"summary_large_image\" \/>\n<meta name=\"twitter:label1\" content=\"Dur\u00e9e de lecture estim\u00e9e\" \/>\n\t<meta name=\"twitter:data1\" content=\"1 minute\" \/>\n<script type=\"application\/ld+json\" class=\"yoast-schema-graph\">{\"@context\":\"https:\/\/schema.org\",\"@graph\":[{\"@type\":\"WebPage\",\"@id\":\"https:\/\/www.tayeb.ma\/product\/honeytaste\/\",\"url\":\"https:\/\/www.tayeb.ma\/product\/honeytaste\/\",\"name\":\"HoneyTaste - Tayeb\",\"isPartOf\":{\"@id\":\"https:\/\/www.tayeb.ma\/#website\"},\"primaryImageOfPage\":{\"@id\":\"https:\/\/www.tayeb.ma\/product\/honeytaste\/#primaryimage\"},\"image\":{\"@id\":\"https:\/\/www.tayeb.ma\/product\/honeytaste\/#primaryimage\"},\"thumbnailUrl\":\"https:\/\/www.tayeb.ma\/wp-content\/uploads\/2025\/01\/konouz4-02.png\",\"datePublished\":\"2025-02-19T16:12:17+00:00\",\"dateModified\":\"2025-02-19T16:17:30+00:00\",\"description\":\"\u0639\u0633\u0644 \u0645\u0646 \u0627\u0644\u0645\u063a\u0631\u0628 \u0639\u0636\u0648\u064a \u0637\u0628\u064a\u0639\u064a \u0628\u064a\u0648 \u064a\u0628\u0627\u0639 \u0641\u064a \u0637\u0646\u062c\u0629 \u0627\u0644\u062f\u0627\u0631\u0627\u0644\u0628\u064a\u0636\u0627\u0621 \u0627\u0644\u0631\u0628\u0627\u0637.. Miel du Maroc en vente \u00e0 Tanger Casablanca Rabat Honey Morocco..\",\"breadcrumb\":{\"@id\":\"https:\/\/www.tayeb.ma\/product\/honeytaste\/#breadcrumb\"},\"inLanguage\":\"fr-FR\",\"potentialAction\":[{\"@type\":\"ReadAction\",\"target\":[\"https:\/\/www.tayeb.ma\/product\/honeytaste\/\"]}]},{\"@type\":\"ImageObject\",\"inLanguage\":\"fr-FR\",\"@id\":\"https:\/\/www.tayeb.ma\/product\/honeytaste\/#primaryimage\",\"url\":\"https:\/\/www.tayeb.ma\/wp-content\/uploads\/2025\/01\/konouz4-02.png\",\"contentUrl\":\"https:\/\/www.tayeb.ma\/wp-content\/uploads\/2025\/01\/konouz4-02.png\",\"width\":1643,\"height\":1772},{\"@type\":\"BreadcrumbList\",\"@id\":\"https:\/\/www.tayeb.ma\/product\/honeytaste\/#breadcrumb\",\"itemListElement\":[{\"@type\":\"ListItem\",\"position\":1,\"name\":\"Home\",\"item\":\"https:\/\/www.tayeb.ma\/\"},{\"@type\":\"ListItem\",\"position\":2,\"name\":\"\u0627\u0644\u0645\u062a\u062c\u0631\",\"item\":\"https:\/\/www.tayeb.ma\/%d8%a7%d9%84%d9%85%d8%aa%d8%ac%d8%b1\/\"},{\"@type\":\"ListItem\",\"position\":3,\"name\":\"HoneyTaste\"}]},{\"@type\":\"WebSite\",\"@id\":\"https:\/\/www.tayeb.ma\/#website\",\"url\":\"https:\/\/www.tayeb.ma\/\",\"name\":\"Tayeb\",\"description\":\"S\u00e9lection de produits du Terroir du Maroc\",\"publisher\":{\"@id\":\"https:\/\/www.tayeb.ma\/#organization\"},\"potentialAction\":[{\"@type\":\"SearchAction\",\"target\":{\"@type\":\"EntryPoint\",\"urlTemplate\":\"https:\/\/www.tayeb.ma\/?s={search_term_string}\"},\"query-input\":{\"@type\":\"PropertyValueSpecification\",\"valueRequired\":true,\"valueName\":\"search_term_string\"}}],\"inLanguage\":\"fr-FR\"},{\"@type\":\"Organization\",\"@id\":\"https:\/\/www.tayeb.ma\/#organization\",\"name\":\"Tayeb - \u0637\u064e\u064a\u0650\u0651\u0640\u0628\",\"url\":\"https:\/\/www.tayeb.ma\/\",\"logo\":{\"@type\":\"ImageObject\",\"inLanguage\":\"fr-FR\",\"@id\":\"https:\/\/www.tayeb.ma\/#\/schema\/logo\/image\/\",\"url\":\"https:\/\/www.tayeb.ma\/wp-content\/uploads\/2025\/01\/tayeb-logo-01.svg\",\"contentUrl\":\"https:\/\/www.tayeb.ma\/wp-content\/uploads\/2025\/01\/tayeb-logo-01.svg\",\"width\":142,\"height\":69,\"caption\":\"Tayeb - \u0637\u064e\u064a\u0650\u0651\u0640\u0628\"},\"image\":{\"@id\":\"https:\/\/www.tayeb.ma\/#\/schema\/logo\/image\/\"},\"sameAs\":[\"https:\/\/www.facebook.com\/weTayeb\",\"https:\/\/www.instagram.com\/wetayeb\/\"]}]}<\/script>\n<!-- \/ Yoast SEO plugin. -->","yoast_head_json":{"title":"HoneyTaste - Tayeb","description":"\u0639\u0633\u0644 \u0645\u0646 \u0627\u0644\u0645\u063a\u0631\u0628 \u0639\u0636\u0648\u064a \u0637\u0628\u064a\u0639\u064a \u0628\u064a\u0648 \u064a\u0628\u0627\u0639 \u0641\u064a \u0637\u0646\u062c\u0629 \u0627\u0644\u062f\u0627\u0631\u0627\u0644\u0628\u064a\u0636\u0627\u0621 \u0627\u0644\u0631\u0628\u0627\u0637.. Miel du Maroc en vente \u00e0 Tanger Casablanca Rabat Honey Morocco..","robots":{"index":"index","follow":"follow","max-snippet":"max-snippet:-1","max-image-preview":"max-image-preview:large","max-video-preview":"max-video-preview:-1"},"canonical":"https:\/\/www.tayeb.ma\/fr\/produit\/honeytaste\/","og_locale":"fr_FR","og_type":"article","og_title":"HoneyTaste - Tayeb","og_description":"\u0639\u0633\u0644 \u0645\u0646 \u0627\u0644\u0645\u063a\u0631\u0628 \u0639\u0636\u0648\u064a \u0637\u0628\u064a\u0639\u064a \u0628\u064a\u0648 \u064a\u0628\u0627\u0639 \u0641\u064a \u0637\u0646\u062c\u0629 \u0627\u0644\u062f\u0627\u0631\u0627\u0644\u0628\u064a\u0636\u0627\u0621 \u0627\u0644\u0631\u0628\u0627\u0637.. Miel du Maroc en vente \u00e0 Tanger Casablanca Rabat Honey Morocco..","og_url":"https:\/\/www.tayeb.ma\/fr\/produit\/honeytaste\/","og_site_name":"Tayeb","article_publisher":"https:\/\/www.facebook.com\/weTayeb","article_modified_time":"2025-02-19T16:17:30+00:00","og_image":[{"width":1643,"height":1772,"url":"https:\/\/www.tayeb.ma\/wp-content\/uploads\/2025\/01\/konouz4-02.png","type":"image\/png"}],"twitter_card":"summary_large_image","twitter_misc":{"Dur\u00e9e de lecture estim\u00e9e":"1 minute"},"schema":{"@context":"https:\/\/schema.org","@graph":[{"@type":"WebPage","@id":"https:\/\/www.tayeb.ma\/product\/honeytaste\/","url":"https:\/\/www.tayeb.ma\/product\/honeytaste\/","name":"HoneyTaste - Tayeb","isPartOf":{"@id":"https:\/\/www.tayeb.ma\/#website"},"primaryImageOfPage":{"@id":"https:\/\/www.tayeb.ma\/product\/honeytaste\/#primaryimage"},"image":{"@id":"https:\/\/www.tayeb.ma\/product\/honeytaste\/#primaryimage"},"thumbnailUrl":"https:\/\/www.tayeb.ma\/wp-content\/uploads\/2025\/01\/konouz4-02.png","datePublished":"2025-02-19T16:12:17+00:00","dateModified":"2025-02-19T16:17:30+00:00","description":"\u0639\u0633\u0644 \u0645\u0646 \u0627\u0644\u0645\u063a\u0631\u0628 \u0639\u0636\u0648\u064a \u0637\u0628\u064a\u0639\u064a \u0628\u064a\u0648 \u064a\u0628\u0627\u0639 \u0641\u064a \u0637\u0646\u062c\u0629 \u0627\u0644\u062f\u0627\u0631\u0627\u0644\u0628\u064a\u0636\u0627\u0621 \u0627\u0644\u0631\u0628\u0627\u0637.. Miel du Maroc en vente \u00e0 Tanger Casablanca Rabat Honey Morocco..","breadcrumb":{"@id":"https:\/\/www.tayeb.ma\/product\/honeytaste\/#breadcrumb"},"inLanguage":"fr-FR","potentialAction":[{"@type":"ReadAction","target":["https:\/\/www.tayeb.ma\/product\/honeytaste\/"]}]},{"@type":"ImageObject","inLanguage":"fr-FR","@id":"https:\/\/www.tayeb.ma\/product\/honeytaste\/#primaryimage","url":"https:\/\/www.tayeb.ma\/wp-content\/uploads\/2025\/01\/konouz4-02.png","contentUrl":"https:\/\/www.tayeb.ma\/wp-content\/uploads\/2025\/01\/konouz4-02.png","width":1643,"height":1772},{"@type":"BreadcrumbList","@id":"https:\/\/www.tayeb.ma\/product\/honeytaste\/#breadcrumb","itemListElement":[{"@type":"ListItem","position":1,"name":"Home","item":"https:\/\/www.tayeb.ma\/"},{"@type":"ListItem","position":2,"name":"\u0627\u0644\u0645\u062a\u062c\u0631","item":"https:\/\/www.tayeb.ma\/%d8%a7%d9%84%d9%85%d8%aa%d8%ac%d8%b1\/"},{"@type":"ListItem","position":3,"name":"HoneyTaste"}]},{"@type":"WebSite","@id":"https:\/\/www.tayeb.ma\/#website","url":"https:\/\/www.tayeb.ma\/","name":"Tayeb","description":"S\u00e9lection de produits du Terroir du Maroc","publisher":{"@id":"https:\/\/www.tayeb.ma\/#organization"},"potentialAction":[{"@type":"SearchAction","target":{"@type":"EntryPoint","urlTemplate":"https:\/\/www.tayeb.ma\/?s={search_term_string}"},"query-input":{"@type":"PropertyValueSpecification","valueRequired":true,"valueName":"search_term_string"}}],"inLanguage":"fr-FR"},{"@type":"Organization","@id":"https:\/\/www.tayeb.ma\/#organization","name":"Tayeb - \u0637\u064e\u064a\u0650\u0651\u0640\u0628","url":"https:\/\/www.tayeb.ma\/","logo":{"@type":"ImageObject","inLanguage":"fr-FR","@id":"https:\/\/www.tayeb.ma\/#\/schema\/logo\/image\/","url":"https:\/\/www.tayeb.ma\/wp-content\/uploads\/2025\/01\/tayeb-logo-01.svg","contentUrl":"https:\/\/www.tayeb.ma\/wp-content\/uploads\/2025\/01\/tayeb-logo-01.svg","width":142,"height":69,"caption":"Tayeb - \u0637\u064e\u064a\u0650\u0651\u0640\u0628"},"image":{"@id":"https:\/\/www.tayeb.ma\/#\/schema\/logo\/image\/"},"sameAs":["https:\/\/www.facebook.com\/weTayeb","https:\/\/www.instagram.com\/wetayeb\/"]}]}},"_links":{"self":[{"href":"https:\/\/www.tayeb.ma\/fr\/wp-json\/wp\/v2\/product\/10350","targetHints":{"allow":["GET"]}}],"collection":[{"href":"https:\/\/www.tayeb.ma\/fr\/wp-json\/wp\/v2\/product"}],"about":[{"href":"https:\/\/www.tayeb.ma\/fr\/wp-json\/wp\/v2\/types\/product"}],"wp:featuredmedia":[{"embeddable":true,"href":"https:\/\/www.tayeb.ma\/fr\/wp-json\/wp\/v2\/media\/7141"}],"wp:attachment":[{"href":"https:\/\/www.tayeb.ma\/fr\/wp-json\/wp\/v2\/media?parent=10350"}],"wp:term":[{"taxonomy":"product_cat","embeddable":true,"href":"https:\/\/www.tayeb.ma\/fr\/wp-json\/wp\/v2\/product_cat?post=10350"},{"taxonomy":"product_tag","embeddable":true,"href":"https:\/\/www.tayeb.ma\/fr\/wp-json\/wp\/v2\/product_tag?post=10350"}],"curies":[{"name":"wp","href":"https:\/\/api.w.org\/{rel}","templated":true}]}}