{"id":7085,"date":"2025-01-12T23:42:54","date_gmt":"2025-01-12T23:42:54","guid":{"rendered":"https:\/\/tayeb.ma\/?post_type=product&#038;p=7085"},"modified":"2025-02-19T13:10:36","modified_gmt":"2025-02-19T13:10:36","slug":"%d8%b9%d8%b3%d9%84-%d8%a7%d9%84%d8%af%d8%ba%d9%85%d9%88%d8%b3","status":"publish","type":"product","link":"https:\/\/www.tayeb.ma\/fr\/produit\/%d8%b9%d8%b3%d9%84-%d8%a7%d9%84%d8%af%d8%ba%d9%85%d9%88%d8%b3\/","title":{"rendered":"Miel d\u2019Euphorbe- Daghmous"},"content":{"rendered":"<p><span style=\"color: #000000;\">Le Miel d\u2019Euphorbe- Daghmous est connu pour ses propri\u00e9t\u00e9s m\u00e9dicinales. Il a une saveur qui r\u00e9chauffe instantan\u00e9ment la gorge et se caract\u00e9rise par un rapport naturel au go\u00fbt \u00e9pic\u00e9.<\/span><\/p>\n<p><span style=\"color: #000000;\"> Il est connu que cette unique miel renforce le syst\u00e8me immunitaire, soulage les sympt\u00f4mes li\u00e9s \u00e0 la grippe et am\u00e9liore \u00e9galement la circulation sanguine.<\/span><\/p>\n<p><span style=\"color: #000000;\">Riche en antioxydants et des propri\u00e9t\u00e9s anti-inflammatoires, le Miel d\u2019Euphorbe- Daghmous \u00e9t\u00e9 utilis\u00e9 pendant des si\u00e8cles dans la tradition marocaine comme rem\u00e8des contre les maux de gorge, les maladies cardiovasculaires, l'asthme allergique, les probl\u00e8mes digestifs et des probl\u00e8mes d'infertilit\u00e9.<\/span><\/p>\n<p><span style=\"color: #000000;\">Parmi ses principaux avantages on trouve:<\/span><\/p>\n<ul>\n<li><span style=\"color: #000000;\">Aider \u00e0 renforcer le syst\u00e8me immunitaire: id\u00e9al pour aider \u00e0 pr\u00e9venir les maladies saisonni\u00e8res.<\/span><\/li>\n<li><span style=\"color: #000000;\">Soutien respiratoire: un soutien utile contre l&#039;asthme, les rhumes, les bronchites.<\/span><\/li>\n<li><span style=\"color: #000000;\">Energie naturelle: excellent pour aider \u00e0 revitaliser le corps dans la lutte contre la fatigue.<\/span><\/li>\n<li><span style=\"color: #000000;\">Cicatrisation des plaies: dans son application topique, il peut aider \u00e0 gu\u00e9rir les plaies et les maladies de la peau.<\/span><\/li>\n<\/ul>\n<p><span style=\"color: #000000;\">Riche en antioxydants et en min\u00e9raux, le Miel d\u2019Euphorbe- Daghmous est connu pour ses propri\u00e9t\u00e9s anti-inflammatoires, ses propri\u00e9t\u00e9s antivirales et antibact\u00e9riennes.<\/span><\/p>\n<p><span style=\"color: #000000;\"><strong>Origine:<\/strong> <strong>Souss- Sidi Ifni<\/strong> \/ Maroc<\/span><\/p>\n<p><span style=\"color: #db4f37;\"><strong>Cristallisation du miel et technique de liqu\u00e9faction<\/strong><\/span><\/p>\n<p><span style=\"color: #000000;\">La cristallisation du miel est un ph\u00e9nom\u00e8ne naturel et ancien li\u00e9 \u00e0 plusieurs facteurs. Ces facteurs sont principalement les composants de miel et les conditions climatiques accompagnant sa pr\u00e9servation. C'est un signe de la qualit\u00e9 du miel et nos produits ne contiennent pas d'additifs artificiels  conservateurs. Il est possible de g\u00e9nrer la temp\u00e9rature de miel en fonction de nos besoins.<\/span><\/p>\n<p><span style=\"color: #000000;\">Afin de liqu\u00e9fier le miel cristallis\u00e9, On peut utiliser la technique de Bain-Marie sans que l'ampleur de la temp\u00e9rature de chauffage ne d\u00e9passe les 40\u00b0 afin de pr\u00e9server les vertus d'origine.<\/span><\/p>\n<p><span style=\"color: #000000;\">Ces informations sont \u00e0 titre indicatif et g\u00e9n\u00e9rales et ne remplacent aucunement une consultation m\u00e9dicale.<\/span><\/p>","protected":false},"excerpt":{"rendered":"<p>\u0639\u0633\u0644 \u0627\u0644\u062f\u063a\u0645\u0648\u0633 \u0645\u0646 \u0645\u0646\u0637\u0642\u0629 \u0633\u0648\u0633 \u2013 \u0633\u064a\u062f\u064a \u0625\u0641\u0646\u064a<\/p>","protected":false},"featured_media":10234,"template":"","meta":[],"product_cat":[89,88,90],"product_tag":[91,92,93,94,95,96,97,98,99,100,101,102],"class_list":{"0":"post-7085","1":"product","2":"type-product","3":"status-publish","4":"has-post-thumbnail","6":"product_cat-89","7":"product_cat-88","8":"product_cat-90","9":"product_tag-bio","10":"product_tag-honey","11":"product_tag-maroc","12":"product_tag-miel","13":"product_tag-naturel","14":"product_tag-organic","15":"product_tag-tayeb","16":"product_tag-98","17":"product_tag-99","18":"product_tag-100","19":"product_tag-101","20":"product_tag-102","22":"first","23":"instock","24":"shipping-taxable","25":"purchasable","26":"product-type-variable"},"yoast_head":"<!-- This site is optimized with the Yoast SEO plugin v26.4 - https:\/\/yoast.com\/wordpress\/plugins\/seo\/ -->\n<title>\u0639\u0633\u0644 \u0627\u0644\u062f\u063a\u0645\u0648\u0633 - Tayeb<\/title>\n<meta name=\"description\" content=\"\u0639\u0633\u0644 \u0627\u0644\u062f\u063a\u0645\u0648\u0633 \u0645\u0646 \u0627\u0644\u0645\u063a\u0631\u0628 \u0639\u0636\u0648\u064a \u0637\u0628\u064a\u0639\u064a \u0628\u064a\u0648 \u064a\u0628\u0627\u0639 \u0641\u064a \u0637\u0646\u062c\u0629 \u0627\u0644\u062f\u0627\u0631\u0627\u0644\u0628\u064a\u0636\u0627\u0621 \u0627\u0644\u0631\u0628\u0627\u0637.. Miel Euphorbe Daghmous du Maroc en vente \u00e0 Tanger Casablanca Rabat Honey Morocco..\" \/>\n<meta name=\"robots\" content=\"index, follow, max-snippet:-1, max-image-preview:large, max-video-preview:-1\" \/>\n<link rel=\"canonical\" href=\"https:\/\/www.tayeb.ma\/fr\/produit\/\u0639\u0633\u0644-\u0627\u0644\u062f\u063a\u0645\u0648\u0633\/\" \/>\n<meta property=\"og:locale\" content=\"fr_FR\" \/>\n<meta property=\"og:type\" content=\"article\" \/>\n<meta property=\"og:title\" content=\"\u0639\u0633\u0644 \u0627\u0644\u062f\u063a\u0645\u0648\u0633 - Tayeb\" \/>\n<meta property=\"og:description\" content=\"\u0639\u0633\u0644 \u0627\u0644\u062f\u063a\u0645\u0648\u0633 \u0645\u0646 \u0627\u0644\u0645\u063a\u0631\u0628 \u0639\u0636\u0648\u064a \u0637\u0628\u064a\u0639\u064a \u0628\u064a\u0648 \u064a\u0628\u0627\u0639 \u0641\u064a \u0637\u0646\u062c\u0629 \u0627\u0644\u062f\u0627\u0631\u0627\u0644\u0628\u064a\u0636\u0627\u0621 \u0627\u0644\u0631\u0628\u0627\u0637.. Miel Euphorbe Daghmous du Maroc en vente \u00e0 Tanger Casablanca Rabat Honey Morocco..\" \/>\n<meta property=\"og:url\" content=\"https:\/\/www.tayeb.ma\/fr\/produit\/\u0639\u0633\u0644-\u0627\u0644\u062f\u063a\u0645\u0648\u0633\/\" \/>\n<meta property=\"og:site_name\" content=\"Tayeb\" \/>\n<meta property=\"article:publisher\" content=\"https:\/\/www.facebook.com\/weTayeb\" \/>\n<meta property=\"article:modified_time\" content=\"2025-02-19T13:10:36+00:00\" \/>\n<meta property=\"og:image\" content=\"https:\/\/www.tayeb.ma\/wp-content\/uploads\/2025\/01\/ZA1GAF2l-scaled.jpg\" \/>\n\t<meta property=\"og:image:width\" content=\"2560\" \/>\n\t<meta property=\"og:image:height\" content=\"2223\" \/>\n\t<meta property=\"og:image:type\" content=\"image\/jpeg\" \/>\n<meta name=\"twitter:card\" content=\"summary_large_image\" \/>\n<meta name=\"twitter:label1\" content=\"Dur\u00e9e de lecture estim\u00e9e\" \/>\n\t<meta name=\"twitter:data1\" content=\"2 minutes\" \/>\n<script type=\"application\/ld+json\" class=\"yoast-schema-graph\">{\"@context\":\"https:\/\/schema.org\",\"@graph\":[{\"@type\":\"WebPage\",\"@id\":\"https:\/\/www.tayeb.ma\/product\/%d8%b9%d8%b3%d9%84-%d8%a7%d9%84%d8%af%d8%ba%d9%85%d9%88%d8%b3\/\",\"url\":\"https:\/\/www.tayeb.ma\/product\/%d8%b9%d8%b3%d9%84-%d8%a7%d9%84%d8%af%d8%ba%d9%85%d9%88%d8%b3\/\",\"name\":\"\u0639\u0633\u0644 \u0627\u0644\u062f\u063a\u0645\u0648\u0633 - Tayeb\",\"isPartOf\":{\"@id\":\"https:\/\/www.tayeb.ma\/#website\"},\"primaryImageOfPage\":{\"@id\":\"https:\/\/www.tayeb.ma\/product\/%d8%b9%d8%b3%d9%84-%d8%a7%d9%84%d8%af%d8%ba%d9%85%d9%88%d8%b3\/#primaryimage\"},\"image\":{\"@id\":\"https:\/\/www.tayeb.ma\/product\/%d8%b9%d8%b3%d9%84-%d8%a7%d9%84%d8%af%d8%ba%d9%85%d9%88%d8%b3\/#primaryimage\"},\"thumbnailUrl\":\"https:\/\/www.tayeb.ma\/wp-content\/uploads\/2025\/01\/ZA1GAF2l-scaled.jpg\",\"datePublished\":\"2025-01-12T23:42:54+00:00\",\"dateModified\":\"2025-02-19T13:10:36+00:00\",\"description\":\"\u0639\u0633\u0644 \u0627\u0644\u062f\u063a\u0645\u0648\u0633 \u0645\u0646 \u0627\u0644\u0645\u063a\u0631\u0628 \u0639\u0636\u0648\u064a \u0637\u0628\u064a\u0639\u064a \u0628\u064a\u0648 \u064a\u0628\u0627\u0639 \u0641\u064a \u0637\u0646\u062c\u0629 \u0627\u0644\u062f\u0627\u0631\u0627\u0644\u0628\u064a\u0636\u0627\u0621 \u0627\u0644\u0631\u0628\u0627\u0637.. Miel Euphorbe Daghmous du Maroc en vente \u00e0 Tanger Casablanca Rabat Honey Morocco..\",\"breadcrumb\":{\"@id\":\"https:\/\/www.tayeb.ma\/product\/%d8%b9%d8%b3%d9%84-%d8%a7%d9%84%d8%af%d8%ba%d9%85%d9%88%d8%b3\/#breadcrumb\"},\"inLanguage\":\"fr-FR\",\"potentialAction\":[{\"@type\":\"ReadAction\",\"target\":[\"https:\/\/www.tayeb.ma\/product\/%d8%b9%d8%b3%d9%84-%d8%a7%d9%84%d8%af%d8%ba%d9%85%d9%88%d8%b3\/\"]}]},{\"@type\":\"ImageObject\",\"inLanguage\":\"fr-FR\",\"@id\":\"https:\/\/www.tayeb.ma\/product\/%d8%b9%d8%b3%d9%84-%d8%a7%d9%84%d8%af%d8%ba%d9%85%d9%88%d8%b3\/#primaryimage\",\"url\":\"https:\/\/www.tayeb.ma\/wp-content\/uploads\/2025\/01\/ZA1GAF2l-scaled.jpg\",\"contentUrl\":\"https:\/\/www.tayeb.ma\/wp-content\/uploads\/2025\/01\/ZA1GAF2l-scaled.jpg\",\"width\":2560,\"height\":2223},{\"@type\":\"BreadcrumbList\",\"@id\":\"https:\/\/www.tayeb.ma\/product\/%d8%b9%d8%b3%d9%84-%d8%a7%d9%84%d8%af%d8%ba%d9%85%d9%88%d8%b3\/#breadcrumb\",\"itemListElement\":[{\"@type\":\"ListItem\",\"position\":1,\"name\":\"Home\",\"item\":\"https:\/\/www.tayeb.ma\/\"},{\"@type\":\"ListItem\",\"position\":2,\"name\":\"\u0627\u0644\u0645\u062a\u062c\u0631\",\"item\":\"https:\/\/www.tayeb.ma\/%d8%a7%d9%84%d9%85%d8%aa%d8%ac%d8%b1\/\"},{\"@type\":\"ListItem\",\"position\":3,\"name\":\"\u0639\u0633\u0644 \u0627\u0644\u062f\u063a\u0645\u0648\u0633\"}]},{\"@type\":\"WebSite\",\"@id\":\"https:\/\/www.tayeb.ma\/#website\",\"url\":\"https:\/\/www.tayeb.ma\/\",\"name\":\"Tayeb\",\"description\":\"S\u00e9lection de produits du Terroir du Maroc\",\"publisher\":{\"@id\":\"https:\/\/www.tayeb.ma\/#organization\"},\"potentialAction\":[{\"@type\":\"SearchAction\",\"target\":{\"@type\":\"EntryPoint\",\"urlTemplate\":\"https:\/\/www.tayeb.ma\/?s={search_term_string}\"},\"query-input\":{\"@type\":\"PropertyValueSpecification\",\"valueRequired\":true,\"valueName\":\"search_term_string\"}}],\"inLanguage\":\"fr-FR\"},{\"@type\":\"Organization\",\"@id\":\"https:\/\/www.tayeb.ma\/#organization\",\"name\":\"Tayeb - \u0637\u064e\u064a\u0650\u0651\u0640\u0628\",\"url\":\"https:\/\/www.tayeb.ma\/\",\"logo\":{\"@type\":\"ImageObject\",\"inLanguage\":\"fr-FR\",\"@id\":\"https:\/\/www.tayeb.ma\/#\/schema\/logo\/image\/\",\"url\":\"https:\/\/www.tayeb.ma\/wp-content\/uploads\/2025\/01\/tayeb-logo-01.svg\",\"contentUrl\":\"https:\/\/www.tayeb.ma\/wp-content\/uploads\/2025\/01\/tayeb-logo-01.svg\",\"width\":142,\"height\":69,\"caption\":\"Tayeb - \u0637\u064e\u064a\u0650\u0651\u0640\u0628\"},\"image\":{\"@id\":\"https:\/\/www.tayeb.ma\/#\/schema\/logo\/image\/\"},\"sameAs\":[\"https:\/\/www.facebook.com\/weTayeb\",\"https:\/\/www.instagram.com\/wetayeb\/\"]}]}<\/script>\n<!-- \/ Yoast SEO plugin. -->","yoast_head_json":{"title":"\u0639\u0633\u0644 \u0627\u0644\u062f\u063a\u0645\u0648\u0633 - Tayeb","description":"\u0639\u0633\u0644 \u0627\u0644\u062f\u063a\u0645\u0648\u0633 \u0645\u0646 \u0627\u0644\u0645\u063a\u0631\u0628 \u0639\u0636\u0648\u064a \u0637\u0628\u064a\u0639\u064a \u0628\u064a\u0648 \u064a\u0628\u0627\u0639 \u0641\u064a \u0637\u0646\u062c\u0629 \u0627\u0644\u062f\u0627\u0631\u0627\u0644\u0628\u064a\u0636\u0627\u0621 \u0627\u0644\u0631\u0628\u0627\u0637.. Miel Euphorbe Daghmous du Maroc en vente \u00e0 Tanger Casablanca Rabat Honey Morocco..","robots":{"index":"index","follow":"follow","max-snippet":"max-snippet:-1","max-image-preview":"max-image-preview:large","max-video-preview":"max-video-preview:-1"},"canonical":"https:\/\/www.tayeb.ma\/fr\/produit\/\u0639\u0633\u0644-\u0627\u0644\u062f\u063a\u0645\u0648\u0633\/","og_locale":"fr_FR","og_type":"article","og_title":"\u0639\u0633\u0644 \u0627\u0644\u062f\u063a\u0645\u0648\u0633 - Tayeb","og_description":"\u0639\u0633\u0644 \u0627\u0644\u062f\u063a\u0645\u0648\u0633 \u0645\u0646 \u0627\u0644\u0645\u063a\u0631\u0628 \u0639\u0636\u0648\u064a \u0637\u0628\u064a\u0639\u064a \u0628\u064a\u0648 \u064a\u0628\u0627\u0639 \u0641\u064a \u0637\u0646\u062c\u0629 \u0627\u0644\u062f\u0627\u0631\u0627\u0644\u0628\u064a\u0636\u0627\u0621 \u0627\u0644\u0631\u0628\u0627\u0637.. Miel Euphorbe Daghmous du Maroc en vente \u00e0 Tanger Casablanca Rabat Honey Morocco..","og_url":"https:\/\/www.tayeb.ma\/fr\/produit\/\u0639\u0633\u0644-\u0627\u0644\u062f\u063a\u0645\u0648\u0633\/","og_site_name":"Tayeb","article_publisher":"https:\/\/www.facebook.com\/weTayeb","article_modified_time":"2025-02-19T13:10:36+00:00","og_image":[{"width":2560,"height":2223,"url":"https:\/\/www.tayeb.ma\/wp-content\/uploads\/2025\/01\/ZA1GAF2l-scaled.jpg","type":"image\/jpeg"}],"twitter_card":"summary_large_image","twitter_misc":{"Dur\u00e9e de lecture estim\u00e9e":"2 minutes"},"schema":{"@context":"https:\/\/schema.org","@graph":[{"@type":"WebPage","@id":"https:\/\/www.tayeb.ma\/product\/%d8%b9%d8%b3%d9%84-%d8%a7%d9%84%d8%af%d8%ba%d9%85%d9%88%d8%b3\/","url":"https:\/\/www.tayeb.ma\/product\/%d8%b9%d8%b3%d9%84-%d8%a7%d9%84%d8%af%d8%ba%d9%85%d9%88%d8%b3\/","name":"\u0639\u0633\u0644 \u0627\u0644\u062f\u063a\u0645\u0648\u0633 - Tayeb","isPartOf":{"@id":"https:\/\/www.tayeb.ma\/#website"},"primaryImageOfPage":{"@id":"https:\/\/www.tayeb.ma\/product\/%d8%b9%d8%b3%d9%84-%d8%a7%d9%84%d8%af%d8%ba%d9%85%d9%88%d8%b3\/#primaryimage"},"image":{"@id":"https:\/\/www.tayeb.ma\/product\/%d8%b9%d8%b3%d9%84-%d8%a7%d9%84%d8%af%d8%ba%d9%85%d9%88%d8%b3\/#primaryimage"},"thumbnailUrl":"https:\/\/www.tayeb.ma\/wp-content\/uploads\/2025\/01\/ZA1GAF2l-scaled.jpg","datePublished":"2025-01-12T23:42:54+00:00","dateModified":"2025-02-19T13:10:36+00:00","description":"\u0639\u0633\u0644 \u0627\u0644\u062f\u063a\u0645\u0648\u0633 \u0645\u0646 \u0627\u0644\u0645\u063a\u0631\u0628 \u0639\u0636\u0648\u064a \u0637\u0628\u064a\u0639\u064a \u0628\u064a\u0648 \u064a\u0628\u0627\u0639 \u0641\u064a \u0637\u0646\u062c\u0629 \u0627\u0644\u062f\u0627\u0631\u0627\u0644\u0628\u064a\u0636\u0627\u0621 \u0627\u0644\u0631\u0628\u0627\u0637.. Miel Euphorbe Daghmous du Maroc en vente \u00e0 Tanger Casablanca Rabat Honey Morocco..","breadcrumb":{"@id":"https:\/\/www.tayeb.ma\/product\/%d8%b9%d8%b3%d9%84-%d8%a7%d9%84%d8%af%d8%ba%d9%85%d9%88%d8%b3\/#breadcrumb"},"inLanguage":"fr-FR","potentialAction":[{"@type":"ReadAction","target":["https:\/\/www.tayeb.ma\/product\/%d8%b9%d8%b3%d9%84-%d8%a7%d9%84%d8%af%d8%ba%d9%85%d9%88%d8%b3\/"]}]},{"@type":"ImageObject","inLanguage":"fr-FR","@id":"https:\/\/www.tayeb.ma\/product\/%d8%b9%d8%b3%d9%84-%d8%a7%d9%84%d8%af%d8%ba%d9%85%d9%88%d8%b3\/#primaryimage","url":"https:\/\/www.tayeb.ma\/wp-content\/uploads\/2025\/01\/ZA1GAF2l-scaled.jpg","contentUrl":"https:\/\/www.tayeb.ma\/wp-content\/uploads\/2025\/01\/ZA1GAF2l-scaled.jpg","width":2560,"height":2223},{"@type":"BreadcrumbList","@id":"https:\/\/www.tayeb.ma\/product\/%d8%b9%d8%b3%d9%84-%d8%a7%d9%84%d8%af%d8%ba%d9%85%d9%88%d8%b3\/#breadcrumb","itemListElement":[{"@type":"ListItem","position":1,"name":"Home","item":"https:\/\/www.tayeb.ma\/"},{"@type":"ListItem","position":2,"name":"\u0627\u0644\u0645\u062a\u062c\u0631","item":"https:\/\/www.tayeb.ma\/%d8%a7%d9%84%d9%85%d8%aa%d8%ac%d8%b1\/"},{"@type":"ListItem","position":3,"name":"\u0639\u0633\u0644 \u0627\u0644\u062f\u063a\u0645\u0648\u0633"}]},{"@type":"WebSite","@id":"https:\/\/www.tayeb.ma\/#website","url":"https:\/\/www.tayeb.ma\/","name":"Tayeb","description":"S\u00e9lection de produits du Terroir du Maroc","publisher":{"@id":"https:\/\/www.tayeb.ma\/#organization"},"potentialAction":[{"@type":"SearchAction","target":{"@type":"EntryPoint","urlTemplate":"https:\/\/www.tayeb.ma\/?s={search_term_string}"},"query-input":{"@type":"PropertyValueSpecification","valueRequired":true,"valueName":"search_term_string"}}],"inLanguage":"fr-FR"},{"@type":"Organization","@id":"https:\/\/www.tayeb.ma\/#organization","name":"Tayeb - \u0637\u064e\u064a\u0650\u0651\u0640\u0628","url":"https:\/\/www.tayeb.ma\/","logo":{"@type":"ImageObject","inLanguage":"fr-FR","@id":"https:\/\/www.tayeb.ma\/#\/schema\/logo\/image\/","url":"https:\/\/www.tayeb.ma\/wp-content\/uploads\/2025\/01\/tayeb-logo-01.svg","contentUrl":"https:\/\/www.tayeb.ma\/wp-content\/uploads\/2025\/01\/tayeb-logo-01.svg","width":142,"height":69,"caption":"Tayeb - \u0637\u064e\u064a\u0650\u0651\u0640\u0628"},"image":{"@id":"https:\/\/www.tayeb.ma\/#\/schema\/logo\/image\/"},"sameAs":["https:\/\/www.facebook.com\/weTayeb","https:\/\/www.instagram.com\/wetayeb\/"]}]}},"_links":{"self":[{"href":"https:\/\/www.tayeb.ma\/fr\/wp-json\/wp\/v2\/product\/7085","targetHints":{"allow":["GET"]}}],"collection":[{"href":"https:\/\/www.tayeb.ma\/fr\/wp-json\/wp\/v2\/product"}],"about":[{"href":"https:\/\/www.tayeb.ma\/fr\/wp-json\/wp\/v2\/types\/product"}],"wp:featuredmedia":[{"embeddable":true,"href":"https:\/\/www.tayeb.ma\/fr\/wp-json\/wp\/v2\/media\/10234"}],"wp:attachment":[{"href":"https:\/\/www.tayeb.ma\/fr\/wp-json\/wp\/v2\/media?parent=7085"}],"wp:term":[{"taxonomy":"product_cat","embeddable":true,"href":"https:\/\/www.tayeb.ma\/fr\/wp-json\/wp\/v2\/product_cat?post=7085"},{"taxonomy":"product_tag","embeddable":true,"href":"https:\/\/www.tayeb.ma\/fr\/wp-json\/wp\/v2\/product_tag?post=7085"}],"curies":[{"name":"wp","href":"https:\/\/api.w.org\/{rel}","templated":true}]}}