{"id":7089,"date":"2025-01-12T23:42:54","date_gmt":"2025-01-12T23:42:54","guid":{"rendered":"https:\/\/tayeb.ma\/?post_type=product&#038;p=7089"},"modified":"2025-02-17T16:34:07","modified_gmt":"2025-02-17T16:34:07","slug":"%d8%b9%d8%b3%d9%84-%d8%a7%d9%84%d8%a3%d8%b1%d8%b2","status":"publish","type":"product","link":"https:\/\/www.tayeb.ma\/fr\/produit\/%d8%b9%d8%b3%d9%84-%d8%a7%d9%84%d8%a3%d8%b1%d8%b2\/","title":{"rendered":"Miel du C\u00e8dre- Arz"},"content":{"rendered":"<p><span style=\"color: #000000;\">Le C\u00e8dre est un arbre pr\u00e9sent dans la r\u00e9gion du Moyen Atlas du Maroc\u060c<\/span><\/p>\n<p><span class=\"Y2IQFc\" lang=\"ar\" style=\"color: #000000;\">Le C\u00e8dre a un effet tonique. Le Miel du C\u00e8dre- Arz est utilis\u00e9 dans le traitement de la nervosit\u00e9, a un effet calmant et aussi utile pour la toux, la bronchite, la lithiase urinaire, la fatigue et de la faiblesse. Il est \u00e9galement connu qu'il soulage les andinflammations.<\/span><\/p>\n<p><span style=\"color: #000000;\">Les propri\u00e9t\u00e9s apaisante et calmante du bois de c\u00e8dre sont \u00e9galement pr\u00e9sents dans le miel de C\u00e8dre. En plus de ses propri\u00e9t\u00e9s apaisantes, ce miel, qui a \u00e9galement un effet tonique, renforce la r\u00e9sistance du corps et connu pour \u00eatre utile pour les maladies de la toux, de l'an\u00e9mie et de l'asthme. Le Miel du C\u00e8dre- Arz est \u00e9galement recommand\u00e9 pour ceux qui souffrent de douleurs \u00e0 l'estomac.<\/span><\/p>\n<p><span style=\"color: #000000;\">Ce miel contient de grandes quantit\u00e9s de fructose, de sorte qu&#039;il peut gu\u00e9rir le diab\u00e8te par le maintien de l&#039;\u00e9quilibre glyc\u00e9mique.<br \/>\n<\/span><\/p>\n<p><span style=\"color: #000000;\">Le Miel du C\u00e8dre- Arzest produit en petites quantit\u00e9s. Le c\u00e8drenest un arbre qui pousse dans des endroits \u00e9lev\u00e9s. C'est un antiseptique et aide \u00e0 gu\u00e9rir les maux de gorge.<\/span><\/p>\n<p><span style=\"color: #000000;\"><strong>Origine:<\/strong> <strong>Moyen Atlas<\/strong>\/ Maroc<\/span><\/p>\n<p><span style=\"color: #db4f37;\"><strong>Cristallisation du miel et technique de liqu\u00e9faction<\/strong><\/span><\/p>\n<p><span style=\"color: #000000;\">La cristallisation du miel est un ph\u00e9nom\u00e8ne naturel et ancien li\u00e9 \u00e0 plusieurs facteurs. Ces facteurs sont principalement les composants de miel et les conditions climatiques accompagnant sa pr\u00e9servation. C'est un signe de la qualit\u00e9 du miel et nos produits ne contiennent pas d'additifs artificiels  conservateurs. Il est possible de g\u00e9nrer la temp\u00e9rature de miel en fonction de nos besoins.<\/span><\/p>\n<p><span style=\"color: #000000;\">Afin de liqu\u00e9fier le miel cristallis\u00e9, On peut utiliser la technique de Bain-Marie sans que l'ampleur de la temp\u00e9rature de chauffage ne d\u00e9passe les 40\u00b0 afin de pr\u00e9server les vertus d'origine.<\/span><\/p>\n<p><span style=\"color: #000000;\">Ces informations sont \u00e0 titre indicatif et g\u00e9n\u00e9rales et ne remplacent aucunement une consultation m\u00e9dicale.<\/span><\/p>\n<p>&nbsp;<\/p>","protected":false},"excerpt":{"rendered":"<p>\u0639\u0633\u0644 \u0627\u0644\u0623\u0631\u0632 \u0645\u0646 \u0645\u0646\u0637\u0642\u0629 \u0627\u0644\u0623\u0637\u0644\u0633 \u0627\u0644\u0645\u062a\u0648\u0633\u0637<\/p>","protected":false},"featured_media":10217,"template":"","meta":[],"product_cat":[88,90,103],"product_tag":[91,92,93,94,95,96,97,98,99,100,101,102],"class_list":{"0":"post-7089","1":"product","2":"type-product","3":"status-publish","4":"has-post-thumbnail","6":"product_cat-88","7":"product_cat-90","8":"product_cat-103","9":"product_tag-bio","10":"product_tag-honey","11":"product_tag-maroc","12":"product_tag-miel","13":"product_tag-naturel","14":"product_tag-organic","15":"product_tag-tayeb","16":"product_tag-98","17":"product_tag-99","18":"product_tag-100","19":"product_tag-101","20":"product_tag-102","22":"first","23":"instock","24":"shipping-taxable","25":"purchasable","26":"product-type-variable"},"yoast_head":"<!-- This site is optimized with the Yoast SEO plugin v26.4 - https:\/\/yoast.com\/wordpress\/plugins\/seo\/ -->\n<title>\u0639\u0633\u0644 \u0627\u0644\u0623\u0631\u0632 - Tayeb<\/title>\n<meta name=\"description\" content=\"\u0639\u0633\u0644 \u0627\u0644\u0623\u0631\u0632 \u0645\u0646 \u0627\u0644\u0645\u063a\u0631\u0628 \u0639\u0636\u0648\u064a \u0637\u0628\u064a\u0639\u064a \u0628\u064a\u0648 \u064a\u0628\u0627\u0639 \u0641\u064a \u0637\u0646\u062c\u0629 \u0627\u0644\u062f\u0627\u0631\u0627\u0644\u0628\u064a\u0636\u0627\u0621 \u0627\u0644\u0631\u0628\u0627\u0637.. Miel du C\u00e8dre arz du Maroc en vente \u00e0 Tanger Casablanca Rabat Honey Morocco..\" \/>\n<meta name=\"robots\" content=\"index, follow, max-snippet:-1, max-image-preview:large, max-video-preview:-1\" \/>\n<link rel=\"canonical\" href=\"https:\/\/www.tayeb.ma\/fr\/produit\/\u0639\u0633\u0644-\u0627\u0644\u0623\u0631\u0632\/\" \/>\n<meta property=\"og:locale\" content=\"fr_FR\" \/>\n<meta property=\"og:type\" content=\"article\" \/>\n<meta property=\"og:title\" content=\"\u0639\u0633\u0644 \u0627\u0644\u0623\u0631\u0632 - Tayeb\" \/>\n<meta property=\"og:description\" content=\"\u0639\u0633\u0644 \u0627\u0644\u0623\u0631\u0632 \u0645\u0646 \u0627\u0644\u0645\u063a\u0631\u0628 \u0639\u0636\u0648\u064a \u0637\u0628\u064a\u0639\u064a \u0628\u064a\u0648 \u064a\u0628\u0627\u0639 \u0641\u064a \u0637\u0646\u062c\u0629 \u0627\u0644\u062f\u0627\u0631\u0627\u0644\u0628\u064a\u0636\u0627\u0621 \u0627\u0644\u0631\u0628\u0627\u0637.. Miel du C\u00e8dre arz du Maroc en vente \u00e0 Tanger Casablanca Rabat Honey Morocco..\" \/>\n<meta property=\"og:url\" content=\"https:\/\/www.tayeb.ma\/fr\/produit\/\u0639\u0633\u0644-\u0627\u0644\u0623\u0631\u0632\/\" \/>\n<meta property=\"og:site_name\" content=\"Tayeb\" \/>\n<meta property=\"article:publisher\" content=\"https:\/\/www.facebook.com\/weTayeb\" \/>\n<meta property=\"article:modified_time\" content=\"2025-02-17T16:34:07+00:00\" \/>\n<meta property=\"og:image\" content=\"https:\/\/www.tayeb.ma\/wp-content\/uploads\/2025\/01\/z8379rP7.jpg\" \/>\n\t<meta property=\"og:image:width\" content=\"1280\" \/>\n\t<meta property=\"og:image:height\" content=\"1111\" \/>\n\t<meta property=\"og:image:type\" content=\"image\/jpeg\" \/>\n<meta name=\"twitter:card\" content=\"summary_large_image\" \/>\n<meta name=\"twitter:label1\" content=\"Dur\u00e9e de lecture estim\u00e9e\" \/>\n\t<meta name=\"twitter:data1\" content=\"2 minutes\" \/>\n<script type=\"application\/ld+json\" class=\"yoast-schema-graph\">{\"@context\":\"https:\/\/schema.org\",\"@graph\":[{\"@type\":\"WebPage\",\"@id\":\"https:\/\/www.tayeb.ma\/product\/%d8%b9%d8%b3%d9%84-%d8%a7%d9%84%d8%a3%d8%b1%d8%b2\/\",\"url\":\"https:\/\/www.tayeb.ma\/product\/%d8%b9%d8%b3%d9%84-%d8%a7%d9%84%d8%a3%d8%b1%d8%b2\/\",\"name\":\"\u0639\u0633\u0644 \u0627\u0644\u0623\u0631\u0632 - Tayeb\",\"isPartOf\":{\"@id\":\"https:\/\/www.tayeb.ma\/#website\"},\"primaryImageOfPage\":{\"@id\":\"https:\/\/www.tayeb.ma\/product\/%d8%b9%d8%b3%d9%84-%d8%a7%d9%84%d8%a3%d8%b1%d8%b2\/#primaryimage\"},\"image\":{\"@id\":\"https:\/\/www.tayeb.ma\/product\/%d8%b9%d8%b3%d9%84-%d8%a7%d9%84%d8%a3%d8%b1%d8%b2\/#primaryimage\"},\"thumbnailUrl\":\"https:\/\/www.tayeb.ma\/wp-content\/uploads\/2025\/01\/z8379rP7.jpg\",\"datePublished\":\"2025-01-12T23:42:54+00:00\",\"dateModified\":\"2025-02-17T16:34:07+00:00\",\"description\":\"\u0639\u0633\u0644 \u0627\u0644\u0623\u0631\u0632 \u0645\u0646 \u0627\u0644\u0645\u063a\u0631\u0628 \u0639\u0636\u0648\u064a \u0637\u0628\u064a\u0639\u064a \u0628\u064a\u0648 \u064a\u0628\u0627\u0639 \u0641\u064a \u0637\u0646\u062c\u0629 \u0627\u0644\u062f\u0627\u0631\u0627\u0644\u0628\u064a\u0636\u0627\u0621 \u0627\u0644\u0631\u0628\u0627\u0637.. Miel du C\u00e8dre arz du Maroc en vente \u00e0 Tanger Casablanca Rabat Honey Morocco..\",\"breadcrumb\":{\"@id\":\"https:\/\/www.tayeb.ma\/product\/%d8%b9%d8%b3%d9%84-%d8%a7%d9%84%d8%a3%d8%b1%d8%b2\/#breadcrumb\"},\"inLanguage\":\"fr-FR\",\"potentialAction\":[{\"@type\":\"ReadAction\",\"target\":[\"https:\/\/www.tayeb.ma\/product\/%d8%b9%d8%b3%d9%84-%d8%a7%d9%84%d8%a3%d8%b1%d8%b2\/\"]}]},{\"@type\":\"ImageObject\",\"inLanguage\":\"fr-FR\",\"@id\":\"https:\/\/www.tayeb.ma\/product\/%d8%b9%d8%b3%d9%84-%d8%a7%d9%84%d8%a3%d8%b1%d8%b2\/#primaryimage\",\"url\":\"https:\/\/www.tayeb.ma\/wp-content\/uploads\/2025\/01\/z8379rP7.jpg\",\"contentUrl\":\"https:\/\/www.tayeb.ma\/wp-content\/uploads\/2025\/01\/z8379rP7.jpg\",\"width\":1280,\"height\":1111},{\"@type\":\"BreadcrumbList\",\"@id\":\"https:\/\/www.tayeb.ma\/product\/%d8%b9%d8%b3%d9%84-%d8%a7%d9%84%d8%a3%d8%b1%d8%b2\/#breadcrumb\",\"itemListElement\":[{\"@type\":\"ListItem\",\"position\":1,\"name\":\"Home\",\"item\":\"https:\/\/www.tayeb.ma\/\"},{\"@type\":\"ListItem\",\"position\":2,\"name\":\"\u0627\u0644\u0645\u062a\u062c\u0631\",\"item\":\"https:\/\/www.tayeb.ma\/%d8%a7%d9%84%d9%85%d8%aa%d8%ac%d8%b1\/\"},{\"@type\":\"ListItem\",\"position\":3,\"name\":\"\u0639\u0633\u0644 \u0627\u0644\u0623\u0631\u0632\"}]},{\"@type\":\"WebSite\",\"@id\":\"https:\/\/www.tayeb.ma\/#website\",\"url\":\"https:\/\/www.tayeb.ma\/\",\"name\":\"Tayeb\",\"description\":\"S\u00e9lection de produits du Terroir du Maroc\",\"publisher\":{\"@id\":\"https:\/\/www.tayeb.ma\/#organization\"},\"potentialAction\":[{\"@type\":\"SearchAction\",\"target\":{\"@type\":\"EntryPoint\",\"urlTemplate\":\"https:\/\/www.tayeb.ma\/?s={search_term_string}\"},\"query-input\":{\"@type\":\"PropertyValueSpecification\",\"valueRequired\":true,\"valueName\":\"search_term_string\"}}],\"inLanguage\":\"fr-FR\"},{\"@type\":\"Organization\",\"@id\":\"https:\/\/www.tayeb.ma\/#organization\",\"name\":\"Tayeb - \u0637\u064e\u064a\u0650\u0651\u0640\u0628\",\"url\":\"https:\/\/www.tayeb.ma\/\",\"logo\":{\"@type\":\"ImageObject\",\"inLanguage\":\"fr-FR\",\"@id\":\"https:\/\/www.tayeb.ma\/#\/schema\/logo\/image\/\",\"url\":\"https:\/\/www.tayeb.ma\/wp-content\/uploads\/2025\/01\/tayeb-logo-01.svg\",\"contentUrl\":\"https:\/\/www.tayeb.ma\/wp-content\/uploads\/2025\/01\/tayeb-logo-01.svg\",\"width\":142,\"height\":69,\"caption\":\"Tayeb - \u0637\u064e\u064a\u0650\u0651\u0640\u0628\"},\"image\":{\"@id\":\"https:\/\/www.tayeb.ma\/#\/schema\/logo\/image\/\"},\"sameAs\":[\"https:\/\/www.facebook.com\/weTayeb\",\"https:\/\/www.instagram.com\/wetayeb\/\"]}]}<\/script>\n<!-- \/ Yoast SEO plugin. -->","yoast_head_json":{"title":"\u0639\u0633\u0644 \u0627\u0644\u0623\u0631\u0632 - Tayeb","description":"\u0639\u0633\u0644 \u0627\u0644\u0623\u0631\u0632 \u0645\u0646 \u0627\u0644\u0645\u063a\u0631\u0628 \u0639\u0636\u0648\u064a \u0637\u0628\u064a\u0639\u064a \u0628\u064a\u0648 \u064a\u0628\u0627\u0639 \u0641\u064a \u0637\u0646\u062c\u0629 \u0627\u0644\u062f\u0627\u0631\u0627\u0644\u0628\u064a\u0636\u0627\u0621 \u0627\u0644\u0631\u0628\u0627\u0637.. Miel du C\u00e8dre arz du Maroc en vente \u00e0 Tanger Casablanca Rabat Honey Morocco..","robots":{"index":"index","follow":"follow","max-snippet":"max-snippet:-1","max-image-preview":"max-image-preview:large","max-video-preview":"max-video-preview:-1"},"canonical":"https:\/\/www.tayeb.ma\/fr\/produit\/\u0639\u0633\u0644-\u0627\u0644\u0623\u0631\u0632\/","og_locale":"fr_FR","og_type":"article","og_title":"\u0639\u0633\u0644 \u0627\u0644\u0623\u0631\u0632 - Tayeb","og_description":"\u0639\u0633\u0644 \u0627\u0644\u0623\u0631\u0632 \u0645\u0646 \u0627\u0644\u0645\u063a\u0631\u0628 \u0639\u0636\u0648\u064a \u0637\u0628\u064a\u0639\u064a \u0628\u064a\u0648 \u064a\u0628\u0627\u0639 \u0641\u064a \u0637\u0646\u062c\u0629 \u0627\u0644\u062f\u0627\u0631\u0627\u0644\u0628\u064a\u0636\u0627\u0621 \u0627\u0644\u0631\u0628\u0627\u0637.. Miel du C\u00e8dre arz du Maroc en vente \u00e0 Tanger Casablanca Rabat Honey Morocco..","og_url":"https:\/\/www.tayeb.ma\/fr\/produit\/\u0639\u0633\u0644-\u0627\u0644\u0623\u0631\u0632\/","og_site_name":"Tayeb","article_publisher":"https:\/\/www.facebook.com\/weTayeb","article_modified_time":"2025-02-17T16:34:07+00:00","og_image":[{"width":1280,"height":1111,"url":"https:\/\/www.tayeb.ma\/wp-content\/uploads\/2025\/01\/z8379rP7.jpg","type":"image\/jpeg"}],"twitter_card":"summary_large_image","twitter_misc":{"Dur\u00e9e de lecture estim\u00e9e":"2 minutes"},"schema":{"@context":"https:\/\/schema.org","@graph":[{"@type":"WebPage","@id":"https:\/\/www.tayeb.ma\/product\/%d8%b9%d8%b3%d9%84-%d8%a7%d9%84%d8%a3%d8%b1%d8%b2\/","url":"https:\/\/www.tayeb.ma\/product\/%d8%b9%d8%b3%d9%84-%d8%a7%d9%84%d8%a3%d8%b1%d8%b2\/","name":"\u0639\u0633\u0644 \u0627\u0644\u0623\u0631\u0632 - Tayeb","isPartOf":{"@id":"https:\/\/www.tayeb.ma\/#website"},"primaryImageOfPage":{"@id":"https:\/\/www.tayeb.ma\/product\/%d8%b9%d8%b3%d9%84-%d8%a7%d9%84%d8%a3%d8%b1%d8%b2\/#primaryimage"},"image":{"@id":"https:\/\/www.tayeb.ma\/product\/%d8%b9%d8%b3%d9%84-%d8%a7%d9%84%d8%a3%d8%b1%d8%b2\/#primaryimage"},"thumbnailUrl":"https:\/\/www.tayeb.ma\/wp-content\/uploads\/2025\/01\/z8379rP7.jpg","datePublished":"2025-01-12T23:42:54+00:00","dateModified":"2025-02-17T16:34:07+00:00","description":"\u0639\u0633\u0644 \u0627\u0644\u0623\u0631\u0632 \u0645\u0646 \u0627\u0644\u0645\u063a\u0631\u0628 \u0639\u0636\u0648\u064a \u0637\u0628\u064a\u0639\u064a \u0628\u064a\u0648 \u064a\u0628\u0627\u0639 \u0641\u064a \u0637\u0646\u062c\u0629 \u0627\u0644\u062f\u0627\u0631\u0627\u0644\u0628\u064a\u0636\u0627\u0621 \u0627\u0644\u0631\u0628\u0627\u0637.. Miel du C\u00e8dre arz du Maroc en vente \u00e0 Tanger Casablanca Rabat Honey Morocco..","breadcrumb":{"@id":"https:\/\/www.tayeb.ma\/product\/%d8%b9%d8%b3%d9%84-%d8%a7%d9%84%d8%a3%d8%b1%d8%b2\/#breadcrumb"},"inLanguage":"fr-FR","potentialAction":[{"@type":"ReadAction","target":["https:\/\/www.tayeb.ma\/product\/%d8%b9%d8%b3%d9%84-%d8%a7%d9%84%d8%a3%d8%b1%d8%b2\/"]}]},{"@type":"ImageObject","inLanguage":"fr-FR","@id":"https:\/\/www.tayeb.ma\/product\/%d8%b9%d8%b3%d9%84-%d8%a7%d9%84%d8%a3%d8%b1%d8%b2\/#primaryimage","url":"https:\/\/www.tayeb.ma\/wp-content\/uploads\/2025\/01\/z8379rP7.jpg","contentUrl":"https:\/\/www.tayeb.ma\/wp-content\/uploads\/2025\/01\/z8379rP7.jpg","width":1280,"height":1111},{"@type":"BreadcrumbList","@id":"https:\/\/www.tayeb.ma\/product\/%d8%b9%d8%b3%d9%84-%d8%a7%d9%84%d8%a3%d8%b1%d8%b2\/#breadcrumb","itemListElement":[{"@type":"ListItem","position":1,"name":"Home","item":"https:\/\/www.tayeb.ma\/"},{"@type":"ListItem","position":2,"name":"\u0627\u0644\u0645\u062a\u062c\u0631","item":"https:\/\/www.tayeb.ma\/%d8%a7%d9%84%d9%85%d8%aa%d8%ac%d8%b1\/"},{"@type":"ListItem","position":3,"name":"\u0639\u0633\u0644 \u0627\u0644\u0623\u0631\u0632"}]},{"@type":"WebSite","@id":"https:\/\/www.tayeb.ma\/#website","url":"https:\/\/www.tayeb.ma\/","name":"Tayeb","description":"S\u00e9lection de produits du Terroir du Maroc","publisher":{"@id":"https:\/\/www.tayeb.ma\/#organization"},"potentialAction":[{"@type":"SearchAction","target":{"@type":"EntryPoint","urlTemplate":"https:\/\/www.tayeb.ma\/?s={search_term_string}"},"query-input":{"@type":"PropertyValueSpecification","valueRequired":true,"valueName":"search_term_string"}}],"inLanguage":"fr-FR"},{"@type":"Organization","@id":"https:\/\/www.tayeb.ma\/#organization","name":"Tayeb - \u0637\u064e\u064a\u0650\u0651\u0640\u0628","url":"https:\/\/www.tayeb.ma\/","logo":{"@type":"ImageObject","inLanguage":"fr-FR","@id":"https:\/\/www.tayeb.ma\/#\/schema\/logo\/image\/","url":"https:\/\/www.tayeb.ma\/wp-content\/uploads\/2025\/01\/tayeb-logo-01.svg","contentUrl":"https:\/\/www.tayeb.ma\/wp-content\/uploads\/2025\/01\/tayeb-logo-01.svg","width":142,"height":69,"caption":"Tayeb - \u0637\u064e\u064a\u0650\u0651\u0640\u0628"},"image":{"@id":"https:\/\/www.tayeb.ma\/#\/schema\/logo\/image\/"},"sameAs":["https:\/\/www.facebook.com\/weTayeb","https:\/\/www.instagram.com\/wetayeb\/"]}]}},"_links":{"self":[{"href":"https:\/\/www.tayeb.ma\/fr\/wp-json\/wp\/v2\/product\/7089","targetHints":{"allow":["GET"]}}],"collection":[{"href":"https:\/\/www.tayeb.ma\/fr\/wp-json\/wp\/v2\/product"}],"about":[{"href":"https:\/\/www.tayeb.ma\/fr\/wp-json\/wp\/v2\/types\/product"}],"wp:featuredmedia":[{"embeddable":true,"href":"https:\/\/www.tayeb.ma\/fr\/wp-json\/wp\/v2\/media\/10217"}],"wp:attachment":[{"href":"https:\/\/www.tayeb.ma\/fr\/wp-json\/wp\/v2\/media?parent=7089"}],"wp:term":[{"taxonomy":"product_cat","embeddable":true,"href":"https:\/\/www.tayeb.ma\/fr\/wp-json\/wp\/v2\/product_cat?post=7089"},{"taxonomy":"product_tag","embeddable":true,"href":"https:\/\/www.tayeb.ma\/fr\/wp-json\/wp\/v2\/product_tag?post=7089"}],"curies":[{"name":"wp","href":"https:\/\/api.w.org\/{rel}","templated":true}]}}