{"id":7093,"date":"2025-01-12T23:42:54","date_gmt":"2025-01-12T23:42:54","guid":{"rendered":"https:\/\/tayeb.ma\/?post_type=product&#038;p=7093"},"modified":"2025-02-04T12:51:17","modified_gmt":"2025-02-04T12:51:17","slug":"%d8%b9%d8%b3%d9%84-%d8%a7%d9%84%d8%b2%d8%b9%d9%8a%d8%aa%d8%b1%d8%a9","status":"publish","type":"product","link":"https:\/\/www.tayeb.ma\/fr\/produit\/%d8%b9%d8%b3%d9%84-%d8%a7%d9%84%d8%b2%d8%b9%d9%8a%d8%aa%d8%b1%d8%a9\/","title":{"rendered":"Miel de Thym- Za\u00eftra"},"content":{"rendered":"<p><span style=\"color: #000000;\">La fleur pousse dans la r\u00e9gion de Talsinnt- Figuig du Maroc.<\/span><\/p>\n<p><span style=\"color: #000000;\">Le Miel de Thym- Za\u00eftra est particuli\u00e8rement acide, riche en enzymes et en cuivre . Il est fortement antiseptique et anti-inflammatoire. Il est couramment utilis\u00e9 pour renforcer le syst\u00e8me immunitaire et aide \u00e0 combattre le rhume et la grippe.<\/span><\/p>\n<p><span style=\"color: #000000;\"> On pense d'\u00eatre b\u00e9n\u00e9fique pour la peau, notamment l'acn\u00e9.Il est aussi connu pour ses propri\u00e9t\u00e9s antiseptiques et st\u00e9rile.<\/span><\/p>\n<p><span style=\"color: #000000;\"> Il est \u00e9galement recommand\u00e9 pour la pr\u00e9vention et le traitement des infections des voies respiratoires et peut \u00eatre utilis\u00e9 sur les plaies et les cro\u00fbtes.<\/span><\/p>\n<p><span style=\"color: #000000;\">Son intense saveur aromatique se pr\u00eate \u00e0 un large \u00e9ventail d&#039;utilisations culinaires.<\/span><\/p>\n<p><span style=\"color: #000000;\"><strong>Origine:<\/strong>: <strong>Talsinnt- Figuig<\/strong> \/ Maroc<\/span><\/p>\n<p><span style=\"color: #db4f37;\"><strong>Cristallisation du miel et technique de liqu\u00e9faction<\/strong><\/span><\/p>\n<p><span style=\"color: #000000;\">La cristallisation du miel est un ph\u00e9nom\u00e8ne naturel et ancien li\u00e9 \u00e0 plusieurs facteurs. Ces facteurs sont principalement les composants de miel et les conditions climatiques accompagnant sa pr\u00e9servation. C'est un signe de la qualit\u00e9 du miel et nos produits ne contiennent pas d'additifs artificiels  conservateurs. Il est possible de g\u00e9nrer la temp\u00e9rature de miel en fonction de nos besoins.<\/span><\/p>\n<p><span style=\"color: #000000;\">Afin de liqu\u00e9fier le miel cristallis\u00e9, On peut utiliser la technique de Bain-Marie sans que l'ampleur de la temp\u00e9rature de chauffage ne d\u00e9passe les 40\u00b0 afin de pr\u00e9server les vertus d'origine.<\/span><\/p>\n<p><span style=\"color: #000000;\">Ces informations sont \u00e0 titre indicatif et g\u00e9n\u00e9rales et ne remplacent aucunement une consultation m\u00e9dicale.<\/span><\/p>","protected":false},"excerpt":{"rendered":"<p>\u0639\u0633\u0644 \u0627\u0644\u0632\u0639\u064a\u062a\u0631\u0629 \u0645\u0646 \u0645\u0646\u0637\u0642\u0629 \u062a\u0627\u0644\u0633\u064a\u0646\u062a \u0641\u06af\u064a\u06af<\/p>","protected":false},"featured_media":7123,"template":"","meta":[],"product_cat":[88,90],"product_tag":[92,93,94,97,98,101,102],"class_list":{"0":"post-7093","1":"product","2":"type-product","3":"status-publish","4":"has-post-thumbnail","6":"product_cat-88","7":"product_cat-90","8":"product_tag-honey","9":"product_tag-maroc","10":"product_tag-miel","11":"product_tag-tayeb","12":"product_tag-98","13":"product_tag-101","14":"product_tag-102","16":"first","17":"instock","18":"shipping-taxable","19":"purchasable","20":"product-type-variable"},"yoast_head":"<!-- This site is optimized with the Yoast SEO plugin v26.4 - https:\/\/yoast.com\/wordpress\/plugins\/seo\/ -->\n<title>\u0639\u0633\u0644 \u0627\u0644\u0632\u0639\u064a\u062a\u0631\u0629 - Tayeb<\/title>\n<meta name=\"description\" content=\"\u0639\u0633\u0644 \u0632\u0646\u062a\u0627\u0632 \u0645\u0646 \u0627\u0644\u0645\u063a\u0631\u0628 \u0639\u0636\u0648\u064a \u0637\u0628\u064a\u0639\u064a \u0628\u064a\u0648 \u064a\u0628\u0627\u0639 \u0641\u064a \u0637\u0646\u062c\u0629 \u0627\u0644\u062f\u0627\u0631\u0627\u0644\u0628\u064a\u0636\u0627\u0621 \u0627\u0644\u0631\u0628\u0627\u0637.. Miel de Thym Za\u00eftra du Maroc en vente \u00e0 Tanger Casablanca Rabat Honey Morocco..\" \/>\n<meta name=\"robots\" content=\"index, follow, max-snippet:-1, max-image-preview:large, max-video-preview:-1\" \/>\n<link rel=\"canonical\" href=\"https:\/\/www.tayeb.ma\/fr\/produit\/\u0639\u0633\u0644-\u0627\u0644\u0632\u0639\u064a\u062a\u0631\u0629\/\" \/>\n<meta property=\"og:locale\" content=\"fr_FR\" \/>\n<meta property=\"og:type\" content=\"article\" \/>\n<meta property=\"og:title\" content=\"\u0639\u0633\u0644 \u0627\u0644\u0632\u0639\u064a\u062a\u0631\u0629 - Tayeb\" \/>\n<meta property=\"og:description\" content=\"\u0639\u0633\u0644 \u0632\u0646\u062a\u0627\u0632 \u0645\u0646 \u0627\u0644\u0645\u063a\u0631\u0628 \u0639\u0636\u0648\u064a \u0637\u0628\u064a\u0639\u064a \u0628\u064a\u0648 \u064a\u0628\u0627\u0639 \u0641\u064a \u0637\u0646\u062c\u0629 \u0627\u0644\u062f\u0627\u0631\u0627\u0644\u0628\u064a\u0636\u0627\u0621 \u0627\u0644\u0631\u0628\u0627\u0637.. Miel de Thym Za\u00eftra du Maroc en vente \u00e0 Tanger Casablanca Rabat Honey Morocco..\" \/>\n<meta property=\"og:url\" content=\"https:\/\/www.tayeb.ma\/fr\/produit\/\u0639\u0633\u0644-\u0627\u0644\u0632\u0639\u064a\u062a\u0631\u0629\/\" \/>\n<meta property=\"og:site_name\" content=\"Tayeb\" \/>\n<meta property=\"article:publisher\" content=\"https:\/\/www.facebook.com\/weTayeb\" \/>\n<meta property=\"article:modified_time\" content=\"2025-02-04T12:51:17+00:00\" \/>\n<meta property=\"og:image\" content=\"https:\/\/www.tayeb.ma\/wp-content\/uploads\/2025\/01\/Zaitra1_ecommerce-scaled-1.jpg\" \/>\n\t<meta property=\"og:image:width\" content=\"2375\" \/>\n\t<meta property=\"og:image:height\" content=\"2560\" \/>\n\t<meta property=\"og:image:type\" content=\"image\/jpeg\" \/>\n<meta name=\"twitter:card\" content=\"summary_large_image\" \/>\n<meta name=\"twitter:label1\" content=\"Dur\u00e9e de lecture estim\u00e9e\" \/>\n\t<meta name=\"twitter:data1\" content=\"2 minutes\" \/>\n<script type=\"application\/ld+json\" class=\"yoast-schema-graph\">{\"@context\":\"https:\/\/schema.org\",\"@graph\":[{\"@type\":\"WebPage\",\"@id\":\"https:\/\/www.tayeb.ma\/product\/%d8%b9%d8%b3%d9%84-%d8%a7%d9%84%d8%b2%d8%b9%d9%8a%d8%aa%d8%b1%d8%a9\/\",\"url\":\"https:\/\/www.tayeb.ma\/product\/%d8%b9%d8%b3%d9%84-%d8%a7%d9%84%d8%b2%d8%b9%d9%8a%d8%aa%d8%b1%d8%a9\/\",\"name\":\"\u0639\u0633\u0644 \u0627\u0644\u0632\u0639\u064a\u062a\u0631\u0629 - Tayeb\",\"isPartOf\":{\"@id\":\"https:\/\/www.tayeb.ma\/#website\"},\"primaryImageOfPage\":{\"@id\":\"https:\/\/www.tayeb.ma\/product\/%d8%b9%d8%b3%d9%84-%d8%a7%d9%84%d8%b2%d8%b9%d9%8a%d8%aa%d8%b1%d8%a9\/#primaryimage\"},\"image\":{\"@id\":\"https:\/\/www.tayeb.ma\/product\/%d8%b9%d8%b3%d9%84-%d8%a7%d9%84%d8%b2%d8%b9%d9%8a%d8%aa%d8%b1%d8%a9\/#primaryimage\"},\"thumbnailUrl\":\"https:\/\/www.tayeb.ma\/wp-content\/uploads\/2025\/01\/Zaitra1_ecommerce-scaled-1.jpg\",\"datePublished\":\"2025-01-12T23:42:54+00:00\",\"dateModified\":\"2025-02-04T12:51:17+00:00\",\"description\":\"\u0639\u0633\u0644 \u0632\u0646\u062a\u0627\u0632 \u0645\u0646 \u0627\u0644\u0645\u063a\u0631\u0628 \u0639\u0636\u0648\u064a \u0637\u0628\u064a\u0639\u064a \u0628\u064a\u0648 \u064a\u0628\u0627\u0639 \u0641\u064a \u0637\u0646\u062c\u0629 \u0627\u0644\u062f\u0627\u0631\u0627\u0644\u0628\u064a\u0636\u0627\u0621 \u0627\u0644\u0631\u0628\u0627\u0637.. Miel de Thym Za\u00eftra du Maroc en vente \u00e0 Tanger Casablanca Rabat Honey Morocco..\",\"breadcrumb\":{\"@id\":\"https:\/\/www.tayeb.ma\/product\/%d8%b9%d8%b3%d9%84-%d8%a7%d9%84%d8%b2%d8%b9%d9%8a%d8%aa%d8%b1%d8%a9\/#breadcrumb\"},\"inLanguage\":\"fr-FR\",\"potentialAction\":[{\"@type\":\"ReadAction\",\"target\":[\"https:\/\/www.tayeb.ma\/product\/%d8%b9%d8%b3%d9%84-%d8%a7%d9%84%d8%b2%d8%b9%d9%8a%d8%aa%d8%b1%d8%a9\/\"]}]},{\"@type\":\"ImageObject\",\"inLanguage\":\"fr-FR\",\"@id\":\"https:\/\/www.tayeb.ma\/product\/%d8%b9%d8%b3%d9%84-%d8%a7%d9%84%d8%b2%d8%b9%d9%8a%d8%aa%d8%b1%d8%a9\/#primaryimage\",\"url\":\"https:\/\/www.tayeb.ma\/wp-content\/uploads\/2025\/01\/Zaitra1_ecommerce-scaled-1.jpg\",\"contentUrl\":\"https:\/\/www.tayeb.ma\/wp-content\/uploads\/2025\/01\/Zaitra1_ecommerce-scaled-1.jpg\",\"width\":2375,\"height\":2560},{\"@type\":\"BreadcrumbList\",\"@id\":\"https:\/\/www.tayeb.ma\/product\/%d8%b9%d8%b3%d9%84-%d8%a7%d9%84%d8%b2%d8%b9%d9%8a%d8%aa%d8%b1%d8%a9\/#breadcrumb\",\"itemListElement\":[{\"@type\":\"ListItem\",\"position\":1,\"name\":\"Home\",\"item\":\"https:\/\/www.tayeb.ma\/\"},{\"@type\":\"ListItem\",\"position\":2,\"name\":\"\u0627\u0644\u0645\u062a\u062c\u0631\",\"item\":\"https:\/\/www.tayeb.ma\/%d8%a7%d9%84%d9%85%d8%aa%d8%ac%d8%b1\/\"},{\"@type\":\"ListItem\",\"position\":3,\"name\":\"\u0639\u0633\u0644 \u0627\u0644\u0632\u0639\u064a\u062a\u0631\u0629\"}]},{\"@type\":\"WebSite\",\"@id\":\"https:\/\/www.tayeb.ma\/#website\",\"url\":\"https:\/\/www.tayeb.ma\/\",\"name\":\"Tayeb\",\"description\":\"S\u00e9lection de produits du Terroir du Maroc\",\"publisher\":{\"@id\":\"https:\/\/www.tayeb.ma\/#organization\"},\"potentialAction\":[{\"@type\":\"SearchAction\",\"target\":{\"@type\":\"EntryPoint\",\"urlTemplate\":\"https:\/\/www.tayeb.ma\/?s={search_term_string}\"},\"query-input\":{\"@type\":\"PropertyValueSpecification\",\"valueRequired\":true,\"valueName\":\"search_term_string\"}}],\"inLanguage\":\"fr-FR\"},{\"@type\":\"Organization\",\"@id\":\"https:\/\/www.tayeb.ma\/#organization\",\"name\":\"Tayeb - \u0637\u064e\u064a\u0650\u0651\u0640\u0628\",\"url\":\"https:\/\/www.tayeb.ma\/\",\"logo\":{\"@type\":\"ImageObject\",\"inLanguage\":\"fr-FR\",\"@id\":\"https:\/\/www.tayeb.ma\/#\/schema\/logo\/image\/\",\"url\":\"https:\/\/www.tayeb.ma\/wp-content\/uploads\/2025\/01\/tayeb-logo-01.svg\",\"contentUrl\":\"https:\/\/www.tayeb.ma\/wp-content\/uploads\/2025\/01\/tayeb-logo-01.svg\",\"width\":142,\"height\":69,\"caption\":\"Tayeb - \u0637\u064e\u064a\u0650\u0651\u0640\u0628\"},\"image\":{\"@id\":\"https:\/\/www.tayeb.ma\/#\/schema\/logo\/image\/\"},\"sameAs\":[\"https:\/\/www.facebook.com\/weTayeb\",\"https:\/\/www.instagram.com\/wetayeb\/\"]}]}<\/script>\n<!-- \/ Yoast SEO plugin. -->","yoast_head_json":{"title":"\u0639\u0633\u0644 \u0627\u0644\u0632\u0639\u064a\u062a\u0631\u0629 - Tayeb","description":"\u0639\u0633\u0644 \u0632\u0646\u062a\u0627\u0632 \u0645\u0646 \u0627\u0644\u0645\u063a\u0631\u0628 \u0639\u0636\u0648\u064a \u0637\u0628\u064a\u0639\u064a \u0628\u064a\u0648 \u064a\u0628\u0627\u0639 \u0641\u064a \u0637\u0646\u062c\u0629 \u0627\u0644\u062f\u0627\u0631\u0627\u0644\u0628\u064a\u0636\u0627\u0621 \u0627\u0644\u0631\u0628\u0627\u0637.. Miel de Thym Za\u00eftra du Maroc en vente \u00e0 Tanger Casablanca Rabat Honey Morocco..","robots":{"index":"index","follow":"follow","max-snippet":"max-snippet:-1","max-image-preview":"max-image-preview:large","max-video-preview":"max-video-preview:-1"},"canonical":"https:\/\/www.tayeb.ma\/fr\/produit\/\u0639\u0633\u0644-\u0627\u0644\u0632\u0639\u064a\u062a\u0631\u0629\/","og_locale":"fr_FR","og_type":"article","og_title":"\u0639\u0633\u0644 \u0627\u0644\u0632\u0639\u064a\u062a\u0631\u0629 - Tayeb","og_description":"\u0639\u0633\u0644 \u0632\u0646\u062a\u0627\u0632 \u0645\u0646 \u0627\u0644\u0645\u063a\u0631\u0628 \u0639\u0636\u0648\u064a \u0637\u0628\u064a\u0639\u064a \u0628\u064a\u0648 \u064a\u0628\u0627\u0639 \u0641\u064a \u0637\u0646\u062c\u0629 \u0627\u0644\u062f\u0627\u0631\u0627\u0644\u0628\u064a\u0636\u0627\u0621 \u0627\u0644\u0631\u0628\u0627\u0637.. Miel de Thym Za\u00eftra du Maroc en vente \u00e0 Tanger Casablanca Rabat Honey Morocco..","og_url":"https:\/\/www.tayeb.ma\/fr\/produit\/\u0639\u0633\u0644-\u0627\u0644\u0632\u0639\u064a\u062a\u0631\u0629\/","og_site_name":"Tayeb","article_publisher":"https:\/\/www.facebook.com\/weTayeb","article_modified_time":"2025-02-04T12:51:17+00:00","og_image":[{"width":2375,"height":2560,"url":"https:\/\/www.tayeb.ma\/wp-content\/uploads\/2025\/01\/Zaitra1_ecommerce-scaled-1.jpg","type":"image\/jpeg"}],"twitter_card":"summary_large_image","twitter_misc":{"Dur\u00e9e de lecture estim\u00e9e":"2 minutes"},"schema":{"@context":"https:\/\/schema.org","@graph":[{"@type":"WebPage","@id":"https:\/\/www.tayeb.ma\/product\/%d8%b9%d8%b3%d9%84-%d8%a7%d9%84%d8%b2%d8%b9%d9%8a%d8%aa%d8%b1%d8%a9\/","url":"https:\/\/www.tayeb.ma\/product\/%d8%b9%d8%b3%d9%84-%d8%a7%d9%84%d8%b2%d8%b9%d9%8a%d8%aa%d8%b1%d8%a9\/","name":"\u0639\u0633\u0644 \u0627\u0644\u0632\u0639\u064a\u062a\u0631\u0629 - Tayeb","isPartOf":{"@id":"https:\/\/www.tayeb.ma\/#website"},"primaryImageOfPage":{"@id":"https:\/\/www.tayeb.ma\/product\/%d8%b9%d8%b3%d9%84-%d8%a7%d9%84%d8%b2%d8%b9%d9%8a%d8%aa%d8%b1%d8%a9\/#primaryimage"},"image":{"@id":"https:\/\/www.tayeb.ma\/product\/%d8%b9%d8%b3%d9%84-%d8%a7%d9%84%d8%b2%d8%b9%d9%8a%d8%aa%d8%b1%d8%a9\/#primaryimage"},"thumbnailUrl":"https:\/\/www.tayeb.ma\/wp-content\/uploads\/2025\/01\/Zaitra1_ecommerce-scaled-1.jpg","datePublished":"2025-01-12T23:42:54+00:00","dateModified":"2025-02-04T12:51:17+00:00","description":"\u0639\u0633\u0644 \u0632\u0646\u062a\u0627\u0632 \u0645\u0646 \u0627\u0644\u0645\u063a\u0631\u0628 \u0639\u0636\u0648\u064a \u0637\u0628\u064a\u0639\u064a \u0628\u064a\u0648 \u064a\u0628\u0627\u0639 \u0641\u064a \u0637\u0646\u062c\u0629 \u0627\u0644\u062f\u0627\u0631\u0627\u0644\u0628\u064a\u0636\u0627\u0621 \u0627\u0644\u0631\u0628\u0627\u0637.. Miel de Thym Za\u00eftra du Maroc en vente \u00e0 Tanger Casablanca Rabat Honey Morocco..","breadcrumb":{"@id":"https:\/\/www.tayeb.ma\/product\/%d8%b9%d8%b3%d9%84-%d8%a7%d9%84%d8%b2%d8%b9%d9%8a%d8%aa%d8%b1%d8%a9\/#breadcrumb"},"inLanguage":"fr-FR","potentialAction":[{"@type":"ReadAction","target":["https:\/\/www.tayeb.ma\/product\/%d8%b9%d8%b3%d9%84-%d8%a7%d9%84%d8%b2%d8%b9%d9%8a%d8%aa%d8%b1%d8%a9\/"]}]},{"@type":"ImageObject","inLanguage":"fr-FR","@id":"https:\/\/www.tayeb.ma\/product\/%d8%b9%d8%b3%d9%84-%d8%a7%d9%84%d8%b2%d8%b9%d9%8a%d8%aa%d8%b1%d8%a9\/#primaryimage","url":"https:\/\/www.tayeb.ma\/wp-content\/uploads\/2025\/01\/Zaitra1_ecommerce-scaled-1.jpg","contentUrl":"https:\/\/www.tayeb.ma\/wp-content\/uploads\/2025\/01\/Zaitra1_ecommerce-scaled-1.jpg","width":2375,"height":2560},{"@type":"BreadcrumbList","@id":"https:\/\/www.tayeb.ma\/product\/%d8%b9%d8%b3%d9%84-%d8%a7%d9%84%d8%b2%d8%b9%d9%8a%d8%aa%d8%b1%d8%a9\/#breadcrumb","itemListElement":[{"@type":"ListItem","position":1,"name":"Home","item":"https:\/\/www.tayeb.ma\/"},{"@type":"ListItem","position":2,"name":"\u0627\u0644\u0645\u062a\u062c\u0631","item":"https:\/\/www.tayeb.ma\/%d8%a7%d9%84%d9%85%d8%aa%d8%ac%d8%b1\/"},{"@type":"ListItem","position":3,"name":"\u0639\u0633\u0644 \u0627\u0644\u0632\u0639\u064a\u062a\u0631\u0629"}]},{"@type":"WebSite","@id":"https:\/\/www.tayeb.ma\/#website","url":"https:\/\/www.tayeb.ma\/","name":"Tayeb","description":"S\u00e9lection de produits du Terroir du Maroc","publisher":{"@id":"https:\/\/www.tayeb.ma\/#organization"},"potentialAction":[{"@type":"SearchAction","target":{"@type":"EntryPoint","urlTemplate":"https:\/\/www.tayeb.ma\/?s={search_term_string}"},"query-input":{"@type":"PropertyValueSpecification","valueRequired":true,"valueName":"search_term_string"}}],"inLanguage":"fr-FR"},{"@type":"Organization","@id":"https:\/\/www.tayeb.ma\/#organization","name":"Tayeb - \u0637\u064e\u064a\u0650\u0651\u0640\u0628","url":"https:\/\/www.tayeb.ma\/","logo":{"@type":"ImageObject","inLanguage":"fr-FR","@id":"https:\/\/www.tayeb.ma\/#\/schema\/logo\/image\/","url":"https:\/\/www.tayeb.ma\/wp-content\/uploads\/2025\/01\/tayeb-logo-01.svg","contentUrl":"https:\/\/www.tayeb.ma\/wp-content\/uploads\/2025\/01\/tayeb-logo-01.svg","width":142,"height":69,"caption":"Tayeb - \u0637\u064e\u064a\u0650\u0651\u0640\u0628"},"image":{"@id":"https:\/\/www.tayeb.ma\/#\/schema\/logo\/image\/"},"sameAs":["https:\/\/www.facebook.com\/weTayeb","https:\/\/www.instagram.com\/wetayeb\/"]}]}},"_links":{"self":[{"href":"https:\/\/www.tayeb.ma\/fr\/wp-json\/wp\/v2\/product\/7093","targetHints":{"allow":["GET"]}}],"collection":[{"href":"https:\/\/www.tayeb.ma\/fr\/wp-json\/wp\/v2\/product"}],"about":[{"href":"https:\/\/www.tayeb.ma\/fr\/wp-json\/wp\/v2\/types\/product"}],"wp:featuredmedia":[{"embeddable":true,"href":"https:\/\/www.tayeb.ma\/fr\/wp-json\/wp\/v2\/media\/7123"}],"wp:attachment":[{"href":"https:\/\/www.tayeb.ma\/fr\/wp-json\/wp\/v2\/media?parent=7093"}],"wp:term":[{"taxonomy":"product_cat","embeddable":true,"href":"https:\/\/www.tayeb.ma\/fr\/wp-json\/wp\/v2\/product_cat?post=7093"},{"taxonomy":"product_tag","embeddable":true,"href":"https:\/\/www.tayeb.ma\/fr\/wp-json\/wp\/v2\/product_tag?post=7093"}],"curies":[{"name":"wp","href":"https:\/\/api.w.org\/{rel}","templated":true}]}}