{"id":7097,"date":"2025-01-12T23:42:55","date_gmt":"2025-01-12T23:42:55","guid":{"rendered":"https:\/\/tayeb.ma\/?post_type=product&#038;p=7097"},"modified":"2025-01-22T18:43:29","modified_gmt":"2025-01-22T18:43:29","slug":"%d8%b9%d8%b3%d9%84-%d8%a3%d8%b9%d8%b4%d8%a7%d8%a8-%d8%a7%d9%84%d8%a3%d8%b7%d9%84%d8%b3-%d8%a7%d9%84%d9%85%d8%aa%d9%88%d8%b3%d8%b7","status":"publish","type":"product","link":"https:\/\/www.tayeb.ma\/fr\/produit\/%d8%b9%d8%b3%d9%84-%d8%a3%d8%b9%d8%b4%d8%a7%d8%a8-%d8%a7%d9%84%d8%a3%d8%b7%d9%84%d8%b3-%d8%a7%d9%84%d9%85%d8%aa%d9%88%d8%b3%d8%b7\/","title":{"rendered":"Miel d\u2019Herbes du Moyen Atlas"},"content":{"rendered":"<p><span style=\"color: #000000;\">Le miel d\u2019Herbes du Moyen Atlas se compose de plusieurs herbes de la r\u00e9gion du Moyen Atlas notamment Azrou, Timahdite et autres.<\/span><\/p>\n<p><span style=\"color: #000000;\">Les herbes du jujube, du raifort .. sont souvent les principales herbes.<\/span><\/p>\n<p><span style=\"color: #000000;\">Ce miel regroupe les avantages et bienfaits de des plantes composantes en plus de leurs r\u00e9actions organiques.<\/span><\/p>\n<p><span style=\"color: #000000;\"> Il aide \u00e0 pr\u00e9venir la croissance de bact\u00e9ries, de purifier l'organisme en \u00e9liminant les toxines et \u00e9galement riche en antioxydants.<\/span><\/p>\n<p><span style=\"color: #000000;\"><strong>Origine:<\/strong> <strong>Moyen Atlas<\/strong>\/ Maroc<\/span><\/p>\n<p><span style=\"color: #db4f37;\"><strong>Cristallisation du miel et technique de liqu\u00e9faction<\/strong><\/span><\/p>\n<p><span style=\"color: #000000;\">La cristallisation du miel est un ph\u00e9nom\u00e8ne naturel et ancien li\u00e9 \u00e0 plusieurs facteurs. Ces facteurs sont principalement les composants de miel et les conditions climatiques accompagnant sa pr\u00e9servation. C'est un signe de la qualit\u00e9 du miel et nos produits ne contiennent pas d'additifs artificiels  conservateurs. Il est possible de g\u00e9nrer la temp\u00e9rature de miel en fonction de nos besoins.<\/span><\/p>\n<p><span style=\"color: #000000;\">Afin de liqu\u00e9fier le miel cristallis\u00e9, On peut utiliser la technique de Bain-Marie sans que l'ampleur de la temp\u00e9rature de chauffage ne d\u00e9passe les 40\u00b0 afin de pr\u00e9server les vertus d'origine.<\/span><\/p>\n<p><span style=\"color: #000000;\">Ces informations sont \u00e0 titre indicatif et g\u00e9n\u00e9rales et ne remplacent aucunement une consultation m\u00e9dicale.<\/span><\/p>\n<p>&nbsp;<\/p>","protected":false},"excerpt":{"rendered":"<p>\u0639\u0633\u0644 \u0623\u0639\u0634\u0627\u0628 \u0627\u0644\u0623\u0637\u0644\u0633 \u0627\u0644\u0645\u062a\u0648\u0633\u0637 \u0645\u0646 \u0645\u0646\u0637\u0642\u0629 \u0627\u0644\u0623\u0637\u0644\u0633 \u0627\u0644\u0645\u062a\u0648\u0633\u0637<\/p>","protected":false},"featured_media":7125,"template":"","meta":[],"product_cat":[88,90],"product_tag":[92,93,94,97,98,101,102],"class_list":{"0":"post-7097","1":"product","2":"type-product","3":"status-publish","4":"has-post-thumbnail","6":"product_cat-88","7":"product_cat-90","8":"product_tag-honey","9":"product_tag-maroc","10":"product_tag-miel","11":"product_tag-tayeb","12":"product_tag-98","13":"product_tag-101","14":"product_tag-102","16":"first","17":"instock","18":"shipping-taxable","19":"purchasable","20":"product-type-variable"},"yoast_head":"<!-- This site is optimized with the Yoast SEO plugin v26.4 - https:\/\/yoast.com\/wordpress\/plugins\/seo\/ -->\n<title>\u0639\u0633\u0644 \u0623\u0639\u0634\u0627\u0628 \u0627\u0644\u0623\u0637\u0644\u0633 \u0627\u0644\u0645\u062a\u0648\u0633\u0637 - Tayeb<\/title>\n<meta name=\"description\" content=\"\u0639\u0633\u0644 \u0623\u0639\u0634\u0627\u0628 \u0627\u0644 \u0623\u0637\u0644\u0633 \u0627\u0644\u0645\u062a\u0648\u0633\u0637 \u0645\u0646 \u0627\u0644\u0645\u063a\u0631\u0628 \u0639\u0636\u0648\u064a \u0637\u0628\u064a\u0639\u064a \u0628\u064a\u0648 \u064a\u0628\u0627\u0639 \u0641\u064a \u0637\u0646\u062c\u0629 \u0627\u0644\u062f\u0627\u0631\u0627\u0644\u0628\u064a\u0636\u0627\u0621 \u0627\u0644\u0631\u0628\u0627\u0637.. Miel d\u2019Herbes du Moyen Atlas du Maroc en vente \u00e0 Tanger Casablanca Rabat Honey Morocco..\" \/>\n<meta name=\"robots\" content=\"index, follow, max-snippet:-1, max-image-preview:large, max-video-preview:-1\" \/>\n<link rel=\"canonical\" href=\"https:\/\/www.tayeb.ma\/fr\/produit\/\u0639\u0633\u0644-\u0623\u0639\u0634\u0627\u0628-\u0627\u0644\u0623\u0637\u0644\u0633-\u0627\u0644\u0645\u062a\u0648\u0633\u0637\/\" \/>\n<meta property=\"og:locale\" content=\"fr_FR\" \/>\n<meta property=\"og:type\" content=\"article\" \/>\n<meta property=\"og:title\" content=\"\u0639\u0633\u0644 \u0623\u0639\u0634\u0627\u0628 \u0627\u0644\u0623\u0637\u0644\u0633 \u0627\u0644\u0645\u062a\u0648\u0633\u0637 - Tayeb\" \/>\n<meta property=\"og:description\" content=\"\u0639\u0633\u0644 \u0623\u0639\u0634\u0627\u0628 \u0627\u0644 \u0623\u0637\u0644\u0633 \u0627\u0644\u0645\u062a\u0648\u0633\u0637 \u0645\u0646 \u0627\u0644\u0645\u063a\u0631\u0628 \u0639\u0636\u0648\u064a \u0637\u0628\u064a\u0639\u064a \u0628\u064a\u0648 \u064a\u0628\u0627\u0639 \u0641\u064a \u0637\u0646\u062c\u0629 \u0627\u0644\u062f\u0627\u0631\u0627\u0644\u0628\u064a\u0636\u0627\u0621 \u0627\u0644\u0631\u0628\u0627\u0637.. Miel d\u2019Herbes du Moyen Atlas du Maroc en vente \u00e0 Tanger Casablanca Rabat Honey Morocco..\" \/>\n<meta property=\"og:url\" content=\"https:\/\/www.tayeb.ma\/fr\/produit\/\u0639\u0633\u0644-\u0623\u0639\u0634\u0627\u0628-\u0627\u0644\u0623\u0637\u0644\u0633-\u0627\u0644\u0645\u062a\u0648\u0633\u0637\/\" \/>\n<meta property=\"og:site_name\" content=\"Tayeb\" \/>\n<meta property=\"article:publisher\" content=\"https:\/\/www.facebook.com\/weTayeb\" \/>\n<meta property=\"article:modified_time\" content=\"2025-01-22T18:43:29+00:00\" \/>\n<meta property=\"og:image\" content=\"https:\/\/www.tayeb.ma\/wp-content\/uploads\/2025\/01\/middle-atlas.png\" \/>\n\t<meta property=\"og:image:width\" content=\"1845\" \/>\n\t<meta property=\"og:image:height\" content=\"1989\" \/>\n\t<meta property=\"og:image:type\" content=\"image\/png\" \/>\n<meta name=\"twitter:card\" content=\"summary_large_image\" \/>\n<meta name=\"twitter:label1\" content=\"Dur\u00e9e de lecture estim\u00e9e\" \/>\n\t<meta name=\"twitter:data1\" content=\"1 minute\" \/>\n<script type=\"application\/ld+json\" class=\"yoast-schema-graph\">{\"@context\":\"https:\/\/schema.org\",\"@graph\":[{\"@type\":\"WebPage\",\"@id\":\"https:\/\/www.tayeb.ma\/product\/%d8%b9%d8%b3%d9%84-%d8%a3%d8%b9%d8%b4%d8%a7%d8%a8-%d8%a7%d9%84%d8%a3%d8%b7%d9%84%d8%b3-%d8%a7%d9%84%d9%85%d8%aa%d9%88%d8%b3%d8%b7\/\",\"url\":\"https:\/\/www.tayeb.ma\/product\/%d8%b9%d8%b3%d9%84-%d8%a3%d8%b9%d8%b4%d8%a7%d8%a8-%d8%a7%d9%84%d8%a3%d8%b7%d9%84%d8%b3-%d8%a7%d9%84%d9%85%d8%aa%d9%88%d8%b3%d8%b7\/\",\"name\":\"\u0639\u0633\u0644 \u0623\u0639\u0634\u0627\u0628 \u0627\u0644\u0623\u0637\u0644\u0633 \u0627\u0644\u0645\u062a\u0648\u0633\u0637 - Tayeb\",\"isPartOf\":{\"@id\":\"https:\/\/www.tayeb.ma\/#website\"},\"primaryImageOfPage\":{\"@id\":\"https:\/\/www.tayeb.ma\/product\/%d8%b9%d8%b3%d9%84-%d8%a3%d8%b9%d8%b4%d8%a7%d8%a8-%d8%a7%d9%84%d8%a3%d8%b7%d9%84%d8%b3-%d8%a7%d9%84%d9%85%d8%aa%d9%88%d8%b3%d8%b7\/#primaryimage\"},\"image\":{\"@id\":\"https:\/\/www.tayeb.ma\/product\/%d8%b9%d8%b3%d9%84-%d8%a3%d8%b9%d8%b4%d8%a7%d8%a8-%d8%a7%d9%84%d8%a3%d8%b7%d9%84%d8%b3-%d8%a7%d9%84%d9%85%d8%aa%d9%88%d8%b3%d8%b7\/#primaryimage\"},\"thumbnailUrl\":\"https:\/\/www.tayeb.ma\/wp-content\/uploads\/2025\/01\/middle-atlas.png\",\"datePublished\":\"2025-01-12T23:42:55+00:00\",\"dateModified\":\"2025-01-22T18:43:29+00:00\",\"description\":\"\u0639\u0633\u0644 \u0623\u0639\u0634\u0627\u0628 \u0627\u0644 \u0623\u0637\u0644\u0633 \u0627\u0644\u0645\u062a\u0648\u0633\u0637 \u0645\u0646 \u0627\u0644\u0645\u063a\u0631\u0628 \u0639\u0636\u0648\u064a \u0637\u0628\u064a\u0639\u064a \u0628\u064a\u0648 \u064a\u0628\u0627\u0639 \u0641\u064a \u0637\u0646\u062c\u0629 \u0627\u0644\u062f\u0627\u0631\u0627\u0644\u0628\u064a\u0636\u0627\u0621 \u0627\u0644\u0631\u0628\u0627\u0637.. Miel d\u2019Herbes du Moyen Atlas du Maroc en vente \u00e0 Tanger Casablanca Rabat Honey Morocco..\",\"breadcrumb\":{\"@id\":\"https:\/\/www.tayeb.ma\/product\/%d8%b9%d8%b3%d9%84-%d8%a3%d8%b9%d8%b4%d8%a7%d8%a8-%d8%a7%d9%84%d8%a3%d8%b7%d9%84%d8%b3-%d8%a7%d9%84%d9%85%d8%aa%d9%88%d8%b3%d8%b7\/#breadcrumb\"},\"inLanguage\":\"fr-FR\",\"potentialAction\":[{\"@type\":\"ReadAction\",\"target\":[\"https:\/\/www.tayeb.ma\/product\/%d8%b9%d8%b3%d9%84-%d8%a3%d8%b9%d8%b4%d8%a7%d8%a8-%d8%a7%d9%84%d8%a3%d8%b7%d9%84%d8%b3-%d8%a7%d9%84%d9%85%d8%aa%d9%88%d8%b3%d8%b7\/\"]}]},{\"@type\":\"ImageObject\",\"inLanguage\":\"fr-FR\",\"@id\":\"https:\/\/www.tayeb.ma\/product\/%d8%b9%d8%b3%d9%84-%d8%a3%d8%b9%d8%b4%d8%a7%d8%a8-%d8%a7%d9%84%d8%a3%d8%b7%d9%84%d8%b3-%d8%a7%d9%84%d9%85%d8%aa%d9%88%d8%b3%d8%b7\/#primaryimage\",\"url\":\"https:\/\/www.tayeb.ma\/wp-content\/uploads\/2025\/01\/middle-atlas.png\",\"contentUrl\":\"https:\/\/www.tayeb.ma\/wp-content\/uploads\/2025\/01\/middle-atlas.png\",\"width\":1845,\"height\":1989},{\"@type\":\"BreadcrumbList\",\"@id\":\"https:\/\/www.tayeb.ma\/product\/%d8%b9%d8%b3%d9%84-%d8%a3%d8%b9%d8%b4%d8%a7%d8%a8-%d8%a7%d9%84%d8%a3%d8%b7%d9%84%d8%b3-%d8%a7%d9%84%d9%85%d8%aa%d9%88%d8%b3%d8%b7\/#breadcrumb\",\"itemListElement\":[{\"@type\":\"ListItem\",\"position\":1,\"name\":\"Home\",\"item\":\"https:\/\/www.tayeb.ma\/\"},{\"@type\":\"ListItem\",\"position\":2,\"name\":\"\u0627\u0644\u0645\u062a\u062c\u0631\",\"item\":\"https:\/\/www.tayeb.ma\/%d8%a7%d9%84%d9%85%d8%aa%d8%ac%d8%b1\/\"},{\"@type\":\"ListItem\",\"position\":3,\"name\":\"\u0639\u0633\u0644 \u0623\u0639\u0634\u0627\u0628 \u0627\u0644\u0623\u0637\u0644\u0633 \u0627\u0644\u0645\u062a\u0648\u0633\u0637\"}]},{\"@type\":\"WebSite\",\"@id\":\"https:\/\/www.tayeb.ma\/#website\",\"url\":\"https:\/\/www.tayeb.ma\/\",\"name\":\"Tayeb\",\"description\":\"S\u00e9lection de produits du Terroir du Maroc\",\"publisher\":{\"@id\":\"https:\/\/www.tayeb.ma\/#organization\"},\"potentialAction\":[{\"@type\":\"SearchAction\",\"target\":{\"@type\":\"EntryPoint\",\"urlTemplate\":\"https:\/\/www.tayeb.ma\/?s={search_term_string}\"},\"query-input\":{\"@type\":\"PropertyValueSpecification\",\"valueRequired\":true,\"valueName\":\"search_term_string\"}}],\"inLanguage\":\"fr-FR\"},{\"@type\":\"Organization\",\"@id\":\"https:\/\/www.tayeb.ma\/#organization\",\"name\":\"Tayeb - \u0637\u064e\u064a\u0650\u0651\u0640\u0628\",\"url\":\"https:\/\/www.tayeb.ma\/\",\"logo\":{\"@type\":\"ImageObject\",\"inLanguage\":\"fr-FR\",\"@id\":\"https:\/\/www.tayeb.ma\/#\/schema\/logo\/image\/\",\"url\":\"https:\/\/www.tayeb.ma\/wp-content\/uploads\/2025\/01\/tayeb-logo-01.svg\",\"contentUrl\":\"https:\/\/www.tayeb.ma\/wp-content\/uploads\/2025\/01\/tayeb-logo-01.svg\",\"width\":142,\"height\":69,\"caption\":\"Tayeb - \u0637\u064e\u064a\u0650\u0651\u0640\u0628\"},\"image\":{\"@id\":\"https:\/\/www.tayeb.ma\/#\/schema\/logo\/image\/\"},\"sameAs\":[\"https:\/\/www.facebook.com\/weTayeb\",\"https:\/\/www.instagram.com\/wetayeb\/\"]}]}<\/script>\n<!-- \/ Yoast SEO plugin. -->","yoast_head_json":{"title":"\u0639\u0633\u0644 \u0623\u0639\u0634\u0627\u0628 \u0627\u0644\u0623\u0637\u0644\u0633 \u0627\u0644\u0645\u062a\u0648\u0633\u0637 - Tayeb","description":"\u0639\u0633\u0644 \u0623\u0639\u0634\u0627\u0628 \u0627\u0644 \u0623\u0637\u0644\u0633 \u0627\u0644\u0645\u062a\u0648\u0633\u0637 \u0645\u0646 \u0627\u0644\u0645\u063a\u0631\u0628 \u0639\u0636\u0648\u064a \u0637\u0628\u064a\u0639\u064a \u0628\u064a\u0648 \u064a\u0628\u0627\u0639 \u0641\u064a \u0637\u0646\u062c\u0629 \u0627\u0644\u062f\u0627\u0631\u0627\u0644\u0628\u064a\u0636\u0627\u0621 \u0627\u0644\u0631\u0628\u0627\u0637.. Miel d\u2019Herbes du Moyen Atlas du Maroc en vente \u00e0 Tanger Casablanca Rabat Honey Morocco..","robots":{"index":"index","follow":"follow","max-snippet":"max-snippet:-1","max-image-preview":"max-image-preview:large","max-video-preview":"max-video-preview:-1"},"canonical":"https:\/\/www.tayeb.ma\/fr\/produit\/\u0639\u0633\u0644-\u0623\u0639\u0634\u0627\u0628-\u0627\u0644\u0623\u0637\u0644\u0633-\u0627\u0644\u0645\u062a\u0648\u0633\u0637\/","og_locale":"fr_FR","og_type":"article","og_title":"\u0639\u0633\u0644 \u0623\u0639\u0634\u0627\u0628 \u0627\u0644\u0623\u0637\u0644\u0633 \u0627\u0644\u0645\u062a\u0648\u0633\u0637 - Tayeb","og_description":"\u0639\u0633\u0644 \u0623\u0639\u0634\u0627\u0628 \u0627\u0644 \u0623\u0637\u0644\u0633 \u0627\u0644\u0645\u062a\u0648\u0633\u0637 \u0645\u0646 \u0627\u0644\u0645\u063a\u0631\u0628 \u0639\u0636\u0648\u064a \u0637\u0628\u064a\u0639\u064a \u0628\u064a\u0648 \u064a\u0628\u0627\u0639 \u0641\u064a \u0637\u0646\u062c\u0629 \u0627\u0644\u062f\u0627\u0631\u0627\u0644\u0628\u064a\u0636\u0627\u0621 \u0627\u0644\u0631\u0628\u0627\u0637.. Miel d\u2019Herbes du Moyen Atlas du Maroc en vente \u00e0 Tanger Casablanca Rabat Honey Morocco..","og_url":"https:\/\/www.tayeb.ma\/fr\/produit\/\u0639\u0633\u0644-\u0623\u0639\u0634\u0627\u0628-\u0627\u0644\u0623\u0637\u0644\u0633-\u0627\u0644\u0645\u062a\u0648\u0633\u0637\/","og_site_name":"Tayeb","article_publisher":"https:\/\/www.facebook.com\/weTayeb","article_modified_time":"2025-01-22T18:43:29+00:00","og_image":[{"width":1845,"height":1989,"url":"https:\/\/www.tayeb.ma\/wp-content\/uploads\/2025\/01\/middle-atlas.png","type":"image\/png"}],"twitter_card":"summary_large_image","twitter_misc":{"Dur\u00e9e de lecture estim\u00e9e":"1 minute"},"schema":{"@context":"https:\/\/schema.org","@graph":[{"@type":"WebPage","@id":"https:\/\/www.tayeb.ma\/product\/%d8%b9%d8%b3%d9%84-%d8%a3%d8%b9%d8%b4%d8%a7%d8%a8-%d8%a7%d9%84%d8%a3%d8%b7%d9%84%d8%b3-%d8%a7%d9%84%d9%85%d8%aa%d9%88%d8%b3%d8%b7\/","url":"https:\/\/www.tayeb.ma\/product\/%d8%b9%d8%b3%d9%84-%d8%a3%d8%b9%d8%b4%d8%a7%d8%a8-%d8%a7%d9%84%d8%a3%d8%b7%d9%84%d8%b3-%d8%a7%d9%84%d9%85%d8%aa%d9%88%d8%b3%d8%b7\/","name":"\u0639\u0633\u0644 \u0623\u0639\u0634\u0627\u0628 \u0627\u0644\u0623\u0637\u0644\u0633 \u0627\u0644\u0645\u062a\u0648\u0633\u0637 - Tayeb","isPartOf":{"@id":"https:\/\/www.tayeb.ma\/#website"},"primaryImageOfPage":{"@id":"https:\/\/www.tayeb.ma\/product\/%d8%b9%d8%b3%d9%84-%d8%a3%d8%b9%d8%b4%d8%a7%d8%a8-%d8%a7%d9%84%d8%a3%d8%b7%d9%84%d8%b3-%d8%a7%d9%84%d9%85%d8%aa%d9%88%d8%b3%d8%b7\/#primaryimage"},"image":{"@id":"https:\/\/www.tayeb.ma\/product\/%d8%b9%d8%b3%d9%84-%d8%a3%d8%b9%d8%b4%d8%a7%d8%a8-%d8%a7%d9%84%d8%a3%d8%b7%d9%84%d8%b3-%d8%a7%d9%84%d9%85%d8%aa%d9%88%d8%b3%d8%b7\/#primaryimage"},"thumbnailUrl":"https:\/\/www.tayeb.ma\/wp-content\/uploads\/2025\/01\/middle-atlas.png","datePublished":"2025-01-12T23:42:55+00:00","dateModified":"2025-01-22T18:43:29+00:00","description":"\u0639\u0633\u0644 \u0623\u0639\u0634\u0627\u0628 \u0627\u0644 \u0623\u0637\u0644\u0633 \u0627\u0644\u0645\u062a\u0648\u0633\u0637 \u0645\u0646 \u0627\u0644\u0645\u063a\u0631\u0628 \u0639\u0636\u0648\u064a \u0637\u0628\u064a\u0639\u064a \u0628\u064a\u0648 \u064a\u0628\u0627\u0639 \u0641\u064a \u0637\u0646\u062c\u0629 \u0627\u0644\u062f\u0627\u0631\u0627\u0644\u0628\u064a\u0636\u0627\u0621 \u0627\u0644\u0631\u0628\u0627\u0637.. Miel d\u2019Herbes du Moyen Atlas du Maroc en vente \u00e0 Tanger Casablanca Rabat Honey Morocco..","breadcrumb":{"@id":"https:\/\/www.tayeb.ma\/product\/%d8%b9%d8%b3%d9%84-%d8%a3%d8%b9%d8%b4%d8%a7%d8%a8-%d8%a7%d9%84%d8%a3%d8%b7%d9%84%d8%b3-%d8%a7%d9%84%d9%85%d8%aa%d9%88%d8%b3%d8%b7\/#breadcrumb"},"inLanguage":"fr-FR","potentialAction":[{"@type":"ReadAction","target":["https:\/\/www.tayeb.ma\/product\/%d8%b9%d8%b3%d9%84-%d8%a3%d8%b9%d8%b4%d8%a7%d8%a8-%d8%a7%d9%84%d8%a3%d8%b7%d9%84%d8%b3-%d8%a7%d9%84%d9%85%d8%aa%d9%88%d8%b3%d8%b7\/"]}]},{"@type":"ImageObject","inLanguage":"fr-FR","@id":"https:\/\/www.tayeb.ma\/product\/%d8%b9%d8%b3%d9%84-%d8%a3%d8%b9%d8%b4%d8%a7%d8%a8-%d8%a7%d9%84%d8%a3%d8%b7%d9%84%d8%b3-%d8%a7%d9%84%d9%85%d8%aa%d9%88%d8%b3%d8%b7\/#primaryimage","url":"https:\/\/www.tayeb.ma\/wp-content\/uploads\/2025\/01\/middle-atlas.png","contentUrl":"https:\/\/www.tayeb.ma\/wp-content\/uploads\/2025\/01\/middle-atlas.png","width":1845,"height":1989},{"@type":"BreadcrumbList","@id":"https:\/\/www.tayeb.ma\/product\/%d8%b9%d8%b3%d9%84-%d8%a3%d8%b9%d8%b4%d8%a7%d8%a8-%d8%a7%d9%84%d8%a3%d8%b7%d9%84%d8%b3-%d8%a7%d9%84%d9%85%d8%aa%d9%88%d8%b3%d8%b7\/#breadcrumb","itemListElement":[{"@type":"ListItem","position":1,"name":"Home","item":"https:\/\/www.tayeb.ma\/"},{"@type":"ListItem","position":2,"name":"\u0627\u0644\u0645\u062a\u062c\u0631","item":"https:\/\/www.tayeb.ma\/%d8%a7%d9%84%d9%85%d8%aa%d8%ac%d8%b1\/"},{"@type":"ListItem","position":3,"name":"\u0639\u0633\u0644 \u0623\u0639\u0634\u0627\u0628 \u0627\u0644\u0623\u0637\u0644\u0633 \u0627\u0644\u0645\u062a\u0648\u0633\u0637"}]},{"@type":"WebSite","@id":"https:\/\/www.tayeb.ma\/#website","url":"https:\/\/www.tayeb.ma\/","name":"Tayeb","description":"S\u00e9lection de produits du Terroir du Maroc","publisher":{"@id":"https:\/\/www.tayeb.ma\/#organization"},"potentialAction":[{"@type":"SearchAction","target":{"@type":"EntryPoint","urlTemplate":"https:\/\/www.tayeb.ma\/?s={search_term_string}"},"query-input":{"@type":"PropertyValueSpecification","valueRequired":true,"valueName":"search_term_string"}}],"inLanguage":"fr-FR"},{"@type":"Organization","@id":"https:\/\/www.tayeb.ma\/#organization","name":"Tayeb - \u0637\u064e\u064a\u0650\u0651\u0640\u0628","url":"https:\/\/www.tayeb.ma\/","logo":{"@type":"ImageObject","inLanguage":"fr-FR","@id":"https:\/\/www.tayeb.ma\/#\/schema\/logo\/image\/","url":"https:\/\/www.tayeb.ma\/wp-content\/uploads\/2025\/01\/tayeb-logo-01.svg","contentUrl":"https:\/\/www.tayeb.ma\/wp-content\/uploads\/2025\/01\/tayeb-logo-01.svg","width":142,"height":69,"caption":"Tayeb - \u0637\u064e\u064a\u0650\u0651\u0640\u0628"},"image":{"@id":"https:\/\/www.tayeb.ma\/#\/schema\/logo\/image\/"},"sameAs":["https:\/\/www.facebook.com\/weTayeb","https:\/\/www.instagram.com\/wetayeb\/"]}]}},"_links":{"self":[{"href":"https:\/\/www.tayeb.ma\/fr\/wp-json\/wp\/v2\/product\/7097","targetHints":{"allow":["GET"]}}],"collection":[{"href":"https:\/\/www.tayeb.ma\/fr\/wp-json\/wp\/v2\/product"}],"about":[{"href":"https:\/\/www.tayeb.ma\/fr\/wp-json\/wp\/v2\/types\/product"}],"wp:featuredmedia":[{"embeddable":true,"href":"https:\/\/www.tayeb.ma\/fr\/wp-json\/wp\/v2\/media\/7125"}],"wp:attachment":[{"href":"https:\/\/www.tayeb.ma\/fr\/wp-json\/wp\/v2\/media?parent=7097"}],"wp:term":[{"taxonomy":"product_cat","embeddable":true,"href":"https:\/\/www.tayeb.ma\/fr\/wp-json\/wp\/v2\/product_cat?post=7097"},{"taxonomy":"product_tag","embeddable":true,"href":"https:\/\/www.tayeb.ma\/fr\/wp-json\/wp\/v2\/product_tag?post=7097"}],"curies":[{"name":"wp","href":"https:\/\/api.w.org\/{rel}","templated":true}]}}