{"id":7109,"date":"2025-01-12T23:42:55","date_gmt":"2025-01-12T23:42:55","guid":{"rendered":"https:\/\/tayeb.ma\/?post_type=product&#038;p=7109"},"modified":"2025-02-04T12:34:27","modified_gmt":"2025-02-04T12:34:27","slug":"%d8%b9%d8%b3%d9%84-%d8%a7%d9%84%d8%b3%d8%af%d8%b1","status":"publish","type":"product","link":"https:\/\/www.tayeb.ma\/fr\/produit\/%d8%b9%d8%b3%d9%84-%d8%a7%d9%84%d8%b3%d8%af%d8%b1\/","title":{"rendered":"Miel de Jujubier- Sidr"},"content":{"rendered":"<p><span style=\"color: #000000;\">Le jujubier est un arbre sauvage qui setrouve dans certaines r\u00e9gions du Maroc en particulier dans le Tafilalet et le Haut Atlas Oriental. C'est un arbre connu depuis des milliers d'ann\u00e9es pour ses nombreuses propri\u00e9t\u00e9s m\u00e9dicinales.<\/span><\/p>\n<p><span style=\"color: #000000;\">Le miel de Jujubier- Sidr est c\u00e9l\u00e8bre pour son go\u00fbt doux et agr\u00e9able dans la bouche. Sa couleur est plut\u00f4t ambre et sa saveur est complexe: fruit\u00e9, mais avec des petites touches acidul\u00e9es.<\/span><\/p>\n<p><span style=\"color: #000000;\">Le miel de Jujubier- Sidr est connu pour ses vertus d'augmenter la fertilit\u00e9 chez les femmes et est un excellent antibact\u00e9rien, tonique et anti-oxydant produit.<\/span><\/p>\n<p><span style=\"color: #000000;\">Si l'ann\u00e9e est s\u00e8che ou humide, les fleurs peuvent contenir une concentration diff\u00e9rente de nectar r\u00e9colt\u00e9 par les abeilles.<\/span><\/p>\n<p><span style=\"color: #000000;\">Il est utilis\u00e9 pour ajouter une touche sucr\u00e9e aux plats boissons. Il est \u00e9galement consomm\u00e9e seul comme source de nutriments importants pour la sant\u00e9.<\/span><\/p>\n<p><span style=\"color: #000000;\"><strong>Origine: tafilalt-est du Haut Atlas \/ Maroc<\/strong><\/span><\/p>\n<p><span style=\"color: #db4f37;\"><strong>Cristallisation du miel et technique de liqu\u00e9faction<\/strong><\/span><\/p>\n<p><span style=\"color: #000000;\">La cristallisation du miel est un ph\u00e9nom\u00e8ne naturel et ancien li\u00e9 \u00e0 plusieurs facteurs. Ces facteurs sont principalement les composants de miel et les conditions climatiques accompagnant sa pr\u00e9servation. C'est un signe de la qualit\u00e9 du miel et nos produits ne contiennent pas d'additifs artificiels  conservateurs. Il est possible de g\u00e9nrer la temp\u00e9rature de miel en fonction de nos besoins.<\/span><\/p>\n<p><span style=\"color: #000000;\">Afin de liqu\u00e9fier le miel cristallis\u00e9, On peut utiliser la technique de Bain-Marie sans que l'ampleur de la temp\u00e9rature de chauffage ne d\u00e9passe les 40\u00b0 afin de pr\u00e9server les vertus d'origine.<\/span><\/p>\n<p><span style=\"color: #000000;\">Ces informations sont \u00e0 titre indicatif et g\u00e9n\u00e9rales et ne remplacent aucunement une consultation m\u00e9dicale.<\/span><\/p>","protected":false},"excerpt":{"rendered":"<p>\u0639\u0633\u0644 \u0627\u0644\u0633\u062f\u0631\u0629 \u0645\u0646 \u0645\u0646\u0637\u0642\u0629 \u062a\u0627\u0641\u064a\u0644\u0627\u0644\u062a \u2013 \u0627\u0644\u0623\u0637\u0644\u0633 \u0627\u0644\u0643\u0628\u064a\u0631 \u0627\u0644\u0634\u0631\u0642\u064a<\/p>","protected":false},"featured_media":7134,"template":"","meta":[],"product_cat":[88,90],"product_tag":[93,94,97,98,101,102],"class_list":{"0":"post-7109","1":"product","2":"type-product","3":"status-publish","4":"has-post-thumbnail","6":"product_cat-88","7":"product_cat-90","8":"product_tag-maroc","9":"product_tag-miel","10":"product_tag-tayeb","11":"product_tag-98","12":"product_tag-101","13":"product_tag-102","15":"first","16":"instock","17":"shipping-taxable","18":"purchasable","19":"product-type-variable"},"yoast_head":"<!-- This site is optimized with the Yoast SEO plugin v26.4 - https:\/\/yoast.com\/wordpress\/plugins\/seo\/ -->\n<title>\u0639\u0633\u0644 \u0627\u0644\u0633\u062f\u0631 - Tayeb<\/title>\n<meta name=\"description\" content=\"\u0639\u0633\u0644 \u0627\u0644\u0633\u062f\u0631\u0629 \u0645\u0646 \u0627\u0644\u0645\u063a\u0631\u0628 \u0639\u0636\u0648\u064a \u0637\u0628\u064a\u0639\u064a \u0628\u064a\u0648 \u064a\u0628\u0627\u0639 \u0641\u064a \u0637\u0646\u062c\u0629 \u0627\u0644\u062f\u0627\u0631\u0627\u0644\u0628\u064a\u0636\u0627\u0621 \u0627\u0644\u0631\u0628\u0627\u0637.. Miel de Jujubier- Sidr du Maroc en vente \u00e0 Tanger Casablanca Rabat Honey Morocco..\" \/>\n<meta name=\"robots\" content=\"index, follow, max-snippet:-1, max-image-preview:large, max-video-preview:-1\" \/>\n<link rel=\"canonical\" href=\"https:\/\/www.tayeb.ma\/fr\/produit\/\u0639\u0633\u0644-\u0627\u0644\u0633\u062f\u0631\/\" \/>\n<meta property=\"og:locale\" content=\"fr_FR\" \/>\n<meta property=\"og:type\" content=\"article\" \/>\n<meta property=\"og:title\" content=\"\u0639\u0633\u0644 \u0627\u0644\u0633\u062f\u0631 - Tayeb\" \/>\n<meta property=\"og:description\" content=\"\u0639\u0633\u0644 \u0627\u0644\u0633\u062f\u0631\u0629 \u0645\u0646 \u0627\u0644\u0645\u063a\u0631\u0628 \u0639\u0636\u0648\u064a \u0637\u0628\u064a\u0639\u064a \u0628\u064a\u0648 \u064a\u0628\u0627\u0639 \u0641\u064a \u0637\u0646\u062c\u0629 \u0627\u0644\u062f\u0627\u0631\u0627\u0644\u0628\u064a\u0636\u0627\u0621 \u0627\u0644\u0631\u0628\u0627\u0637.. Miel de Jujubier- Sidr du Maroc en vente \u00e0 Tanger Casablanca Rabat Honey Morocco..\" \/>\n<meta property=\"og:url\" content=\"https:\/\/www.tayeb.ma\/fr\/produit\/\u0639\u0633\u0644-\u0627\u0644\u0633\u062f\u0631\/\" \/>\n<meta property=\"og:site_name\" content=\"Tayeb\" \/>\n<meta property=\"article:publisher\" content=\"https:\/\/www.facebook.com\/weTayeb\" \/>\n<meta property=\"article:modified_time\" content=\"2025-02-04T12:34:27+00:00\" \/>\n<meta property=\"og:image\" content=\"https:\/\/www.tayeb.ma\/wp-content\/uploads\/2025\/01\/sidr1.png\" \/>\n\t<meta property=\"og:image:width\" content=\"1751\" \/>\n\t<meta property=\"og:image:height\" content=\"1829\" \/>\n\t<meta property=\"og:image:type\" content=\"image\/png\" \/>\n<meta name=\"twitter:card\" content=\"summary_large_image\" \/>\n<meta name=\"twitter:label1\" content=\"Dur\u00e9e de lecture estim\u00e9e\" \/>\n\t<meta name=\"twitter:data1\" content=\"2 minutes\" \/>\n<script type=\"application\/ld+json\" class=\"yoast-schema-graph\">{\"@context\":\"https:\/\/schema.org\",\"@graph\":[{\"@type\":\"WebPage\",\"@id\":\"https:\/\/www.tayeb.ma\/product\/%d8%b9%d8%b3%d9%84-%d8%a7%d9%84%d8%b3%d8%af%d8%b1\/\",\"url\":\"https:\/\/www.tayeb.ma\/product\/%d8%b9%d8%b3%d9%84-%d8%a7%d9%84%d8%b3%d8%af%d8%b1\/\",\"name\":\"\u0639\u0633\u0644 \u0627\u0644\u0633\u062f\u0631 - Tayeb\",\"isPartOf\":{\"@id\":\"https:\/\/www.tayeb.ma\/#website\"},\"primaryImageOfPage\":{\"@id\":\"https:\/\/www.tayeb.ma\/product\/%d8%b9%d8%b3%d9%84-%d8%a7%d9%84%d8%b3%d8%af%d8%b1\/#primaryimage\"},\"image\":{\"@id\":\"https:\/\/www.tayeb.ma\/product\/%d8%b9%d8%b3%d9%84-%d8%a7%d9%84%d8%b3%d8%af%d8%b1\/#primaryimage\"},\"thumbnailUrl\":\"https:\/\/www.tayeb.ma\/wp-content\/uploads\/2025\/01\/sidr1.png\",\"datePublished\":\"2025-01-12T23:42:55+00:00\",\"dateModified\":\"2025-02-04T12:34:27+00:00\",\"description\":\"\u0639\u0633\u0644 \u0627\u0644\u0633\u062f\u0631\u0629 \u0645\u0646 \u0627\u0644\u0645\u063a\u0631\u0628 \u0639\u0636\u0648\u064a \u0637\u0628\u064a\u0639\u064a \u0628\u064a\u0648 \u064a\u0628\u0627\u0639 \u0641\u064a \u0637\u0646\u062c\u0629 \u0627\u0644\u062f\u0627\u0631\u0627\u0644\u0628\u064a\u0636\u0627\u0621 \u0627\u0644\u0631\u0628\u0627\u0637.. Miel de Jujubier- Sidr du Maroc en vente \u00e0 Tanger Casablanca Rabat Honey Morocco..\",\"breadcrumb\":{\"@id\":\"https:\/\/www.tayeb.ma\/product\/%d8%b9%d8%b3%d9%84-%d8%a7%d9%84%d8%b3%d8%af%d8%b1\/#breadcrumb\"},\"inLanguage\":\"fr-FR\",\"potentialAction\":[{\"@type\":\"ReadAction\",\"target\":[\"https:\/\/www.tayeb.ma\/product\/%d8%b9%d8%b3%d9%84-%d8%a7%d9%84%d8%b3%d8%af%d8%b1\/\"]}]},{\"@type\":\"ImageObject\",\"inLanguage\":\"fr-FR\",\"@id\":\"https:\/\/www.tayeb.ma\/product\/%d8%b9%d8%b3%d9%84-%d8%a7%d9%84%d8%b3%d8%af%d8%b1\/#primaryimage\",\"url\":\"https:\/\/www.tayeb.ma\/wp-content\/uploads\/2025\/01\/sidr1.png\",\"contentUrl\":\"https:\/\/www.tayeb.ma\/wp-content\/uploads\/2025\/01\/sidr1.png\",\"width\":1751,\"height\":1829},{\"@type\":\"BreadcrumbList\",\"@id\":\"https:\/\/www.tayeb.ma\/product\/%d8%b9%d8%b3%d9%84-%d8%a7%d9%84%d8%b3%d8%af%d8%b1\/#breadcrumb\",\"itemListElement\":[{\"@type\":\"ListItem\",\"position\":1,\"name\":\"Home\",\"item\":\"https:\/\/www.tayeb.ma\/\"},{\"@type\":\"ListItem\",\"position\":2,\"name\":\"\u0627\u0644\u0645\u062a\u062c\u0631\",\"item\":\"https:\/\/www.tayeb.ma\/%d8%a7%d9%84%d9%85%d8%aa%d8%ac%d8%b1\/\"},{\"@type\":\"ListItem\",\"position\":3,\"name\":\"\u0639\u0633\u0644 \u0627\u0644\u0633\u062f\u0631\"}]},{\"@type\":\"WebSite\",\"@id\":\"https:\/\/www.tayeb.ma\/#website\",\"url\":\"https:\/\/www.tayeb.ma\/\",\"name\":\"Tayeb\",\"description\":\"S\u00e9lection de produits du Terroir du Maroc\",\"publisher\":{\"@id\":\"https:\/\/www.tayeb.ma\/#organization\"},\"potentialAction\":[{\"@type\":\"SearchAction\",\"target\":{\"@type\":\"EntryPoint\",\"urlTemplate\":\"https:\/\/www.tayeb.ma\/?s={search_term_string}\"},\"query-input\":{\"@type\":\"PropertyValueSpecification\",\"valueRequired\":true,\"valueName\":\"search_term_string\"}}],\"inLanguage\":\"fr-FR\"},{\"@type\":\"Organization\",\"@id\":\"https:\/\/www.tayeb.ma\/#organization\",\"name\":\"Tayeb - \u0637\u064e\u064a\u0650\u0651\u0640\u0628\",\"url\":\"https:\/\/www.tayeb.ma\/\",\"logo\":{\"@type\":\"ImageObject\",\"inLanguage\":\"fr-FR\",\"@id\":\"https:\/\/www.tayeb.ma\/#\/schema\/logo\/image\/\",\"url\":\"https:\/\/www.tayeb.ma\/wp-content\/uploads\/2025\/01\/tayeb-logo-01.svg\",\"contentUrl\":\"https:\/\/www.tayeb.ma\/wp-content\/uploads\/2025\/01\/tayeb-logo-01.svg\",\"width\":142,\"height\":69,\"caption\":\"Tayeb - \u0637\u064e\u064a\u0650\u0651\u0640\u0628\"},\"image\":{\"@id\":\"https:\/\/www.tayeb.ma\/#\/schema\/logo\/image\/\"},\"sameAs\":[\"https:\/\/www.facebook.com\/weTayeb\",\"https:\/\/www.instagram.com\/wetayeb\/\"]}]}<\/script>\n<!-- \/ Yoast SEO plugin. -->","yoast_head_json":{"title":"\u0639\u0633\u0644 \u0627\u0644\u0633\u062f\u0631 - Tayeb","description":"\u0639\u0633\u0644 \u0627\u0644\u0633\u062f\u0631\u0629 \u0645\u0646 \u0627\u0644\u0645\u063a\u0631\u0628 \u0639\u0636\u0648\u064a \u0637\u0628\u064a\u0639\u064a \u0628\u064a\u0648 \u064a\u0628\u0627\u0639 \u0641\u064a \u0637\u0646\u062c\u0629 \u0627\u0644\u062f\u0627\u0631\u0627\u0644\u0628\u064a\u0636\u0627\u0621 \u0627\u0644\u0631\u0628\u0627\u0637.. Miel de Jujubier- Sidr du Maroc en vente \u00e0 Tanger Casablanca Rabat Honey Morocco..","robots":{"index":"index","follow":"follow","max-snippet":"max-snippet:-1","max-image-preview":"max-image-preview:large","max-video-preview":"max-video-preview:-1"},"canonical":"https:\/\/www.tayeb.ma\/fr\/produit\/\u0639\u0633\u0644-\u0627\u0644\u0633\u062f\u0631\/","og_locale":"fr_FR","og_type":"article","og_title":"\u0639\u0633\u0644 \u0627\u0644\u0633\u062f\u0631 - Tayeb","og_description":"\u0639\u0633\u0644 \u0627\u0644\u0633\u062f\u0631\u0629 \u0645\u0646 \u0627\u0644\u0645\u063a\u0631\u0628 \u0639\u0636\u0648\u064a \u0637\u0628\u064a\u0639\u064a \u0628\u064a\u0648 \u064a\u0628\u0627\u0639 \u0641\u064a \u0637\u0646\u062c\u0629 \u0627\u0644\u062f\u0627\u0631\u0627\u0644\u0628\u064a\u0636\u0627\u0621 \u0627\u0644\u0631\u0628\u0627\u0637.. Miel de Jujubier- Sidr du Maroc en vente \u00e0 Tanger Casablanca Rabat Honey Morocco..","og_url":"https:\/\/www.tayeb.ma\/fr\/produit\/\u0639\u0633\u0644-\u0627\u0644\u0633\u062f\u0631\/","og_site_name":"Tayeb","article_publisher":"https:\/\/www.facebook.com\/weTayeb","article_modified_time":"2025-02-04T12:34:27+00:00","og_image":[{"width":1751,"height":1829,"url":"https:\/\/www.tayeb.ma\/wp-content\/uploads\/2025\/01\/sidr1.png","type":"image\/png"}],"twitter_card":"summary_large_image","twitter_misc":{"Dur\u00e9e de lecture estim\u00e9e":"2 minutes"},"schema":{"@context":"https:\/\/schema.org","@graph":[{"@type":"WebPage","@id":"https:\/\/www.tayeb.ma\/product\/%d8%b9%d8%b3%d9%84-%d8%a7%d9%84%d8%b3%d8%af%d8%b1\/","url":"https:\/\/www.tayeb.ma\/product\/%d8%b9%d8%b3%d9%84-%d8%a7%d9%84%d8%b3%d8%af%d8%b1\/","name":"\u0639\u0633\u0644 \u0627\u0644\u0633\u062f\u0631 - Tayeb","isPartOf":{"@id":"https:\/\/www.tayeb.ma\/#website"},"primaryImageOfPage":{"@id":"https:\/\/www.tayeb.ma\/product\/%d8%b9%d8%b3%d9%84-%d8%a7%d9%84%d8%b3%d8%af%d8%b1\/#primaryimage"},"image":{"@id":"https:\/\/www.tayeb.ma\/product\/%d8%b9%d8%b3%d9%84-%d8%a7%d9%84%d8%b3%d8%af%d8%b1\/#primaryimage"},"thumbnailUrl":"https:\/\/www.tayeb.ma\/wp-content\/uploads\/2025\/01\/sidr1.png","datePublished":"2025-01-12T23:42:55+00:00","dateModified":"2025-02-04T12:34:27+00:00","description":"\u0639\u0633\u0644 \u0627\u0644\u0633\u062f\u0631\u0629 \u0645\u0646 \u0627\u0644\u0645\u063a\u0631\u0628 \u0639\u0636\u0648\u064a \u0637\u0628\u064a\u0639\u064a \u0628\u064a\u0648 \u064a\u0628\u0627\u0639 \u0641\u064a \u0637\u0646\u062c\u0629 \u0627\u0644\u062f\u0627\u0631\u0627\u0644\u0628\u064a\u0636\u0627\u0621 \u0627\u0644\u0631\u0628\u0627\u0637.. Miel de Jujubier- Sidr du Maroc en vente \u00e0 Tanger Casablanca Rabat Honey Morocco..","breadcrumb":{"@id":"https:\/\/www.tayeb.ma\/product\/%d8%b9%d8%b3%d9%84-%d8%a7%d9%84%d8%b3%d8%af%d8%b1\/#breadcrumb"},"inLanguage":"fr-FR","potentialAction":[{"@type":"ReadAction","target":["https:\/\/www.tayeb.ma\/product\/%d8%b9%d8%b3%d9%84-%d8%a7%d9%84%d8%b3%d8%af%d8%b1\/"]}]},{"@type":"ImageObject","inLanguage":"fr-FR","@id":"https:\/\/www.tayeb.ma\/product\/%d8%b9%d8%b3%d9%84-%d8%a7%d9%84%d8%b3%d8%af%d8%b1\/#primaryimage","url":"https:\/\/www.tayeb.ma\/wp-content\/uploads\/2025\/01\/sidr1.png","contentUrl":"https:\/\/www.tayeb.ma\/wp-content\/uploads\/2025\/01\/sidr1.png","width":1751,"height":1829},{"@type":"BreadcrumbList","@id":"https:\/\/www.tayeb.ma\/product\/%d8%b9%d8%b3%d9%84-%d8%a7%d9%84%d8%b3%d8%af%d8%b1\/#breadcrumb","itemListElement":[{"@type":"ListItem","position":1,"name":"Home","item":"https:\/\/www.tayeb.ma\/"},{"@type":"ListItem","position":2,"name":"\u0627\u0644\u0645\u062a\u062c\u0631","item":"https:\/\/www.tayeb.ma\/%d8%a7%d9%84%d9%85%d8%aa%d8%ac%d8%b1\/"},{"@type":"ListItem","position":3,"name":"\u0639\u0633\u0644 \u0627\u0644\u0633\u062f\u0631"}]},{"@type":"WebSite","@id":"https:\/\/www.tayeb.ma\/#website","url":"https:\/\/www.tayeb.ma\/","name":"Tayeb","description":"S\u00e9lection de produits du Terroir du Maroc","publisher":{"@id":"https:\/\/www.tayeb.ma\/#organization"},"potentialAction":[{"@type":"SearchAction","target":{"@type":"EntryPoint","urlTemplate":"https:\/\/www.tayeb.ma\/?s={search_term_string}"},"query-input":{"@type":"PropertyValueSpecification","valueRequired":true,"valueName":"search_term_string"}}],"inLanguage":"fr-FR"},{"@type":"Organization","@id":"https:\/\/www.tayeb.ma\/#organization","name":"Tayeb - \u0637\u064e\u064a\u0650\u0651\u0640\u0628","url":"https:\/\/www.tayeb.ma\/","logo":{"@type":"ImageObject","inLanguage":"fr-FR","@id":"https:\/\/www.tayeb.ma\/#\/schema\/logo\/image\/","url":"https:\/\/www.tayeb.ma\/wp-content\/uploads\/2025\/01\/tayeb-logo-01.svg","contentUrl":"https:\/\/www.tayeb.ma\/wp-content\/uploads\/2025\/01\/tayeb-logo-01.svg","width":142,"height":69,"caption":"Tayeb - \u0637\u064e\u064a\u0650\u0651\u0640\u0628"},"image":{"@id":"https:\/\/www.tayeb.ma\/#\/schema\/logo\/image\/"},"sameAs":["https:\/\/www.facebook.com\/weTayeb","https:\/\/www.instagram.com\/wetayeb\/"]}]}},"_links":{"self":[{"href":"https:\/\/www.tayeb.ma\/fr\/wp-json\/wp\/v2\/product\/7109","targetHints":{"allow":["GET"]}}],"collection":[{"href":"https:\/\/www.tayeb.ma\/fr\/wp-json\/wp\/v2\/product"}],"about":[{"href":"https:\/\/www.tayeb.ma\/fr\/wp-json\/wp\/v2\/types\/product"}],"wp:featuredmedia":[{"embeddable":true,"href":"https:\/\/www.tayeb.ma\/fr\/wp-json\/wp\/v2\/media\/7134"}],"wp:attachment":[{"href":"https:\/\/www.tayeb.ma\/fr\/wp-json\/wp\/v2\/media?parent=7109"}],"wp:term":[{"taxonomy":"product_cat","embeddable":true,"href":"https:\/\/www.tayeb.ma\/fr\/wp-json\/wp\/v2\/product_cat?post=7109"},{"taxonomy":"product_tag","embeddable":true,"href":"https:\/\/www.tayeb.ma\/fr\/wp-json\/wp\/v2\/product_tag?post=7109"}],"curies":[{"name":"wp","href":"https:\/\/api.w.org\/{rel}","templated":true}]}}