{"id":7113,"date":"2025-01-12T23:42:55","date_gmt":"2025-01-12T23:42:55","guid":{"rendered":"https:\/\/tayeb.ma\/?post_type=product&#038;p=7113"},"modified":"2025-01-20T19:53:50","modified_gmt":"2025-01-20T19:53:50","slug":"%d8%b9%d9%83%d8%a8%d8%b1-%d8%ae%d8%a7%d9%85","status":"publish","type":"product","link":"https:\/\/www.tayeb.ma\/fr\/produit\/%d8%b9%d9%83%d8%a8%d8%b1-%d8%ae%d8%a7%d9%85\/","title":{"rendered":"Propolis brute"},"content":{"rendered":"<p id=\"tw-target-text\" class=\"tw-data-text tw-text-large tw-ta\" dir=\"rtl\" data-placeholder=\"Traduction\"><span class=\"Y2IQFc\" lang=\"ar\" style=\"color: #000000;\">La Propolis est un produit d'abeille adh\u00e9sif  qui a de nombreuses propri\u00e9t\u00e9s curatives. La propolis brute est une substance que les abeilles fabriquent \u00e0 l'aide de bourgeons des arbres. La Propolis a \u00e9t\u00e9 bien connue depuis l'antiquit\u00e9 comme un rem\u00e8de pour les abc\u00e8s dentaires, les infections, les rhumes, la grippe et d'une mani\u00e8re g\u00e9n\u00e9rale comme antibiotique naturel. La propolis est utilis\u00e9e pour traiter diff\u00e9rents types de plaies, br\u00fblures, ulc\u00e8res, les externes et les plaies chirurgicales.<\/span><\/p>","protected":false},"excerpt":{"rendered":"<p>Propolis brute<\/p>","protected":false},"featured_media":7135,"template":"","meta":[],"product_cat":[88,90,104],"product_tag":[93,94,97,98,101,102],"class_list":{"0":"post-7113","1":"product","2":"type-product","3":"status-publish","4":"has-post-thumbnail","6":"product_cat-88","7":"product_cat-90","8":"product_cat-104","9":"product_tag-maroc","10":"product_tag-miel","11":"product_tag-tayeb","12":"product_tag-98","13":"product_tag-101","14":"product_tag-102","16":"first","17":"instock","18":"shipping-taxable","19":"purchasable","20":"product-type-variable"},"yoast_head":"<!-- This site is optimized with the Yoast SEO plugin v26.4 - https:\/\/yoast.com\/wordpress\/plugins\/seo\/ -->\n<title>\u0639\u0643\u0628\u0631 \u062e\u0627\u0645 - Tayeb<\/title>\n<meta name=\"description\" content=\"\u0639\u0643\u0628\u0631 \u0628\u0631\u0648\u0628\u0648\u0644\u064a\u0633 \u062f\u0646\u062c \u0645\u0646 \u0627\u0644\u0645\u063a\u0631\u0628 \u0639\u0636\u0648\u064a \u0637\u0628\u064a\u0639\u064a \u0628\u064a\u0648 \u064a\u0628\u0627\u0639 \u0641\u064a \u0637\u0646\u062c\u0629 \u0627\u0644\u062f\u0627\u0631\u0627\u0644\u0628\u064a\u0636\u0627\u0621 \u0627\u0644\u0631\u0628\u0627\u0637.. Propolis en vente \u00e0 Tanger Casablanca Rabat Morocco..\" \/>\n<meta name=\"robots\" content=\"index, follow, max-snippet:-1, max-image-preview:large, max-video-preview:-1\" \/>\n<link rel=\"canonical\" href=\"https:\/\/www.tayeb.ma\/fr\/produit\/\u0639\u0643\u0628\u0631-\u062e\u0627\u0645\/\" \/>\n<meta property=\"og:locale\" content=\"fr_FR\" \/>\n<meta property=\"og:type\" content=\"article\" \/>\n<meta property=\"og:title\" content=\"\u0639\u0643\u0628\u0631 \u062e\u0627\u0645 - Tayeb\" \/>\n<meta property=\"og:description\" content=\"\u0639\u0643\u0628\u0631 \u0628\u0631\u0648\u0628\u0648\u0644\u064a\u0633 \u062f\u0646\u062c \u0645\u0646 \u0627\u0644\u0645\u063a\u0631\u0628 \u0639\u0636\u0648\u064a \u0637\u0628\u064a\u0639\u064a \u0628\u064a\u0648 \u064a\u0628\u0627\u0639 \u0641\u064a \u0637\u0646\u062c\u0629 \u0627\u0644\u062f\u0627\u0631\u0627\u0644\u0628\u064a\u0636\u0627\u0621 \u0627\u0644\u0631\u0628\u0627\u0637.. Propolis en vente \u00e0 Tanger Casablanca Rabat Morocco..\" \/>\n<meta property=\"og:url\" content=\"https:\/\/www.tayeb.ma\/fr\/produit\/\u0639\u0643\u0628\u0631-\u062e\u0627\u0645\/\" \/>\n<meta property=\"og:site_name\" content=\"Tayeb\" \/>\n<meta property=\"article:publisher\" content=\"https:\/\/www.facebook.com\/weTayeb\" \/>\n<meta property=\"article:modified_time\" content=\"2025-01-20T19:53:50+00:00\" \/>\n<meta property=\"og:image\" content=\"https:\/\/www.tayeb.ma\/wp-content\/uploads\/2025\/01\/propolis-tayeb-02.png\" \/>\n\t<meta property=\"og:image:width\" content=\"1343\" \/>\n\t<meta property=\"og:image:height\" content=\"1461\" \/>\n\t<meta property=\"og:image:type\" content=\"image\/png\" \/>\n<meta name=\"twitter:card\" content=\"summary_large_image\" \/>\n<meta name=\"twitter:label1\" content=\"Dur\u00e9e de lecture estim\u00e9e\" \/>\n\t<meta name=\"twitter:data1\" content=\"1 minute\" \/>\n<script type=\"application\/ld+json\" class=\"yoast-schema-graph\">{\"@context\":\"https:\/\/schema.org\",\"@graph\":[{\"@type\":\"WebPage\",\"@id\":\"https:\/\/www.tayeb.ma\/product\/%d8%b9%d9%83%d8%a8%d8%b1-%d8%ae%d8%a7%d9%85\/\",\"url\":\"https:\/\/www.tayeb.ma\/product\/%d8%b9%d9%83%d8%a8%d8%b1-%d8%ae%d8%a7%d9%85\/\",\"name\":\"\u0639\u0643\u0628\u0631 \u062e\u0627\u0645 - Tayeb\",\"isPartOf\":{\"@id\":\"https:\/\/www.tayeb.ma\/#website\"},\"primaryImageOfPage\":{\"@id\":\"https:\/\/www.tayeb.ma\/product\/%d8%b9%d9%83%d8%a8%d8%b1-%d8%ae%d8%a7%d9%85\/#primaryimage\"},\"image\":{\"@id\":\"https:\/\/www.tayeb.ma\/product\/%d8%b9%d9%83%d8%a8%d8%b1-%d8%ae%d8%a7%d9%85\/#primaryimage\"},\"thumbnailUrl\":\"https:\/\/www.tayeb.ma\/wp-content\/uploads\/2025\/01\/propolis-tayeb-02.png\",\"datePublished\":\"2025-01-12T23:42:55+00:00\",\"dateModified\":\"2025-01-20T19:53:50+00:00\",\"description\":\"\u0639\u0643\u0628\u0631 \u0628\u0631\u0648\u0628\u0648\u0644\u064a\u0633 \u062f\u0646\u062c \u0645\u0646 \u0627\u0644\u0645\u063a\u0631\u0628 \u0639\u0636\u0648\u064a \u0637\u0628\u064a\u0639\u064a \u0628\u064a\u0648 \u064a\u0628\u0627\u0639 \u0641\u064a \u0637\u0646\u062c\u0629 \u0627\u0644\u062f\u0627\u0631\u0627\u0644\u0628\u064a\u0636\u0627\u0621 \u0627\u0644\u0631\u0628\u0627\u0637.. Propolis en vente \u00e0 Tanger Casablanca Rabat Morocco..\",\"breadcrumb\":{\"@id\":\"https:\/\/www.tayeb.ma\/product\/%d8%b9%d9%83%d8%a8%d8%b1-%d8%ae%d8%a7%d9%85\/#breadcrumb\"},\"inLanguage\":\"fr-FR\",\"potentialAction\":[{\"@type\":\"ReadAction\",\"target\":[\"https:\/\/www.tayeb.ma\/product\/%d8%b9%d9%83%d8%a8%d8%b1-%d8%ae%d8%a7%d9%85\/\"]}]},{\"@type\":\"ImageObject\",\"inLanguage\":\"fr-FR\",\"@id\":\"https:\/\/www.tayeb.ma\/product\/%d8%b9%d9%83%d8%a8%d8%b1-%d8%ae%d8%a7%d9%85\/#primaryimage\",\"url\":\"https:\/\/www.tayeb.ma\/wp-content\/uploads\/2025\/01\/propolis-tayeb-02.png\",\"contentUrl\":\"https:\/\/www.tayeb.ma\/wp-content\/uploads\/2025\/01\/propolis-tayeb-02.png\",\"width\":1343,\"height\":1461},{\"@type\":\"BreadcrumbList\",\"@id\":\"https:\/\/www.tayeb.ma\/product\/%d8%b9%d9%83%d8%a8%d8%b1-%d8%ae%d8%a7%d9%85\/#breadcrumb\",\"itemListElement\":[{\"@type\":\"ListItem\",\"position\":1,\"name\":\"Home\",\"item\":\"https:\/\/www.tayeb.ma\/\"},{\"@type\":\"ListItem\",\"position\":2,\"name\":\"\u0627\u0644\u0645\u062a\u062c\u0631\",\"item\":\"https:\/\/www.tayeb.ma\/%d8%a7%d9%84%d9%85%d8%aa%d8%ac%d8%b1\/\"},{\"@type\":\"ListItem\",\"position\":3,\"name\":\"\u0639\u0643\u0628\u0631 \u062e\u0627\u0645\"}]},{\"@type\":\"WebSite\",\"@id\":\"https:\/\/www.tayeb.ma\/#website\",\"url\":\"https:\/\/www.tayeb.ma\/\",\"name\":\"Tayeb\",\"description\":\"S\u00e9lection de produits du Terroir du Maroc\",\"publisher\":{\"@id\":\"https:\/\/www.tayeb.ma\/#organization\"},\"potentialAction\":[{\"@type\":\"SearchAction\",\"target\":{\"@type\":\"EntryPoint\",\"urlTemplate\":\"https:\/\/www.tayeb.ma\/?s={search_term_string}\"},\"query-input\":{\"@type\":\"PropertyValueSpecification\",\"valueRequired\":true,\"valueName\":\"search_term_string\"}}],\"inLanguage\":\"fr-FR\"},{\"@type\":\"Organization\",\"@id\":\"https:\/\/www.tayeb.ma\/#organization\",\"name\":\"Tayeb - \u0637\u064e\u064a\u0650\u0651\u0640\u0628\",\"url\":\"https:\/\/www.tayeb.ma\/\",\"logo\":{\"@type\":\"ImageObject\",\"inLanguage\":\"fr-FR\",\"@id\":\"https:\/\/www.tayeb.ma\/#\/schema\/logo\/image\/\",\"url\":\"https:\/\/www.tayeb.ma\/wp-content\/uploads\/2025\/01\/tayeb-logo-01.svg\",\"contentUrl\":\"https:\/\/www.tayeb.ma\/wp-content\/uploads\/2025\/01\/tayeb-logo-01.svg\",\"width\":142,\"height\":69,\"caption\":\"Tayeb - \u0637\u064e\u064a\u0650\u0651\u0640\u0628\"},\"image\":{\"@id\":\"https:\/\/www.tayeb.ma\/#\/schema\/logo\/image\/\"},\"sameAs\":[\"https:\/\/www.facebook.com\/weTayeb\",\"https:\/\/www.instagram.com\/wetayeb\/\"]}]}<\/script>\n<!-- \/ Yoast SEO plugin. -->","yoast_head_json":{"title":"\u0639\u0643\u0628\u0631 \u062e\u0627\u0645 - Tayeb","description":"\u0639\u0643\u0628\u0631 \u0628\u0631\u0648\u0628\u0648\u0644\u064a\u0633 \u062f\u0646\u062c \u0645\u0646 \u0627\u0644\u0645\u063a\u0631\u0628 \u0639\u0636\u0648\u064a \u0637\u0628\u064a\u0639\u064a \u0628\u064a\u0648 \u064a\u0628\u0627\u0639 \u0641\u064a \u0637\u0646\u062c\u0629 \u0627\u0644\u062f\u0627\u0631\u0627\u0644\u0628\u064a\u0636\u0627\u0621 \u0627\u0644\u0631\u0628\u0627\u0637.. Propolis en vente \u00e0 Tanger Casablanca Rabat Morocco..","robots":{"index":"index","follow":"follow","max-snippet":"max-snippet:-1","max-image-preview":"max-image-preview:large","max-video-preview":"max-video-preview:-1"},"canonical":"https:\/\/www.tayeb.ma\/fr\/produit\/\u0639\u0643\u0628\u0631-\u062e\u0627\u0645\/","og_locale":"fr_FR","og_type":"article","og_title":"\u0639\u0643\u0628\u0631 \u062e\u0627\u0645 - Tayeb","og_description":"\u0639\u0643\u0628\u0631 \u0628\u0631\u0648\u0628\u0648\u0644\u064a\u0633 \u062f\u0646\u062c \u0645\u0646 \u0627\u0644\u0645\u063a\u0631\u0628 \u0639\u0636\u0648\u064a \u0637\u0628\u064a\u0639\u064a \u0628\u064a\u0648 \u064a\u0628\u0627\u0639 \u0641\u064a \u0637\u0646\u062c\u0629 \u0627\u0644\u062f\u0627\u0631\u0627\u0644\u0628\u064a\u0636\u0627\u0621 \u0627\u0644\u0631\u0628\u0627\u0637.. Propolis en vente \u00e0 Tanger Casablanca Rabat Morocco..","og_url":"https:\/\/www.tayeb.ma\/fr\/produit\/\u0639\u0643\u0628\u0631-\u062e\u0627\u0645\/","og_site_name":"Tayeb","article_publisher":"https:\/\/www.facebook.com\/weTayeb","article_modified_time":"2025-01-20T19:53:50+00:00","og_image":[{"width":1343,"height":1461,"url":"https:\/\/www.tayeb.ma\/wp-content\/uploads\/2025\/01\/propolis-tayeb-02.png","type":"image\/png"}],"twitter_card":"summary_large_image","twitter_misc":{"Dur\u00e9e de lecture estim\u00e9e":"1 minute"},"schema":{"@context":"https:\/\/schema.org","@graph":[{"@type":"WebPage","@id":"https:\/\/www.tayeb.ma\/product\/%d8%b9%d9%83%d8%a8%d8%b1-%d8%ae%d8%a7%d9%85\/","url":"https:\/\/www.tayeb.ma\/product\/%d8%b9%d9%83%d8%a8%d8%b1-%d8%ae%d8%a7%d9%85\/","name":"\u0639\u0643\u0628\u0631 \u062e\u0627\u0645 - Tayeb","isPartOf":{"@id":"https:\/\/www.tayeb.ma\/#website"},"primaryImageOfPage":{"@id":"https:\/\/www.tayeb.ma\/product\/%d8%b9%d9%83%d8%a8%d8%b1-%d8%ae%d8%a7%d9%85\/#primaryimage"},"image":{"@id":"https:\/\/www.tayeb.ma\/product\/%d8%b9%d9%83%d8%a8%d8%b1-%d8%ae%d8%a7%d9%85\/#primaryimage"},"thumbnailUrl":"https:\/\/www.tayeb.ma\/wp-content\/uploads\/2025\/01\/propolis-tayeb-02.png","datePublished":"2025-01-12T23:42:55+00:00","dateModified":"2025-01-20T19:53:50+00:00","description":"\u0639\u0643\u0628\u0631 \u0628\u0631\u0648\u0628\u0648\u0644\u064a\u0633 \u062f\u0646\u062c \u0645\u0646 \u0627\u0644\u0645\u063a\u0631\u0628 \u0639\u0636\u0648\u064a \u0637\u0628\u064a\u0639\u064a \u0628\u064a\u0648 \u064a\u0628\u0627\u0639 \u0641\u064a \u0637\u0646\u062c\u0629 \u0627\u0644\u062f\u0627\u0631\u0627\u0644\u0628\u064a\u0636\u0627\u0621 \u0627\u0644\u0631\u0628\u0627\u0637.. Propolis en vente \u00e0 Tanger Casablanca Rabat Morocco..","breadcrumb":{"@id":"https:\/\/www.tayeb.ma\/product\/%d8%b9%d9%83%d8%a8%d8%b1-%d8%ae%d8%a7%d9%85\/#breadcrumb"},"inLanguage":"fr-FR","potentialAction":[{"@type":"ReadAction","target":["https:\/\/www.tayeb.ma\/product\/%d8%b9%d9%83%d8%a8%d8%b1-%d8%ae%d8%a7%d9%85\/"]}]},{"@type":"ImageObject","inLanguage":"fr-FR","@id":"https:\/\/www.tayeb.ma\/product\/%d8%b9%d9%83%d8%a8%d8%b1-%d8%ae%d8%a7%d9%85\/#primaryimage","url":"https:\/\/www.tayeb.ma\/wp-content\/uploads\/2025\/01\/propolis-tayeb-02.png","contentUrl":"https:\/\/www.tayeb.ma\/wp-content\/uploads\/2025\/01\/propolis-tayeb-02.png","width":1343,"height":1461},{"@type":"BreadcrumbList","@id":"https:\/\/www.tayeb.ma\/product\/%d8%b9%d9%83%d8%a8%d8%b1-%d8%ae%d8%a7%d9%85\/#breadcrumb","itemListElement":[{"@type":"ListItem","position":1,"name":"Home","item":"https:\/\/www.tayeb.ma\/"},{"@type":"ListItem","position":2,"name":"\u0627\u0644\u0645\u062a\u062c\u0631","item":"https:\/\/www.tayeb.ma\/%d8%a7%d9%84%d9%85%d8%aa%d8%ac%d8%b1\/"},{"@type":"ListItem","position":3,"name":"\u0639\u0643\u0628\u0631 \u062e\u0627\u0645"}]},{"@type":"WebSite","@id":"https:\/\/www.tayeb.ma\/#website","url":"https:\/\/www.tayeb.ma\/","name":"Tayeb","description":"S\u00e9lection de produits du Terroir du Maroc","publisher":{"@id":"https:\/\/www.tayeb.ma\/#organization"},"potentialAction":[{"@type":"SearchAction","target":{"@type":"EntryPoint","urlTemplate":"https:\/\/www.tayeb.ma\/?s={search_term_string}"},"query-input":{"@type":"PropertyValueSpecification","valueRequired":true,"valueName":"search_term_string"}}],"inLanguage":"fr-FR"},{"@type":"Organization","@id":"https:\/\/www.tayeb.ma\/#organization","name":"Tayeb - \u0637\u064e\u064a\u0650\u0651\u0640\u0628","url":"https:\/\/www.tayeb.ma\/","logo":{"@type":"ImageObject","inLanguage":"fr-FR","@id":"https:\/\/www.tayeb.ma\/#\/schema\/logo\/image\/","url":"https:\/\/www.tayeb.ma\/wp-content\/uploads\/2025\/01\/tayeb-logo-01.svg","contentUrl":"https:\/\/www.tayeb.ma\/wp-content\/uploads\/2025\/01\/tayeb-logo-01.svg","width":142,"height":69,"caption":"Tayeb - \u0637\u064e\u064a\u0650\u0651\u0640\u0628"},"image":{"@id":"https:\/\/www.tayeb.ma\/#\/schema\/logo\/image\/"},"sameAs":["https:\/\/www.facebook.com\/weTayeb","https:\/\/www.instagram.com\/wetayeb\/"]}]}},"_links":{"self":[{"href":"https:\/\/www.tayeb.ma\/fr\/wp-json\/wp\/v2\/product\/7113","targetHints":{"allow":["GET"]}}],"collection":[{"href":"https:\/\/www.tayeb.ma\/fr\/wp-json\/wp\/v2\/product"}],"about":[{"href":"https:\/\/www.tayeb.ma\/fr\/wp-json\/wp\/v2\/types\/product"}],"wp:featuredmedia":[{"embeddable":true,"href":"https:\/\/www.tayeb.ma\/fr\/wp-json\/wp\/v2\/media\/7135"}],"wp:attachment":[{"href":"https:\/\/www.tayeb.ma\/fr\/wp-json\/wp\/v2\/media?parent=7113"}],"wp:term":[{"taxonomy":"product_cat","embeddable":true,"href":"https:\/\/www.tayeb.ma\/fr\/wp-json\/wp\/v2\/product_cat?post=7113"},{"taxonomy":"product_tag","embeddable":true,"href":"https:\/\/www.tayeb.ma\/fr\/wp-json\/wp\/v2\/product_tag?post=7113"}],"curies":[{"name":"wp","href":"https:\/\/api.w.org\/{rel}","templated":true}]}}