{"id":7122,"date":"2025-01-12T23:43:18","date_gmt":"2025-01-12T23:43:18","guid":{"rendered":"https:\/\/tayeb.ma\/?post_type=product&#038;p=7122"},"modified":"2025-01-20T19:51:52","modified_gmt":"2025-01-20T19:51:52","slug":"%d8%ad%d8%a8%d9%88%d8%a8-%d9%84%d9%82%d8%a7%d8%ad-%d8%a7%d9%84%d9%86%d8%ad%d9%84","status":"publish","type":"product","link":"https:\/\/www.tayeb.ma\/fr\/produit\/%d8%ad%d8%a8%d9%88%d8%a8-%d9%84%d9%82%d8%a7%d8%ad-%d8%a7%d9%84%d9%86%d8%ad%d9%84\/","title":{"rendered":"Grains de pollen d'abeilles"},"content":{"rendered":"<p id=\"tw-target-text\" class=\"tw-data-text tw-text-large tw-ta\" dir=\"rtl\" data-placeholder=\"Traduction\"><span class=\"Y2IQFc\" lang=\"ar\" style=\"color: #000000;\">Le pollen d'abeilles est un aliments nutritif et on pense  qu'il contient plus de prot\u00e9ines que n'importe quel autre produit d'origine animale.<\/span><\/p>\n<p class=\"tw-data-text tw-text-large tw-ta\" dir=\"rtl\" data-placeholder=\"Traduction\"><span class=\"Y2IQFc\" lang=\"ar\" style=\"color: #000000;\"> Plus pr\u00e9cis\u00e9ment, ce petit mais puissant substance contient A, C, D, E, K et tous les composants B des acides amin\u00e9s, om\u00e9ga-3, de l'acide folique et d'antioxydants.<\/span><\/p>\n<p class=\"tw-data-text tw-text-large tw-ta\" dir=\"rtl\" data-placeholder=\"Traduction\"><span class=\"Y2IQFc\" lang=\"ar\" style=\"color: #000000;\"> Vous pouvez ajouter de pollen d&#039;abeille pour le petit-d\u00e9jeuner, le dessert ou le d\u00eener. Il est tr\u00e8s riche en carot\u00e9no\u00efdes et est riche en B-complexes, de vitamines et de la l\u00e9cithine.<\/span><\/p>\n<p><span style=\"color: #000000;\">Le pollen s\u00e9ch\u00e9 a un riche et profond go\u00fbt et saveur cr\u00e9meuse avec de la douceur et une pointe d'amertume, ce qui est possible d'\u00eatre tr\u00e8s inhabituelle, la premi\u00e8re fois que vous l'obtenez, mais vous devenez plus habitu\u00e9s \u00e0 cela dans le temps, et le plus savoureux m\u00e9lange dans de l'eau chaude.<\/span><\/p>\n<p><span style=\"color: #000000;\">Origine: Maroc<\/span><\/p>\n<p><span style=\"color: #000000;\"><strong>Important-sensibilit\u00e9:<\/strong><\/span><\/p>\n<p><span style=\"color: #000000;\">Dans certains cas, le pollen d&#039;abeille peut provoquer une r\u00e9action allergique. Si vous avez le moindre doute, il est recommand\u00e9 de prendre seulement quelques pilules en premier, puis attendre de voir si vous avez des probl\u00e8mes. Si pas , alors vous pouvez augmenter progressivement la dose jusqu&#039;\u00e0 ce que vous \u00eates s\u00fbr qu&#039;il ne vous affecte pas<\/span><\/p>","protected":false},"excerpt":{"rendered":"<p>\u062d\u0628\u0648\u0628 \u0644\u0642\u0627\u062d \u0627\u0644\u0646\u062d\u0644 \u062c\u0627\u0641<\/p>","protected":false},"featured_media":7138,"template":"","meta":[],"product_cat":[88,104],"product_tag":[93,94,97,98,101,102],"class_list":{"0":"post-7122","1":"product","2":"type-product","3":"status-publish","4":"has-post-thumbnail","6":"product_cat-88","7":"product_cat-104","8":"product_tag-maroc","9":"product_tag-miel","10":"product_tag-tayeb","11":"product_tag-98","12":"product_tag-101","13":"product_tag-102","15":"first","16":"instock","17":"shipping-taxable","18":"purchasable","19":"product-type-variable"},"yoast_head":"<!-- This site is optimized with the Yoast SEO plugin v26.4 - https:\/\/yoast.com\/wordpress\/plugins\/seo\/ -->\n<title>\u062d\u0628\u0648\u0628 \u0644\u0642\u0627\u062d \u0627\u0644\u0646\u062d\u0644 - Tayeb<\/title>\n<meta name=\"description\" content=\"\u062d\u0628\u0648\u0628 \u0644\u0642\u0627\u062d \u0627\u0644\u0646\u062d\u0644 \u0645\u0646 \u0627\u0644\u0645\u063a\u0631\u0628 \u0639\u0636\u0648\u064a \u0637\u0628\u064a\u0639\u064a \u0628\u064a\u0648 \u064a\u0628\u0627\u0639 \u0641\u064a \u0637\u0646\u062c\u0629 \u0627\u0644\u062f\u0627\u0631\u0627\u0644\u0628\u064a\u0636\u0627\u0621 \u0627\u0644\u0631\u0628\u0627\u0637.. Pollen d&#039;abeille en vente \u00e0 Tanger Casablanca Rabat Morocco..\" \/>\n<meta name=\"robots\" content=\"index, follow, max-snippet:-1, max-image-preview:large, max-video-preview:-1\" \/>\n<link rel=\"canonical\" href=\"https:\/\/www.tayeb.ma\/fr\/produit\/\u062d\u0628\u0648\u0628-\u0644\u0642\u0627\u062d-\u0627\u0644\u0646\u062d\u0644\/\" \/>\n<meta property=\"og:locale\" content=\"fr_FR\" \/>\n<meta property=\"og:type\" content=\"article\" \/>\n<meta property=\"og:title\" content=\"\u062d\u0628\u0648\u0628 \u0644\u0642\u0627\u062d \u0627\u0644\u0646\u062d\u0644 - Tayeb\" \/>\n<meta property=\"og:description\" content=\"\u062d\u0628\u0648\u0628 \u0644\u0642\u0627\u062d \u0627\u0644\u0646\u062d\u0644 \u0645\u0646 \u0627\u0644\u0645\u063a\u0631\u0628 \u0639\u0636\u0648\u064a \u0637\u0628\u064a\u0639\u064a \u0628\u064a\u0648 \u064a\u0628\u0627\u0639 \u0641\u064a \u0637\u0646\u062c\u0629 \u0627\u0644\u062f\u0627\u0631\u0627\u0644\u0628\u064a\u0636\u0627\u0621 \u0627\u0644\u0631\u0628\u0627\u0637.. Pollen d&#039;abeille en vente \u00e0 Tanger Casablanca Rabat Morocco..\" \/>\n<meta property=\"og:url\" content=\"https:\/\/www.tayeb.ma\/fr\/produit\/\u062d\u0628\u0648\u0628-\u0644\u0642\u0627\u062d-\u0627\u0644\u0646\u062d\u0644\/\" \/>\n<meta property=\"og:site_name\" content=\"Tayeb\" \/>\n<meta property=\"article:publisher\" content=\"https:\/\/www.facebook.com\/weTayeb\" \/>\n<meta property=\"article:modified_time\" content=\"2025-01-20T19:51:52+00:00\" \/>\n<meta property=\"og:image\" content=\"https:\/\/www.tayeb.ma\/wp-content\/uploads\/2025\/01\/tayeb-pollen-03.png\" \/>\n\t<meta property=\"og:image:width\" content=\"1292\" \/>\n\t<meta property=\"og:image:height\" content=\"1432\" \/>\n\t<meta property=\"og:image:type\" content=\"image\/png\" \/>\n<meta name=\"twitter:card\" content=\"summary_large_image\" \/>\n<meta name=\"twitter:label1\" content=\"Dur\u00e9e de lecture estim\u00e9e\" \/>\n\t<meta name=\"twitter:data1\" content=\"1 minute\" \/>\n<script type=\"application\/ld+json\" class=\"yoast-schema-graph\">{\"@context\":\"https:\/\/schema.org\",\"@graph\":[{\"@type\":\"WebPage\",\"@id\":\"https:\/\/www.tayeb.ma\/product\/%d8%ad%d8%a8%d9%88%d8%a8-%d9%84%d9%82%d8%a7%d8%ad-%d8%a7%d9%84%d9%86%d8%ad%d9%84\/\",\"url\":\"https:\/\/www.tayeb.ma\/product\/%d8%ad%d8%a8%d9%88%d8%a8-%d9%84%d9%82%d8%a7%d8%ad-%d8%a7%d9%84%d9%86%d8%ad%d9%84\/\",\"name\":\"\u062d\u0628\u0648\u0628 \u0644\u0642\u0627\u062d \u0627\u0644\u0646\u062d\u0644 - Tayeb\",\"isPartOf\":{\"@id\":\"https:\/\/www.tayeb.ma\/#website\"},\"primaryImageOfPage\":{\"@id\":\"https:\/\/www.tayeb.ma\/product\/%d8%ad%d8%a8%d9%88%d8%a8-%d9%84%d9%82%d8%a7%d8%ad-%d8%a7%d9%84%d9%86%d8%ad%d9%84\/#primaryimage\"},\"image\":{\"@id\":\"https:\/\/www.tayeb.ma\/product\/%d8%ad%d8%a8%d9%88%d8%a8-%d9%84%d9%82%d8%a7%d8%ad-%d8%a7%d9%84%d9%86%d8%ad%d9%84\/#primaryimage\"},\"thumbnailUrl\":\"https:\/\/www.tayeb.ma\/wp-content\/uploads\/2025\/01\/tayeb-pollen-03.png\",\"datePublished\":\"2025-01-12T23:43:18+00:00\",\"dateModified\":\"2025-01-20T19:51:52+00:00\",\"description\":\"\u062d\u0628\u0648\u0628 \u0644\u0642\u0627\u062d \u0627\u0644\u0646\u062d\u0644 \u0645\u0646 \u0627\u0644\u0645\u063a\u0631\u0628 \u0639\u0636\u0648\u064a \u0637\u0628\u064a\u0639\u064a \u0628\u064a\u0648 \u064a\u0628\u0627\u0639 \u0641\u064a \u0637\u0646\u062c\u0629 \u0627\u0644\u062f\u0627\u0631\u0627\u0644\u0628\u064a\u0636\u0627\u0621 \u0627\u0644\u0631\u0628\u0627\u0637.. Pollen d'abeille en vente \u00e0 Tanger Casablanca Rabat Morocco..\",\"breadcrumb\":{\"@id\":\"https:\/\/www.tayeb.ma\/product\/%d8%ad%d8%a8%d9%88%d8%a8-%d9%84%d9%82%d8%a7%d8%ad-%d8%a7%d9%84%d9%86%d8%ad%d9%84\/#breadcrumb\"},\"inLanguage\":\"fr-FR\",\"potentialAction\":[{\"@type\":\"ReadAction\",\"target\":[\"https:\/\/www.tayeb.ma\/product\/%d8%ad%d8%a8%d9%88%d8%a8-%d9%84%d9%82%d8%a7%d8%ad-%d8%a7%d9%84%d9%86%d8%ad%d9%84\/\"]}]},{\"@type\":\"ImageObject\",\"inLanguage\":\"fr-FR\",\"@id\":\"https:\/\/www.tayeb.ma\/product\/%d8%ad%d8%a8%d9%88%d8%a8-%d9%84%d9%82%d8%a7%d8%ad-%d8%a7%d9%84%d9%86%d8%ad%d9%84\/#primaryimage\",\"url\":\"https:\/\/www.tayeb.ma\/wp-content\/uploads\/2025\/01\/tayeb-pollen-03.png\",\"contentUrl\":\"https:\/\/www.tayeb.ma\/wp-content\/uploads\/2025\/01\/tayeb-pollen-03.png\",\"width\":1292,\"height\":1432},{\"@type\":\"BreadcrumbList\",\"@id\":\"https:\/\/www.tayeb.ma\/product\/%d8%ad%d8%a8%d9%88%d8%a8-%d9%84%d9%82%d8%a7%d8%ad-%d8%a7%d9%84%d9%86%d8%ad%d9%84\/#breadcrumb\",\"itemListElement\":[{\"@type\":\"ListItem\",\"position\":1,\"name\":\"Home\",\"item\":\"https:\/\/www.tayeb.ma\/\"},{\"@type\":\"ListItem\",\"position\":2,\"name\":\"\u0627\u0644\u0645\u062a\u062c\u0631\",\"item\":\"https:\/\/www.tayeb.ma\/%d8%a7%d9%84%d9%85%d8%aa%d8%ac%d8%b1\/\"},{\"@type\":\"ListItem\",\"position\":3,\"name\":\"\u062d\u0628\u0648\u0628 \u0644\u0642\u0627\u062d \u0627\u0644\u0646\u062d\u0644\"}]},{\"@type\":\"WebSite\",\"@id\":\"https:\/\/www.tayeb.ma\/#website\",\"url\":\"https:\/\/www.tayeb.ma\/\",\"name\":\"Tayeb\",\"description\":\"S\u00e9lection de produits du Terroir du Maroc\",\"publisher\":{\"@id\":\"https:\/\/www.tayeb.ma\/#organization\"},\"potentialAction\":[{\"@type\":\"SearchAction\",\"target\":{\"@type\":\"EntryPoint\",\"urlTemplate\":\"https:\/\/www.tayeb.ma\/?s={search_term_string}\"},\"query-input\":{\"@type\":\"PropertyValueSpecification\",\"valueRequired\":true,\"valueName\":\"search_term_string\"}}],\"inLanguage\":\"fr-FR\"},{\"@type\":\"Organization\",\"@id\":\"https:\/\/www.tayeb.ma\/#organization\",\"name\":\"Tayeb - \u0637\u064e\u064a\u0650\u0651\u0640\u0628\",\"url\":\"https:\/\/www.tayeb.ma\/\",\"logo\":{\"@type\":\"ImageObject\",\"inLanguage\":\"fr-FR\",\"@id\":\"https:\/\/www.tayeb.ma\/#\/schema\/logo\/image\/\",\"url\":\"https:\/\/www.tayeb.ma\/wp-content\/uploads\/2025\/01\/tayeb-logo-01.svg\",\"contentUrl\":\"https:\/\/www.tayeb.ma\/wp-content\/uploads\/2025\/01\/tayeb-logo-01.svg\",\"width\":142,\"height\":69,\"caption\":\"Tayeb - \u0637\u064e\u064a\u0650\u0651\u0640\u0628\"},\"image\":{\"@id\":\"https:\/\/www.tayeb.ma\/#\/schema\/logo\/image\/\"},\"sameAs\":[\"https:\/\/www.facebook.com\/weTayeb\",\"https:\/\/www.instagram.com\/wetayeb\/\"]}]}<\/script>\n<!-- \/ Yoast SEO plugin. -->","yoast_head_json":{"title":"\u062d\u0628\u0648\u0628 \u0644\u0642\u0627\u062d \u0627\u0644\u0646\u062d\u0644 - Tayeb","description":"\u062d\u0628\u0648\u0628 \u0644\u0642\u0627\u062d \u0627\u0644\u0646\u062d\u0644 \u0645\u0646 \u0627\u0644\u0645\u063a\u0631\u0628 \u0639\u0636\u0648\u064a \u0637\u0628\u064a\u0639\u064a \u0628\u064a\u0648 \u064a\u0628\u0627\u0639 \u0641\u064a \u0637\u0646\u062c\u0629 \u0627\u0644\u062f\u0627\u0631\u0627\u0644\u0628\u064a\u0636\u0627\u0621 \u0627\u0644\u0631\u0628\u0627\u0637.. Pollen d'abeille en vente \u00e0 Tanger Casablanca Rabat Morocco..","robots":{"index":"index","follow":"follow","max-snippet":"max-snippet:-1","max-image-preview":"max-image-preview:large","max-video-preview":"max-video-preview:-1"},"canonical":"https:\/\/www.tayeb.ma\/fr\/produit\/\u062d\u0628\u0648\u0628-\u0644\u0642\u0627\u062d-\u0627\u0644\u0646\u062d\u0644\/","og_locale":"fr_FR","og_type":"article","og_title":"\u062d\u0628\u0648\u0628 \u0644\u0642\u0627\u062d \u0627\u0644\u0646\u062d\u0644 - Tayeb","og_description":"\u062d\u0628\u0648\u0628 \u0644\u0642\u0627\u062d \u0627\u0644\u0646\u062d\u0644 \u0645\u0646 \u0627\u0644\u0645\u063a\u0631\u0628 \u0639\u0636\u0648\u064a \u0637\u0628\u064a\u0639\u064a \u0628\u064a\u0648 \u064a\u0628\u0627\u0639 \u0641\u064a \u0637\u0646\u062c\u0629 \u0627\u0644\u062f\u0627\u0631\u0627\u0644\u0628\u064a\u0636\u0627\u0621 \u0627\u0644\u0631\u0628\u0627\u0637.. Pollen d'abeille en vente \u00e0 Tanger Casablanca Rabat Morocco..","og_url":"https:\/\/www.tayeb.ma\/fr\/produit\/\u062d\u0628\u0648\u0628-\u0644\u0642\u0627\u062d-\u0627\u0644\u0646\u062d\u0644\/","og_site_name":"Tayeb","article_publisher":"https:\/\/www.facebook.com\/weTayeb","article_modified_time":"2025-01-20T19:51:52+00:00","og_image":[{"width":1292,"height":1432,"url":"https:\/\/www.tayeb.ma\/wp-content\/uploads\/2025\/01\/tayeb-pollen-03.png","type":"image\/png"}],"twitter_card":"summary_large_image","twitter_misc":{"Dur\u00e9e de lecture estim\u00e9e":"1 minute"},"schema":{"@context":"https:\/\/schema.org","@graph":[{"@type":"WebPage","@id":"https:\/\/www.tayeb.ma\/product\/%d8%ad%d8%a8%d9%88%d8%a8-%d9%84%d9%82%d8%a7%d8%ad-%d8%a7%d9%84%d9%86%d8%ad%d9%84\/","url":"https:\/\/www.tayeb.ma\/product\/%d8%ad%d8%a8%d9%88%d8%a8-%d9%84%d9%82%d8%a7%d8%ad-%d8%a7%d9%84%d9%86%d8%ad%d9%84\/","name":"\u062d\u0628\u0648\u0628 \u0644\u0642\u0627\u062d \u0627\u0644\u0646\u062d\u0644 - Tayeb","isPartOf":{"@id":"https:\/\/www.tayeb.ma\/#website"},"primaryImageOfPage":{"@id":"https:\/\/www.tayeb.ma\/product\/%d8%ad%d8%a8%d9%88%d8%a8-%d9%84%d9%82%d8%a7%d8%ad-%d8%a7%d9%84%d9%86%d8%ad%d9%84\/#primaryimage"},"image":{"@id":"https:\/\/www.tayeb.ma\/product\/%d8%ad%d8%a8%d9%88%d8%a8-%d9%84%d9%82%d8%a7%d8%ad-%d8%a7%d9%84%d9%86%d8%ad%d9%84\/#primaryimage"},"thumbnailUrl":"https:\/\/www.tayeb.ma\/wp-content\/uploads\/2025\/01\/tayeb-pollen-03.png","datePublished":"2025-01-12T23:43:18+00:00","dateModified":"2025-01-20T19:51:52+00:00","description":"\u062d\u0628\u0648\u0628 \u0644\u0642\u0627\u062d \u0627\u0644\u0646\u062d\u0644 \u0645\u0646 \u0627\u0644\u0645\u063a\u0631\u0628 \u0639\u0636\u0648\u064a \u0637\u0628\u064a\u0639\u064a \u0628\u064a\u0648 \u064a\u0628\u0627\u0639 \u0641\u064a \u0637\u0646\u062c\u0629 \u0627\u0644\u062f\u0627\u0631\u0627\u0644\u0628\u064a\u0636\u0627\u0621 \u0627\u0644\u0631\u0628\u0627\u0637.. Pollen d'abeille en vente \u00e0 Tanger Casablanca Rabat Morocco..","breadcrumb":{"@id":"https:\/\/www.tayeb.ma\/product\/%d8%ad%d8%a8%d9%88%d8%a8-%d9%84%d9%82%d8%a7%d8%ad-%d8%a7%d9%84%d9%86%d8%ad%d9%84\/#breadcrumb"},"inLanguage":"fr-FR","potentialAction":[{"@type":"ReadAction","target":["https:\/\/www.tayeb.ma\/product\/%d8%ad%d8%a8%d9%88%d8%a8-%d9%84%d9%82%d8%a7%d8%ad-%d8%a7%d9%84%d9%86%d8%ad%d9%84\/"]}]},{"@type":"ImageObject","inLanguage":"fr-FR","@id":"https:\/\/www.tayeb.ma\/product\/%d8%ad%d8%a8%d9%88%d8%a8-%d9%84%d9%82%d8%a7%d8%ad-%d8%a7%d9%84%d9%86%d8%ad%d9%84\/#primaryimage","url":"https:\/\/www.tayeb.ma\/wp-content\/uploads\/2025\/01\/tayeb-pollen-03.png","contentUrl":"https:\/\/www.tayeb.ma\/wp-content\/uploads\/2025\/01\/tayeb-pollen-03.png","width":1292,"height":1432},{"@type":"BreadcrumbList","@id":"https:\/\/www.tayeb.ma\/product\/%d8%ad%d8%a8%d9%88%d8%a8-%d9%84%d9%82%d8%a7%d8%ad-%d8%a7%d9%84%d9%86%d8%ad%d9%84\/#breadcrumb","itemListElement":[{"@type":"ListItem","position":1,"name":"Home","item":"https:\/\/www.tayeb.ma\/"},{"@type":"ListItem","position":2,"name":"\u0627\u0644\u0645\u062a\u062c\u0631","item":"https:\/\/www.tayeb.ma\/%d8%a7%d9%84%d9%85%d8%aa%d8%ac%d8%b1\/"},{"@type":"ListItem","position":3,"name":"\u062d\u0628\u0648\u0628 \u0644\u0642\u0627\u062d \u0627\u0644\u0646\u062d\u0644"}]},{"@type":"WebSite","@id":"https:\/\/www.tayeb.ma\/#website","url":"https:\/\/www.tayeb.ma\/","name":"Tayeb","description":"S\u00e9lection de produits du Terroir du Maroc","publisher":{"@id":"https:\/\/www.tayeb.ma\/#organization"},"potentialAction":[{"@type":"SearchAction","target":{"@type":"EntryPoint","urlTemplate":"https:\/\/www.tayeb.ma\/?s={search_term_string}"},"query-input":{"@type":"PropertyValueSpecification","valueRequired":true,"valueName":"search_term_string"}}],"inLanguage":"fr-FR"},{"@type":"Organization","@id":"https:\/\/www.tayeb.ma\/#organization","name":"Tayeb - \u0637\u064e\u064a\u0650\u0651\u0640\u0628","url":"https:\/\/www.tayeb.ma\/","logo":{"@type":"ImageObject","inLanguage":"fr-FR","@id":"https:\/\/www.tayeb.ma\/#\/schema\/logo\/image\/","url":"https:\/\/www.tayeb.ma\/wp-content\/uploads\/2025\/01\/tayeb-logo-01.svg","contentUrl":"https:\/\/www.tayeb.ma\/wp-content\/uploads\/2025\/01\/tayeb-logo-01.svg","width":142,"height":69,"caption":"Tayeb - \u0637\u064e\u064a\u0650\u0651\u0640\u0628"},"image":{"@id":"https:\/\/www.tayeb.ma\/#\/schema\/logo\/image\/"},"sameAs":["https:\/\/www.facebook.com\/weTayeb","https:\/\/www.instagram.com\/wetayeb\/"]}]}},"_links":{"self":[{"href":"https:\/\/www.tayeb.ma\/fr\/wp-json\/wp\/v2\/product\/7122","targetHints":{"allow":["GET"]}}],"collection":[{"href":"https:\/\/www.tayeb.ma\/fr\/wp-json\/wp\/v2\/product"}],"about":[{"href":"https:\/\/www.tayeb.ma\/fr\/wp-json\/wp\/v2\/types\/product"}],"wp:featuredmedia":[{"embeddable":true,"href":"https:\/\/www.tayeb.ma\/fr\/wp-json\/wp\/v2\/media\/7138"}],"wp:attachment":[{"href":"https:\/\/www.tayeb.ma\/fr\/wp-json\/wp\/v2\/media?parent=7122"}],"wp:term":[{"taxonomy":"product_cat","embeddable":true,"href":"https:\/\/www.tayeb.ma\/fr\/wp-json\/wp\/v2\/product_cat?post=7122"},{"taxonomy":"product_tag","embeddable":true,"href":"https:\/\/www.tayeb.ma\/fr\/wp-json\/wp\/v2\/product_tag?post=7122"}],"curies":[{"name":"wp","href":"https:\/\/api.w.org\/{rel}","templated":true}]}}